{"id":85,"date":"2020-02-28T15:40:36","date_gmt":"2020-02-28T14:40:36","guid":{"rendered":"https:\/\/www.crittm2a.com\/?page_id=85"},"modified":"2024-06-17T14:52:53","modified_gmt":"2024-06-17T12:52:53","slug":"85-2","status":"publish","type":"page","link":"https:\/\/www.crittm2a.com\/fr\/lentreprise\/85-2\/","title":{"rendered":"Cr\u00e9dit imp\u00f4t recherche"},"content":{"rendered":"<table style=\"border-collapse: collapse; width: 100%;\">\n<tbody>\n<tr>\n<td style=\"width: 74.7603%;\">\n<p class=\"intro\">Le <strong>CIR<\/strong> consiste en un cr\u00e9dit d&rsquo;imp\u00f4t attribu\u00e9 aux entreprises qui r\u00e9alisent ou sous-traitent des travaux de <strong>Recherche &amp; D\u00e9veloppement<\/strong>. Ce cr\u00e9dit s&rsquo;\u00e9l\u00e8ve \u00e0 30% des d\u00e9penses de R&amp;D jusqu&rsquo;\u00e0 100 M\u20ac et 5% au-del\u00e0 de ce montant.<\/p>\n<p>Les entreprises entrant pour la premi\u00e8re fois dans le dispositif b\u00e9n\u00e9ficient d&rsquo;un taux de 40% la premi\u00e8re ann\u00e9e, puis 35% la deuxi\u00e8me ann\u00e9e (sous conditions). <br \/>\nPeuvent b\u00e9n\u00e9ficier du CIR les entreprises soumises \u00e0 l&rsquo;imp\u00f4t sur les soci\u00e9t\u00e9s ou \u00e0 l&rsquo;imp\u00f4t sur le revenu dans la cat\u00e9gorie des b\u00e9n\u00e9fices industriels et commerciaux.<\/p>\n<p><strong>Entre autres d\u00e9penses, sont retenues les d\u00e9penses de R&amp;D confi\u00e9es \u00e0 des organismes agr\u00e9\u00e9s par le Minist\u00e8re de la Recherche, comme l&rsquo;est le CRITT M2A.<\/strong><\/p>\n<p>&nbsp;<\/p>\n<\/td>\n<td style=\"width: 2.82706%;\">\n<p class=\"intro\">\u00a0<\/p>\n<\/td>\n<td style=\"width: 22.4127%;\"><a href=\"https:\/\/www.enseignementsup-recherche.gouv.fr\/\" target=\"_blank\" rel=\"noopener noreferrer\"><img loading=\"lazy\" decoding=\"async\" class=\"wp-image-2554 aligncenter\" src=\"https:\/\/www.crittm2a.com\/wp-content\/uploads\/2020\/11\/MINISTERE-DE-LA-RECHERCHE-2-300x248.png\" alt=\"\" width=\"232\" height=\"192\" \/><\/a><a href=\"https:\/\/www.service-public.fr\/professionnels-entreprises\/vosdroits\/F23533\" target=\"_blank\" rel=\"noopener noreferrer\"><img loading=\"lazy\" decoding=\"async\" class=\"wp-image-2551 aligncenter\" src=\"https:\/\/www.crittm2a.com\/wp-content\/uploads\/2020\/11\/AGREMENT-CIR-300x300.png\" alt=\"\" width=\"130\" height=\"130\" \/><\/a><\/p>\n<\/td>\n<\/tr>\n<\/tbody>\n<\/table>\n<p>&nbsp;<\/p>\n","protected":false},"excerpt":{"rendered":"<p>Le CIR consiste en un cr\u00e9dit d&rsquo;imp\u00f4t attribu\u00e9 aux entreprises qui r\u00e9alisent ou sous-traitent des travaux de Recherche &amp; D\u00e9veloppement. [&hellip;]<\/p>\n","protected":false},"author":2,"featured_media":0,"parent":11,"menu_order":0,"comment_status":"closed","ping_status":"closed","template":"","meta":{"_acf_changed":false,"footnotes":""},"class_list":["post-85","page","type-page","status-publish","hentry"],"acf":[],"yoast_head":"<!-- This site is optimized with the Yoast SEO plugin v27.1.1 - https:\/\/yoast.com\/product\/yoast-seo-wordpress\/ -->\n<title>Critt M2A<\/title>\n<meta name=\"robots\" content=\"index, follow, max-snippet:-1, max-image-preview:large, max-video-preview:-1\" \/>\n<link rel=\"canonical\" href=\"https:\/\/www.crittm2a.com\/fr\/lentreprise\/85-2\/\" \/>\n<meta property=\"og:locale\" content=\"fr_FR\" \/>\n<meta property=\"og:type\" content=\"article\" \/>\n<meta property=\"og:title\" content=\"Cr\u00e9dit imp\u00f4t recherche Critt M2A\" \/>\n<meta property=\"og:description\" content=\"Le CIR consiste en un cr\u00e9dit d&rsquo;imp\u00f4t attribu\u00e9 aux entreprises qui r\u00e9alisent ou sous-traitent des travaux de Recherche &amp; D\u00e9veloppement. [&hellip;]\" \/>\n<meta property=\"og:url\" content=\"https:\/\/www.crittm2a.com\/fr\/lentreprise\/85-2\/\" \/>\n<meta property=\"og:site_name\" content=\"Critt M2A\" \/>\n<meta property=\"article:modified_time\" content=\"2024-06-17T12:52:53+00:00\" \/>\n<meta property=\"og:image\" content=\"https:\/\/www.crittm2a.com\/wp-content\/uploads\/2020\/11\/MINISTERE-DE-LA-RECHERCHE-2-300x248.png\" \/>\n<meta name=\"twitter:card\" content=\"summary_large_image\" \/>\n<meta name=\"twitter:site\" content=\"@critt_m2a\" \/>\n<meta name=\"twitter:label1\" content=\"Dur\u00e9e de lecture estim\u00e9e\" \/>\n\t<meta name=\"twitter:data1\" content=\"1 minute\" \/>\n<script type=\"application\/ld+json\" class=\"yoast-schema-graph\">{\"@context\":\"https:\/\/schema.org\",\"@graph\":[{\"@type\":\"WebPage\",\"@id\":\"https:\/\/www.crittm2a.com\/fr\/lentreprise\/85-2\/\",\"url\":\"https:\/\/www.crittm2a.com\/fr\/lentreprise\/85-2\/\",\"name\":\"Cr\u00e9dit imp\u00f4t recherche Critt M2A\",\"isPartOf\":{\"@id\":\"https:\/\/www.crittm2a.com\/fr\/#website\"},\"primaryImageOfPage\":{\"@id\":\"https:\/\/www.crittm2a.com\/fr\/lentreprise\/85-2\/#primaryimage\"},\"image\":{\"@id\":\"https:\/\/www.crittm2a.com\/fr\/lentreprise\/85-2\/#primaryimage\"},\"thumbnailUrl\":\"https:\/\/www.crittm2a.com\/wp-content\/uploads\/2020\/11\/MINISTERE-DE-LA-RECHERCHE-2-300x248.png\",\"datePublished\":\"2020-02-28T14:40:36+00:00\",\"dateModified\":\"2024-06-17T12:52:53+00:00\",\"breadcrumb\":{\"@id\":\"https:\/\/www.crittm2a.com\/fr\/lentreprise\/85-2\/#breadcrumb\"},\"inLanguage\":\"fr-FR\",\"potentialAction\":[{\"@type\":\"ReadAction\",\"target\":[\"https:\/\/www.crittm2a.com\/fr\/lentreprise\/85-2\/\"]}]},{\"@type\":\"ImageObject\",\"inLanguage\":\"fr-FR\",\"@id\":\"https:\/\/www.crittm2a.com\/fr\/lentreprise\/85-2\/#primaryimage\",\"url\":\"https:\/\/www.crittm2a.com\/wp-content\/uploads\/2020\/11\/MINISTERE-DE-LA-RECHERCHE-2-300x248.png\",\"contentUrl\":\"https:\/\/www.crittm2a.com\/wp-content\/uploads\/2020\/11\/MINISTERE-DE-LA-RECHERCHE-2-300x248.png\"},{\"@type\":\"BreadcrumbList\",\"@id\":\"https:\/\/www.crittm2a.com\/fr\/lentreprise\/85-2\/#breadcrumb\",\"itemListElement\":[{\"@type\":\"ListItem\",\"position\":1,\"name\":\"Accueil\",\"item\":\"https:\/\/www.crittm2a.com\/fr\/\"},{\"@type\":\"ListItem\",\"position\":2,\"name\":\"L&rsquo;entreprise\",\"item\":\"https:\/\/www.crittm2a.com\/fr\/lentreprise\/\"},{\"@type\":\"ListItem\",\"position\":3,\"name\":\"Cr\u00e9dit imp\u00f4t recherche\"}]},{\"@type\":\"WebSite\",\"@id\":\"https:\/\/www.crittm2a.com\/fr\/#website\",\"url\":\"https:\/\/www.crittm2a.com\/fr\/\",\"name\":\"Critt M2A\",\"description\":\"\",\"publisher\":{\"@id\":\"https:\/\/www.crittm2a.com\/fr\/#organization\"},\"potentialAction\":[{\"@type\":\"SearchAction\",\"target\":{\"@type\":\"EntryPoint\",\"urlTemplate\":\"https:\/\/www.crittm2a.com\/fr\/?s={search_term_string}\"},\"query-input\":{\"@type\":\"PropertyValueSpecification\",\"valueRequired\":true,\"valueName\":\"search_term_string\"}}],\"inLanguage\":\"fr-FR\"},{\"@type\":\"Organization\",\"@id\":\"https:\/\/www.crittm2a.com\/fr\/#organization\",\"name\":\"CrittM2A\",\"url\":\"https:\/\/www.crittm2a.com\/fr\/\",\"logo\":{\"@type\":\"ImageObject\",\"inLanguage\":\"fr-FR\",\"@id\":\"https:\/\/www.crittm2a.com\/fr\/#\/schema\/logo\/image\/\",\"url\":\"https:\/\/www.crittm2a.com\/wp-content\/uploads\/2025\/09\/logotype-critt_signature-COULEUR.jpg\",\"contentUrl\":\"https:\/\/www.crittm2a.com\/wp-content\/uploads\/2025\/09\/logotype-critt_signature-COULEUR.jpg\",\"width\":1476,\"height\":536,\"caption\":\"CrittM2A\"},\"image\":{\"@id\":\"https:\/\/www.crittm2a.com\/fr\/#\/schema\/logo\/image\/\"},\"sameAs\":[\"https:\/\/x.com\/critt_m2a\",\"https:\/\/www.linkedin.com\/company\/sas-critt-m2a\/?viewAsMember=true\"]}]}<\/script>\n<!-- \/ Yoast SEO plugin. -->","yoast_head_json":{"title":"Critt M2A","robots":{"index":"index","follow":"follow","max-snippet":"max-snippet:-1","max-image-preview":"max-image-preview:large","max-video-preview":"max-video-preview:-1"},"canonical":"https:\/\/www.crittm2a.com\/fr\/lentreprise\/85-2\/","og_locale":"fr_FR","og_type":"article","og_title":"Cr\u00e9dit imp\u00f4t recherche Critt M2A","og_description":"Le CIR consiste en un cr\u00e9dit d&rsquo;imp\u00f4t attribu\u00e9 aux entreprises qui r\u00e9alisent ou sous-traitent des travaux de Recherche &amp; D\u00e9veloppement. [&hellip;]","og_url":"https:\/\/www.crittm2a.com\/fr\/lentreprise\/85-2\/","og_site_name":"Critt M2A","article_modified_time":"2024-06-17T12:52:53+00:00","og_image":[{"url":"https:\/\/www.crittm2a.com\/wp-content\/uploads\/2020\/11\/MINISTERE-DE-LA-RECHERCHE-2-300x248.png","type":"","width":"","height":""}],"twitter_card":"summary_large_image","twitter_site":"@critt_m2a","twitter_misc":{"Dur\u00e9e de lecture estim\u00e9e":"1 minute"},"schema":{"@context":"https:\/\/schema.org","@graph":[{"@type":"WebPage","@id":"https:\/\/www.crittm2a.com\/fr\/lentreprise\/85-2\/","url":"https:\/\/www.crittm2a.com\/fr\/lentreprise\/85-2\/","name":"Cr\u00e9dit imp\u00f4t recherche Critt M2A","isPartOf":{"@id":"https:\/\/www.crittm2a.com\/fr\/#website"},"primaryImageOfPage":{"@id":"https:\/\/www.crittm2a.com\/fr\/lentreprise\/85-2\/#primaryimage"},"image":{"@id":"https:\/\/www.crittm2a.com\/fr\/lentreprise\/85-2\/#primaryimage"},"thumbnailUrl":"https:\/\/www.crittm2a.com\/wp-content\/uploads\/2020\/11\/MINISTERE-DE-LA-RECHERCHE-2-300x248.png","datePublished":"2020-02-28T14:40:36+00:00","dateModified":"2024-06-17T12:52:53+00:00","breadcrumb":{"@id":"https:\/\/www.crittm2a.com\/fr\/lentreprise\/85-2\/#breadcrumb"},"inLanguage":"fr-FR","potentialAction":[{"@type":"ReadAction","target":["https:\/\/www.crittm2a.com\/fr\/lentreprise\/85-2\/"]}]},{"@type":"ImageObject","inLanguage":"fr-FR","@id":"https:\/\/www.crittm2a.com\/fr\/lentreprise\/85-2\/#primaryimage","url":"https:\/\/www.crittm2a.com\/wp-content\/uploads\/2020\/11\/MINISTERE-DE-LA-RECHERCHE-2-300x248.png","contentUrl":"https:\/\/www.crittm2a.com\/wp-content\/uploads\/2020\/11\/MINISTERE-DE-LA-RECHERCHE-2-300x248.png"},{"@type":"BreadcrumbList","@id":"https:\/\/www.crittm2a.com\/fr\/lentreprise\/85-2\/#breadcrumb","itemListElement":[{"@type":"ListItem","position":1,"name":"Accueil","item":"https:\/\/www.crittm2a.com\/fr\/"},{"@type":"ListItem","position":2,"name":"L&rsquo;entreprise","item":"https:\/\/www.crittm2a.com\/fr\/lentreprise\/"},{"@type":"ListItem","position":3,"name":"Cr\u00e9dit imp\u00f4t recherche"}]},{"@type":"WebSite","@id":"https:\/\/www.crittm2a.com\/fr\/#website","url":"https:\/\/www.crittm2a.com\/fr\/","name":"Critt M2A","description":"","publisher":{"@id":"https:\/\/www.crittm2a.com\/fr\/#organization"},"potentialAction":[{"@type":"SearchAction","target":{"@type":"EntryPoint","urlTemplate":"https:\/\/www.crittm2a.com\/fr\/?s={search_term_string}"},"query-input":{"@type":"PropertyValueSpecification","valueRequired":true,"valueName":"search_term_string"}}],"inLanguage":"fr-FR"},{"@type":"Organization","@id":"https:\/\/www.crittm2a.com\/fr\/#organization","name":"CrittM2A","url":"https:\/\/www.crittm2a.com\/fr\/","logo":{"@type":"ImageObject","inLanguage":"fr-FR","@id":"https:\/\/www.crittm2a.com\/fr\/#\/schema\/logo\/image\/","url":"https:\/\/www.crittm2a.com\/wp-content\/uploads\/2025\/09\/logotype-critt_signature-COULEUR.jpg","contentUrl":"https:\/\/www.crittm2a.com\/wp-content\/uploads\/2025\/09\/logotype-critt_signature-COULEUR.jpg","width":1476,"height":536,"caption":"CrittM2A"},"image":{"@id":"https:\/\/www.crittm2a.com\/fr\/#\/schema\/logo\/image\/"},"sameAs":["https:\/\/x.com\/critt_m2a","https:\/\/www.linkedin.com\/company\/sas-critt-m2a\/?viewAsMember=true"]}]}},"jetpack_sharing_enabled":true,"_links":{"self":[{"href":"https:\/\/www.crittm2a.com\/fr\/wp-json\/wp\/v2\/pages\/85","targetHints":{"allow":["GET"]}}],"collection":[{"href":"https:\/\/www.crittm2a.com\/fr\/wp-json\/wp\/v2\/pages"}],"about":[{"href":"https:\/\/www.crittm2a.com\/fr\/wp-json\/wp\/v2\/types\/page"}],"author":[{"embeddable":true,"href":"https:\/\/www.crittm2a.com\/fr\/wp-json\/wp\/v2\/users\/2"}],"replies":[{"embeddable":true,"href":"https:\/\/www.crittm2a.com\/fr\/wp-json\/wp\/v2\/comments?post=85"}],"version-history":[{"count":28,"href":"https:\/\/www.crittm2a.com\/fr\/wp-json\/wp\/v2\/pages\/85\/revisions"}],"predecessor-version":[{"id":4213,"href":"https:\/\/www.crittm2a.com\/fr\/wp-json\/wp\/v2\/pages\/85\/revisions\/4213"}],"up":[{"embeddable":true,"href":"https:\/\/www.crittm2a.com\/fr\/wp-json\/wp\/v2\/pages\/11"}],"wp:attachment":[{"href":"https:\/\/www.crittm2a.com\/fr\/wp-json\/wp\/v2\/media?parent=85"}],"curies":[{"name":"wp","href":"https:\/\/api.w.org\/{rel}","templated":true}]}}