{"id":5140,"date":"2025-07-17T15:06:27","date_gmt":"2025-07-17T13:06:27","guid":{"rendered":"https:\/\/www.crittm2a.com\/fr\/?page_id=5140"},"modified":"2026-01-07T13:53:26","modified_gmt":"2026-01-07T12:53:26","slug":"sytec-2025","status":"publish","type":"page","link":"https:\/\/www.crittm2a.com\/fr\/sytec-2025\/","title":{"rendered":"Le SYTEC"},"content":{"rendered":"<h2><strong data-start=\"115\" data-end=\"172\">La journ\u00e9e technique du CRITT M2A<\/strong><\/h2>\n<p data-start=\"174\" data-end=\"508\">Organis\u00e9 tous les deux ans au mois d\u2019octobre, le CRITT M2A organise le <strong data-start=\"213\" data-end=\"222\">SYTEC<\/strong>, une journ\u00e9e incontournable d\u00e9di\u00e9e aux \u00e9changes techniques et \u00e0 l\u2019innovation dans le domaine de la mobilit\u00e9 et des essais. Cet \u00e9v\u00e9nement r\u00e9unit industriels, partenaires, experts et acteurs acad\u00e9miques autour de conf\u00e9rences, de retours d\u2019exp\u00e9rience et de temps de partage privil\u00e9gi\u00e9s.<\/p>\n<p data-start=\"510\" data-end=\"755\">Le SYTEC offre l\u2019opportunit\u00e9 de d\u00e9couvrir les <strong data-start=\"556\" data-end=\"583\">avanc\u00e9es technologiques<\/strong>, les <strong data-start=\"589\" data-end=\"622\">nouveaux projets du CRITT M2A<\/strong> et les <strong data-start=\"630\" data-end=\"663\">tendances majeures du secteur<\/strong>, notamment dans les essais batteries, l\u2019\u00e9lectromobilit\u00e9 et les moyens d\u2019essais de demain.<\/p>\n<p data-start=\"757\" data-end=\"925\">Plus qu\u2019un simple rendez-vous technique, le SYTEC est un lieu de rencontres favorisant les collaborations, le networking et la construction des innovations de demain.<\/p>\n<p data-start=\"757\" data-end=\"925\">Retrouvez ici les sites d\u00e9di\u00e9s au SYTEC<\/p>\n<p><a href=\"https:\/\/sytec2025.crittm2a.com\/\" target=\"_blank\" rel=\"noopener\"><img loading=\"lazy\" decoding=\"async\" class=\"wp-image-5365 alignleft\" src=\"https:\/\/www.crittm2a.com\/wp-content\/uploads\/2026\/01\/Sans-titre-297-x-210-mm-1.jpg\" alt=\"\" width=\"478\" height=\"313\" \/><\/a><\/p>\n<p><a href=\"https:\/\/pressbook.crittm2a.com\/\" target=\"_blank\" rel=\"noopener\"><img loading=\"lazy\" decoding=\"async\" class=\"wp-image-5364 \" src=\"https:\/\/www.crittm2a.com\/wp-content\/uploads\/2026\/01\/Sans-titre-297-x-210-mm.jpg\" alt=\"\" width=\"479\" height=\"320\" \/><\/a><\/p>\n<p>&nbsp;<\/p>\n<p>&nbsp;<\/p>\n<p>&nbsp;<\/p>\n<p>&nbsp;<\/p>\n<p>&nbsp;<\/p>\n<p data-start=\"757\" data-end=\"925\">\n","protected":false},"excerpt":{"rendered":"<p>La journ\u00e9e technique du CRITT M2A Organis\u00e9 tous les deux ans au mois d\u2019octobre, le CRITT M2A organise le SYTEC, [&hellip;]<\/p>\n","protected":false},"author":3,"featured_media":0,"parent":0,"menu_order":0,"comment_status":"closed","ping_status":"closed","template":"","meta":{"_acf_changed":false,"footnotes":""},"class_list":["post-5140","page","type-page","status-publish","hentry"],"acf":[],"yoast_head":"<!-- This site is optimized with the Yoast SEO plugin v27.1.1 - https:\/\/yoast.com\/product\/yoast-seo-wordpress\/ -->\n<title>Critt M2A<\/title>\n<meta name=\"robots\" content=\"index, follow, max-snippet:-1, max-image-preview:large, max-video-preview:-1\" \/>\n<link rel=\"canonical\" href=\"https:\/\/www.crittm2a.com\/fr\/sytec-2025\/\" \/>\n<meta property=\"og:locale\" content=\"fr_FR\" \/>\n<meta property=\"og:type\" content=\"article\" \/>\n<meta property=\"og:title\" content=\"Le SYTEC Critt M2A\" \/>\n<meta property=\"og:description\" content=\"La journ\u00e9e technique du CRITT M2A Organis\u00e9 tous les deux ans au mois d\u2019octobre, le CRITT M2A organise le SYTEC, [&hellip;]\" \/>\n<meta property=\"og:url\" content=\"https:\/\/www.crittm2a.com\/fr\/sytec-2025\/\" \/>\n<meta property=\"og:site_name\" content=\"Critt M2A\" \/>\n<meta property=\"article:modified_time\" content=\"2026-01-07T12:53:26+00:00\" \/>\n<meta property=\"og:image\" content=\"https:\/\/www.crittm2a.com\/wp-content\/uploads\/2026\/01\/Sans-titre-297-x-210-mm-1.jpg\" \/>\n\t<meta property=\"og:image:width\" content=\"2000\" \/>\n\t<meta property=\"og:image:height\" content=\"1311\" \/>\n\t<meta property=\"og:image:type\" content=\"image\/jpeg\" \/>\n<meta name=\"twitter:card\" content=\"summary_large_image\" \/>\n<meta name=\"twitter:site\" content=\"@critt_m2a\" \/>\n<meta name=\"twitter:label1\" content=\"Dur\u00e9e de lecture estim\u00e9e\" \/>\n\t<meta name=\"twitter:data1\" content=\"2 minutes\" \/>\n<script type=\"application\/ld+json\" class=\"yoast-schema-graph\">{\"@context\":\"https:\/\/schema.org\",\"@graph\":[{\"@type\":\"WebPage\",\"@id\":\"https:\/\/www.crittm2a.com\/fr\/sytec-2025\/\",\"url\":\"https:\/\/www.crittm2a.com\/fr\/sytec-2025\/\",\"name\":\"Le SYTEC Critt M2A\",\"isPartOf\":{\"@id\":\"https:\/\/www.crittm2a.com\/fr\/#website\"},\"primaryImageOfPage\":{\"@id\":\"https:\/\/www.crittm2a.com\/fr\/sytec-2025\/#primaryimage\"},\"image\":{\"@id\":\"https:\/\/www.crittm2a.com\/fr\/sytec-2025\/#primaryimage\"},\"thumbnailUrl\":\"https:\/\/www.crittm2a.com\/wp-content\/uploads\/2026\/01\/Sans-titre-297-x-210-mm-1.jpg\",\"datePublished\":\"2025-07-17T13:06:27+00:00\",\"dateModified\":\"2026-01-07T12:53:26+00:00\",\"breadcrumb\":{\"@id\":\"https:\/\/www.crittm2a.com\/fr\/sytec-2025\/#breadcrumb\"},\"inLanguage\":\"fr-FR\",\"potentialAction\":[{\"@type\":\"ReadAction\",\"target\":[\"https:\/\/www.crittm2a.com\/fr\/sytec-2025\/\"]}]},{\"@type\":\"ImageObject\",\"inLanguage\":\"fr-FR\",\"@id\":\"https:\/\/www.crittm2a.com\/fr\/sytec-2025\/#primaryimage\",\"url\":\"https:\/\/www.crittm2a.com\/wp-content\/uploads\/2026\/01\/Sans-titre-297-x-210-mm-1.jpg\",\"contentUrl\":\"https:\/\/www.crittm2a.com\/wp-content\/uploads\/2026\/01\/Sans-titre-297-x-210-mm-1.jpg\"},{\"@type\":\"BreadcrumbList\",\"@id\":\"https:\/\/www.crittm2a.com\/fr\/sytec-2025\/#breadcrumb\",\"itemListElement\":[{\"@type\":\"ListItem\",\"position\":1,\"name\":\"Accueil\",\"item\":\"https:\/\/www.crittm2a.com\/fr\/\"},{\"@type\":\"ListItem\",\"position\":2,\"name\":\"Le SYTEC\"}]},{\"@type\":\"WebSite\",\"@id\":\"https:\/\/www.crittm2a.com\/fr\/#website\",\"url\":\"https:\/\/www.crittm2a.com\/fr\/\",\"name\":\"Critt M2A\",\"description\":\"\",\"publisher\":{\"@id\":\"https:\/\/www.crittm2a.com\/fr\/#organization\"},\"potentialAction\":[{\"@type\":\"SearchAction\",\"target\":{\"@type\":\"EntryPoint\",\"urlTemplate\":\"https:\/\/www.crittm2a.com\/fr\/?s={search_term_string}\"},\"query-input\":{\"@type\":\"PropertyValueSpecification\",\"valueRequired\":true,\"valueName\":\"search_term_string\"}}],\"inLanguage\":\"fr-FR\"},{\"@type\":\"Organization\",\"@id\":\"https:\/\/www.crittm2a.com\/fr\/#organization\",\"name\":\"CrittM2A\",\"url\":\"https:\/\/www.crittm2a.com\/fr\/\",\"logo\":{\"@type\":\"ImageObject\",\"inLanguage\":\"fr-FR\",\"@id\":\"https:\/\/www.crittm2a.com\/fr\/#\/schema\/logo\/image\/\",\"url\":\"https:\/\/www.crittm2a.com\/wp-content\/uploads\/2025\/09\/logotype-critt_signature-COULEUR.jpg\",\"contentUrl\":\"https:\/\/www.crittm2a.com\/wp-content\/uploads\/2025\/09\/logotype-critt_signature-COULEUR.jpg\",\"width\":1476,\"height\":536,\"caption\":\"CrittM2A\"},\"image\":{\"@id\":\"https:\/\/www.crittm2a.com\/fr\/#\/schema\/logo\/image\/\"},\"sameAs\":[\"https:\/\/x.com\/critt_m2a\",\"https:\/\/www.linkedin.com\/company\/sas-critt-m2a\/?viewAsMember=true\"]}]}<\/script>\n<!-- \/ Yoast SEO plugin. -->","yoast_head_json":{"title":"Critt M2A","robots":{"index":"index","follow":"follow","max-snippet":"max-snippet:-1","max-image-preview":"max-image-preview:large","max-video-preview":"max-video-preview:-1"},"canonical":"https:\/\/www.crittm2a.com\/fr\/sytec-2025\/","og_locale":"fr_FR","og_type":"article","og_title":"Le SYTEC Critt M2A","og_description":"La journ\u00e9e technique du CRITT M2A Organis\u00e9 tous les deux ans au mois d\u2019octobre, le CRITT M2A organise le SYTEC, [&hellip;]","og_url":"https:\/\/www.crittm2a.com\/fr\/sytec-2025\/","og_site_name":"Critt M2A","article_modified_time":"2026-01-07T12:53:26+00:00","og_image":[{"width":2000,"height":1311,"url":"https:\/\/www.crittm2a.com\/wp-content\/uploads\/2026\/01\/Sans-titre-297-x-210-mm-1.jpg","type":"image\/jpeg"}],"twitter_card":"summary_large_image","twitter_site":"@critt_m2a","twitter_misc":{"Dur\u00e9e de lecture estim\u00e9e":"2 minutes"},"schema":{"@context":"https:\/\/schema.org","@graph":[{"@type":"WebPage","@id":"https:\/\/www.crittm2a.com\/fr\/sytec-2025\/","url":"https:\/\/www.crittm2a.com\/fr\/sytec-2025\/","name":"Le SYTEC Critt M2A","isPartOf":{"@id":"https:\/\/www.crittm2a.com\/fr\/#website"},"primaryImageOfPage":{"@id":"https:\/\/www.crittm2a.com\/fr\/sytec-2025\/#primaryimage"},"image":{"@id":"https:\/\/www.crittm2a.com\/fr\/sytec-2025\/#primaryimage"},"thumbnailUrl":"https:\/\/www.crittm2a.com\/wp-content\/uploads\/2026\/01\/Sans-titre-297-x-210-mm-1.jpg","datePublished":"2025-07-17T13:06:27+00:00","dateModified":"2026-01-07T12:53:26+00:00","breadcrumb":{"@id":"https:\/\/www.crittm2a.com\/fr\/sytec-2025\/#breadcrumb"},"inLanguage":"fr-FR","potentialAction":[{"@type":"ReadAction","target":["https:\/\/www.crittm2a.com\/fr\/sytec-2025\/"]}]},{"@type":"ImageObject","inLanguage":"fr-FR","@id":"https:\/\/www.crittm2a.com\/fr\/sytec-2025\/#primaryimage","url":"https:\/\/www.crittm2a.com\/wp-content\/uploads\/2026\/01\/Sans-titre-297-x-210-mm-1.jpg","contentUrl":"https:\/\/www.crittm2a.com\/wp-content\/uploads\/2026\/01\/Sans-titre-297-x-210-mm-1.jpg"},{"@type":"BreadcrumbList","@id":"https:\/\/www.crittm2a.com\/fr\/sytec-2025\/#breadcrumb","itemListElement":[{"@type":"ListItem","position":1,"name":"Accueil","item":"https:\/\/www.crittm2a.com\/fr\/"},{"@type":"ListItem","position":2,"name":"Le SYTEC"}]},{"@type":"WebSite","@id":"https:\/\/www.crittm2a.com\/fr\/#website","url":"https:\/\/www.crittm2a.com\/fr\/","name":"Critt M2A","description":"","publisher":{"@id":"https:\/\/www.crittm2a.com\/fr\/#organization"},"potentialAction":[{"@type":"SearchAction","target":{"@type":"EntryPoint","urlTemplate":"https:\/\/www.crittm2a.com\/fr\/?s={search_term_string}"},"query-input":{"@type":"PropertyValueSpecification","valueRequired":true,"valueName":"search_term_string"}}],"inLanguage":"fr-FR"},{"@type":"Organization","@id":"https:\/\/www.crittm2a.com\/fr\/#organization","name":"CrittM2A","url":"https:\/\/www.crittm2a.com\/fr\/","logo":{"@type":"ImageObject","inLanguage":"fr-FR","@id":"https:\/\/www.crittm2a.com\/fr\/#\/schema\/logo\/image\/","url":"https:\/\/www.crittm2a.com\/wp-content\/uploads\/2025\/09\/logotype-critt_signature-COULEUR.jpg","contentUrl":"https:\/\/www.crittm2a.com\/wp-content\/uploads\/2025\/09\/logotype-critt_signature-COULEUR.jpg","width":1476,"height":536,"caption":"CrittM2A"},"image":{"@id":"https:\/\/www.crittm2a.com\/fr\/#\/schema\/logo\/image\/"},"sameAs":["https:\/\/x.com\/critt_m2a","https:\/\/www.linkedin.com\/company\/sas-critt-m2a\/?viewAsMember=true"]}]}},"jetpack_sharing_enabled":true,"_links":{"self":[{"href":"https:\/\/www.crittm2a.com\/fr\/wp-json\/wp\/v2\/pages\/5140","targetHints":{"allow":["GET"]}}],"collection":[{"href":"https:\/\/www.crittm2a.com\/fr\/wp-json\/wp\/v2\/pages"}],"about":[{"href":"https:\/\/www.crittm2a.com\/fr\/wp-json\/wp\/v2\/types\/page"}],"author":[{"embeddable":true,"href":"https:\/\/www.crittm2a.com\/fr\/wp-json\/wp\/v2\/users\/3"}],"replies":[{"embeddable":true,"href":"https:\/\/www.crittm2a.com\/fr\/wp-json\/wp\/v2\/comments?post=5140"}],"version-history":[{"count":23,"href":"https:\/\/www.crittm2a.com\/fr\/wp-json\/wp\/v2\/pages\/5140\/revisions"}],"predecessor-version":[{"id":5376,"href":"https:\/\/www.crittm2a.com\/fr\/wp-json\/wp\/v2\/pages\/5140\/revisions\/5376"}],"wp:attachment":[{"href":"https:\/\/www.crittm2a.com\/fr\/wp-json\/wp\/v2\/media?parent=5140"}],"curies":[{"name":"wp","href":"https:\/\/api.w.org\/{rel}","templated":true}]}}