{"id":4872,"date":"2025-01-21T15:47:49","date_gmt":"2025-01-21T14:47:49","guid":{"rendered":"https:\/\/www.crittm2a.com\/fr\/?page_id=4872"},"modified":"2025-01-30T15:35:21","modified_gmt":"2025-01-30T14:35:21","slug":"nogebat-rd","status":"publish","type":"page","link":"https:\/\/www.crittm2a.com\/fr\/nogebat-rd\/","title":{"rendered":"NOGEBAT R&#038;D"},"content":{"rendered":"<p>Le projet NOGEBAT R&amp;D, centr\u00e9 sur le d\u00e9veloppement de la R&amp;D interne \u00e0 l\u2019entreprise, permettra au CRITT M2A de :<\/p>\n<ul>\n<li>Se doter d\u2019une brique technologique num\u00e9rique pour les essais batteries, brique technologique tr\u00e8s compl\u00e9mentaire des essais exp\u00e9rimentaux qui permet de prendre un virage num\u00e9rique d\u2019une part, de proposer une offre diff\u00e9renciante au march\u00e9 d\u2019autre part et enfin d\u2019apporter des solutions de comp\u00e9titivit\u00e9 pour la r\u00e9duction des co\u00fbts et du d\u00e9lai des essais. La plateforme digitale permettra de proposer des essais virtuels et hybrides bas\u00e9es sur des mod\u00e8les multi-physiques (VITESS).\n<\/li>\n<li>Cr\u00e9er une plateforme innovante et originale dans le cadre d\u2019un partenariat universitaire qui apportera son expertise afin d\u2019apporter au march\u00e9 une solution industrielle inexistante sur le territoire Fran\u00e7ais dans le domaine d\u2019analyse \u00e0 l\u2019\u00e9chelle microscopique de l\u2019int\u00e9rieur d\u2019une batterie dans le but de caract\u00e9riser d\u2019un point de vue physico et \u00e9lectro-chimique ses composants (analyses post-mortem, mat\u00e9riaux, \u00e9lectrodes, s\u00e9parateur, \u00e9lectrolyte, etc.). Ces analyses essentielles pour les d\u00e9veloppeurs et les producteurs de nouvelles g\u00e9n\u00e9rations de batteries permettront d\u2019apporter de nouvelles solutions innovantes pour optimiser la performance (notamment \u00e9nerg\u00e9tique) et la dur\u00e9e de vie des batteries. Les analyses permettent de param\u00e9trer le mod\u00e8le avec des caract\u00e9ristiques physico-chimiques et d\u2019\u00e9largir la cha\u00eene de valeur R&amp;D sur la th\u00e9matique du vieillissement des batteries.<\/li>\n<\/ul>\n<p>Ce projet est soutenu par l\u2019Union europ\u00e9enne et la R\u00e9gion Hauts-de France dans le cadre du Fond de Transition Juste.<\/p>\n<p>&nbsp;<\/p>\n<table style=\"border-collapse: collapse; width: 100%;\">\n<tbody>\n<tr>\n<td style=\"width: 100%;\"><img loading=\"lazy\" decoding=\"async\" class=\"size-full wp-image-4901 alignleft\" src=\"https:\/\/www.crittm2a.com\/wp-content\/uploads\/2025\/01\/UE.png\" alt=\"\" width=\"223\" height=\"226\" \/><\/td>\n<\/tr>\n<\/tbody>\n<\/table>\n","protected":false},"excerpt":{"rendered":"<p>Le projet NOGEBAT R&amp;D, centr\u00e9 sur le d\u00e9veloppement de la R&amp;D interne \u00e0 l\u2019entreprise, permettra au CRITT M2A de : [&hellip;]<\/p>\n","protected":false},"author":3,"featured_media":0,"parent":0,"menu_order":0,"comment_status":"closed","ping_status":"closed","template":"","meta":{"_acf_changed":false,"footnotes":""},"class_list":["post-4872","page","type-page","status-publish","hentry"],"acf":[],"yoast_head":"<!-- This site is optimized with the Yoast SEO plugin v27.1.1 - https:\/\/yoast.com\/product\/yoast-seo-wordpress\/ -->\n<title>Critt M2A<\/title>\n<meta name=\"robots\" content=\"index, follow, max-snippet:-1, max-image-preview:large, max-video-preview:-1\" \/>\n<link rel=\"canonical\" href=\"https:\/\/www.crittm2a.com\/fr\/nogebat-rd\/\" \/>\n<meta property=\"og:locale\" content=\"fr_FR\" \/>\n<meta property=\"og:type\" content=\"article\" \/>\n<meta property=\"og:title\" content=\"NOGEBAT R&amp;D Critt M2A\" \/>\n<meta property=\"og:description\" content=\"Le projet NOGEBAT R&amp;D, centr\u00e9 sur le d\u00e9veloppement de la R&amp;D interne \u00e0 l\u2019entreprise, permettra au CRITT M2A de : [&hellip;]\" \/>\n<meta property=\"og:url\" content=\"https:\/\/www.crittm2a.com\/fr\/nogebat-rd\/\" \/>\n<meta property=\"og:site_name\" content=\"Critt M2A\" \/>\n<meta property=\"article:modified_time\" content=\"2025-01-30T14:35:21+00:00\" \/>\n<meta property=\"og:image\" content=\"https:\/\/www.crittm2a.com\/wp-content\/uploads\/2025\/01\/UE.png\" \/>\n\t<meta property=\"og:image:width\" content=\"223\" \/>\n\t<meta property=\"og:image:height\" content=\"226\" \/>\n\t<meta property=\"og:image:type\" content=\"image\/png\" \/>\n<meta name=\"twitter:card\" content=\"summary_large_image\" \/>\n<meta name=\"twitter:site\" content=\"@critt_m2a\" \/>\n<meta name=\"twitter:label1\" content=\"Dur\u00e9e de lecture estim\u00e9e\" \/>\n\t<meta name=\"twitter:data1\" content=\"1 minute\" \/>\n<script type=\"application\/ld+json\" class=\"yoast-schema-graph\">{\"@context\":\"https:\/\/schema.org\",\"@graph\":[{\"@type\":\"WebPage\",\"@id\":\"https:\/\/www.crittm2a.com\/fr\/nogebat-rd\/\",\"url\":\"https:\/\/www.crittm2a.com\/fr\/nogebat-rd\/\",\"name\":\"NOGEBAT R&D Critt M2A\",\"isPartOf\":{\"@id\":\"https:\/\/www.crittm2a.com\/fr\/#website\"},\"primaryImageOfPage\":{\"@id\":\"https:\/\/www.crittm2a.com\/fr\/nogebat-rd\/#primaryimage\"},\"image\":{\"@id\":\"https:\/\/www.crittm2a.com\/fr\/nogebat-rd\/#primaryimage\"},\"thumbnailUrl\":\"https:\/\/www.crittm2a.com\/wp-content\/uploads\/2025\/01\/UE.png\",\"datePublished\":\"2025-01-21T14:47:49+00:00\",\"dateModified\":\"2025-01-30T14:35:21+00:00\",\"breadcrumb\":{\"@id\":\"https:\/\/www.crittm2a.com\/fr\/nogebat-rd\/#breadcrumb\"},\"inLanguage\":\"fr-FR\",\"potentialAction\":[{\"@type\":\"ReadAction\",\"target\":[\"https:\/\/www.crittm2a.com\/fr\/nogebat-rd\/\"]}]},{\"@type\":\"ImageObject\",\"inLanguage\":\"fr-FR\",\"@id\":\"https:\/\/www.crittm2a.com\/fr\/nogebat-rd\/#primaryimage\",\"url\":\"https:\/\/www.crittm2a.com\/wp-content\/uploads\/2025\/01\/UE.png\",\"contentUrl\":\"https:\/\/www.crittm2a.com\/wp-content\/uploads\/2025\/01\/UE.png\"},{\"@type\":\"BreadcrumbList\",\"@id\":\"https:\/\/www.crittm2a.com\/fr\/nogebat-rd\/#breadcrumb\",\"itemListElement\":[{\"@type\":\"ListItem\",\"position\":1,\"name\":\"Accueil\",\"item\":\"https:\/\/www.crittm2a.com\/fr\/\"},{\"@type\":\"ListItem\",\"position\":2,\"name\":\"NOGEBAT R&#038;D\"}]},{\"@type\":\"WebSite\",\"@id\":\"https:\/\/www.crittm2a.com\/fr\/#website\",\"url\":\"https:\/\/www.crittm2a.com\/fr\/\",\"name\":\"Critt M2A\",\"description\":\"\",\"publisher\":{\"@id\":\"https:\/\/www.crittm2a.com\/fr\/#organization\"},\"potentialAction\":[{\"@type\":\"SearchAction\",\"target\":{\"@type\":\"EntryPoint\",\"urlTemplate\":\"https:\/\/www.crittm2a.com\/fr\/?s={search_term_string}\"},\"query-input\":{\"@type\":\"PropertyValueSpecification\",\"valueRequired\":true,\"valueName\":\"search_term_string\"}}],\"inLanguage\":\"fr-FR\"},{\"@type\":\"Organization\",\"@id\":\"https:\/\/www.crittm2a.com\/fr\/#organization\",\"name\":\"CrittM2A\",\"url\":\"https:\/\/www.crittm2a.com\/fr\/\",\"logo\":{\"@type\":\"ImageObject\",\"inLanguage\":\"fr-FR\",\"@id\":\"https:\/\/www.crittm2a.com\/fr\/#\/schema\/logo\/image\/\",\"url\":\"https:\/\/www.crittm2a.com\/wp-content\/uploads\/2025\/09\/logotype-critt_signature-COULEUR.jpg\",\"contentUrl\":\"https:\/\/www.crittm2a.com\/wp-content\/uploads\/2025\/09\/logotype-critt_signature-COULEUR.jpg\",\"width\":1476,\"height\":536,\"caption\":\"CrittM2A\"},\"image\":{\"@id\":\"https:\/\/www.crittm2a.com\/fr\/#\/schema\/logo\/image\/\"},\"sameAs\":[\"https:\/\/x.com\/critt_m2a\",\"https:\/\/www.linkedin.com\/company\/sas-critt-m2a\/?viewAsMember=true\"]}]}<\/script>\n<!-- \/ Yoast SEO plugin. -->","yoast_head_json":{"title":"Critt M2A","robots":{"index":"index","follow":"follow","max-snippet":"max-snippet:-1","max-image-preview":"max-image-preview:large","max-video-preview":"max-video-preview:-1"},"canonical":"https:\/\/www.crittm2a.com\/fr\/nogebat-rd\/","og_locale":"fr_FR","og_type":"article","og_title":"NOGEBAT R&D Critt M2A","og_description":"Le projet NOGEBAT R&amp;D, centr\u00e9 sur le d\u00e9veloppement de la R&amp;D interne \u00e0 l\u2019entreprise, permettra au CRITT M2A de : [&hellip;]","og_url":"https:\/\/www.crittm2a.com\/fr\/nogebat-rd\/","og_site_name":"Critt M2A","article_modified_time":"2025-01-30T14:35:21+00:00","og_image":[{"width":223,"height":226,"url":"https:\/\/www.crittm2a.com\/wp-content\/uploads\/2025\/01\/UE.png","type":"image\/png"}],"twitter_card":"summary_large_image","twitter_site":"@critt_m2a","twitter_misc":{"Dur\u00e9e de lecture estim\u00e9e":"1 minute"},"schema":{"@context":"https:\/\/schema.org","@graph":[{"@type":"WebPage","@id":"https:\/\/www.crittm2a.com\/fr\/nogebat-rd\/","url":"https:\/\/www.crittm2a.com\/fr\/nogebat-rd\/","name":"NOGEBAT R&D Critt M2A","isPartOf":{"@id":"https:\/\/www.crittm2a.com\/fr\/#website"},"primaryImageOfPage":{"@id":"https:\/\/www.crittm2a.com\/fr\/nogebat-rd\/#primaryimage"},"image":{"@id":"https:\/\/www.crittm2a.com\/fr\/nogebat-rd\/#primaryimage"},"thumbnailUrl":"https:\/\/www.crittm2a.com\/wp-content\/uploads\/2025\/01\/UE.png","datePublished":"2025-01-21T14:47:49+00:00","dateModified":"2025-01-30T14:35:21+00:00","breadcrumb":{"@id":"https:\/\/www.crittm2a.com\/fr\/nogebat-rd\/#breadcrumb"},"inLanguage":"fr-FR","potentialAction":[{"@type":"ReadAction","target":["https:\/\/www.crittm2a.com\/fr\/nogebat-rd\/"]}]},{"@type":"ImageObject","inLanguage":"fr-FR","@id":"https:\/\/www.crittm2a.com\/fr\/nogebat-rd\/#primaryimage","url":"https:\/\/www.crittm2a.com\/wp-content\/uploads\/2025\/01\/UE.png","contentUrl":"https:\/\/www.crittm2a.com\/wp-content\/uploads\/2025\/01\/UE.png"},{"@type":"BreadcrumbList","@id":"https:\/\/www.crittm2a.com\/fr\/nogebat-rd\/#breadcrumb","itemListElement":[{"@type":"ListItem","position":1,"name":"Accueil","item":"https:\/\/www.crittm2a.com\/fr\/"},{"@type":"ListItem","position":2,"name":"NOGEBAT R&#038;D"}]},{"@type":"WebSite","@id":"https:\/\/www.crittm2a.com\/fr\/#website","url":"https:\/\/www.crittm2a.com\/fr\/","name":"Critt M2A","description":"","publisher":{"@id":"https:\/\/www.crittm2a.com\/fr\/#organization"},"potentialAction":[{"@type":"SearchAction","target":{"@type":"EntryPoint","urlTemplate":"https:\/\/www.crittm2a.com\/fr\/?s={search_term_string}"},"query-input":{"@type":"PropertyValueSpecification","valueRequired":true,"valueName":"search_term_string"}}],"inLanguage":"fr-FR"},{"@type":"Organization","@id":"https:\/\/www.crittm2a.com\/fr\/#organization","name":"CrittM2A","url":"https:\/\/www.crittm2a.com\/fr\/","logo":{"@type":"ImageObject","inLanguage":"fr-FR","@id":"https:\/\/www.crittm2a.com\/fr\/#\/schema\/logo\/image\/","url":"https:\/\/www.crittm2a.com\/wp-content\/uploads\/2025\/09\/logotype-critt_signature-COULEUR.jpg","contentUrl":"https:\/\/www.crittm2a.com\/wp-content\/uploads\/2025\/09\/logotype-critt_signature-COULEUR.jpg","width":1476,"height":536,"caption":"CrittM2A"},"image":{"@id":"https:\/\/www.crittm2a.com\/fr\/#\/schema\/logo\/image\/"},"sameAs":["https:\/\/x.com\/critt_m2a","https:\/\/www.linkedin.com\/company\/sas-critt-m2a\/?viewAsMember=true"]}]}},"jetpack_sharing_enabled":true,"_links":{"self":[{"href":"https:\/\/www.crittm2a.com\/fr\/wp-json\/wp\/v2\/pages\/4872","targetHints":{"allow":["GET"]}}],"collection":[{"href":"https:\/\/www.crittm2a.com\/fr\/wp-json\/wp\/v2\/pages"}],"about":[{"href":"https:\/\/www.crittm2a.com\/fr\/wp-json\/wp\/v2\/types\/page"}],"author":[{"embeddable":true,"href":"https:\/\/www.crittm2a.com\/fr\/wp-json\/wp\/v2\/users\/3"}],"replies":[{"embeddable":true,"href":"https:\/\/www.crittm2a.com\/fr\/wp-json\/wp\/v2\/comments?post=4872"}],"version-history":[{"count":10,"href":"https:\/\/www.crittm2a.com\/fr\/wp-json\/wp\/v2\/pages\/4872\/revisions"}],"predecessor-version":[{"id":4904,"href":"https:\/\/www.crittm2a.com\/fr\/wp-json\/wp\/v2\/pages\/4872\/revisions\/4904"}],"wp:attachment":[{"href":"https:\/\/www.crittm2a.com\/fr\/wp-json\/wp\/v2\/media?parent=4872"}],"curies":[{"name":"wp","href":"https:\/\/api.w.org\/{rel}","templated":true}]}}