{"id":4691,"date":"2024-09-23T09:50:25","date_gmt":"2024-09-23T07:50:25","guid":{"rendered":"https:\/\/www.crittm2a.com\/fr\/?page_id=4691"},"modified":"2025-01-30T15:32:15","modified_gmt":"2025-01-30T14:32:15","slug":"nogebat","status":"publish","type":"page","link":"https:\/\/www.crittm2a.com\/fr\/nogebat\/","title":{"rendered":"NOGEBAT PE"},"content":{"rendered":"<p>Le projet <strong>NOGEBAT Plateforme d\u2019exp\u00e9rimentation<\/strong>, centr\u00e9 sur le d\u00e9veloppement de la R&amp;D des clients de l\u2019entreprise, permet au CRITT M2A de mettre en place de nouveaux moyens d\u2019essais en rupture dans le cadre du d\u00e9veloppement de nouvelles g\u00e9n\u00e9rations de batteries.<\/p>\n<p>Dans le cadre de leur R&amp;D, les donneurs d\u2019ordres du territoire des Hauts-de-France sollicitent vivement le <strong>CRITT M2A<\/strong> pour la mise en place de solutions technologiques d\u2019essais permettant la <strong>mise au point des prochaines g\u00e9n\u00e9rations de batteries<\/strong>. Ce type d\u2019essais requiert de nouveaux investissements principalement au travers de voies d\u2019essais li\u00e9es \u00e0 des cycleurs et des baies d\u2019analyses en rupture de l\u2019existant.<\/p>\n<p>\u00a0A la conclusion du projet, une infrastructure d\u2019essais et d\u2019exp\u00e9rimentations performante et innovante sera d\u00e9velopp\u00e9e et pourra int\u00e9grer l\u2019offre de service existante.<\/p>\n<p>Cette infrastructure permettra d\u2019\u00e9largir la cha\u00eene de valeur et d\u2019intervention du CRITT M2A au titre de la performance et de l\u2019expertise des batteries. Tout demandeur voulant d\u00e9velopper ses produits \u00e0 travers le test dans le but d\u2019am\u00e9liorer leurs performances, tout en participant aux axes majeurs R&amp;D du domaine, aura acc\u00e8s \u00e0 l\u2019infrastructure sur une base transparente et non discriminatoire avec un co\u00fbt bas\u00e9 sur celui du prix du march\u00e9.<\/p>\n<p>Ce projet est soutenu par l\u2019Union europ\u00e9enne et la R\u00e9gion Hauts-de France dans le cadre du Fond de Transition Juste.<\/p>\n<table style=\"border-collapse: collapse; width: 100%;\">\n<tbody>\n<tr>\n<td style=\"width: 100%;\"><img loading=\"lazy\" decoding=\"async\" class=\"size-full wp-image-4901 alignleft\" src=\"https:\/\/www.crittm2a.com\/wp-content\/uploads\/2025\/01\/UE.png\" alt=\"\" width=\"223\" height=\"226\" \/><\/td>\n<\/tr>\n<\/tbody>\n<\/table>\n<p>&nbsp;<\/p>\n<p>&nbsp;<\/p>\n","protected":false},"excerpt":{"rendered":"<p>Le projet NOGEBAT Plateforme d\u2019exp\u00e9rimentation, centr\u00e9 sur le d\u00e9veloppement de la R&amp;D des clients de l\u2019entreprise, permet au CRITT M2A [&hellip;]<\/p>\n","protected":false},"author":3,"featured_media":0,"parent":0,"menu_order":0,"comment_status":"closed","ping_status":"closed","template":"","meta":{"_acf_changed":false,"footnotes":""},"class_list":["post-4691","page","type-page","status-publish","hentry"],"acf":[],"yoast_head":"<!-- This site is optimized with the Yoast SEO plugin v27.1.1 - https:\/\/yoast.com\/product\/yoast-seo-wordpress\/ -->\n<title>Critt M2A<\/title>\n<meta name=\"robots\" content=\"index, follow, max-snippet:-1, max-image-preview:large, max-video-preview:-1\" \/>\n<link rel=\"canonical\" href=\"https:\/\/www.crittm2a.com\/fr\/nogebat\/\" \/>\n<meta property=\"og:locale\" content=\"fr_FR\" \/>\n<meta property=\"og:type\" content=\"article\" \/>\n<meta property=\"og:title\" content=\"NOGEBAT PE Critt M2A\" \/>\n<meta property=\"og:description\" content=\"Le projet NOGEBAT Plateforme d\u2019exp\u00e9rimentation, centr\u00e9 sur le d\u00e9veloppement de la R&amp;D des clients de l\u2019entreprise, permet au CRITT M2A [&hellip;]\" \/>\n<meta property=\"og:url\" content=\"https:\/\/www.crittm2a.com\/fr\/nogebat\/\" \/>\n<meta property=\"og:site_name\" content=\"Critt M2A\" \/>\n<meta property=\"article:modified_time\" content=\"2025-01-30T14:32:15+00:00\" \/>\n<meta property=\"og:image\" content=\"https:\/\/www.crittm2a.com\/wp-content\/uploads\/2025\/01\/UE.png\" \/>\n\t<meta property=\"og:image:width\" content=\"223\" \/>\n\t<meta property=\"og:image:height\" content=\"226\" \/>\n\t<meta property=\"og:image:type\" content=\"image\/png\" \/>\n<meta name=\"twitter:card\" content=\"summary_large_image\" \/>\n<meta name=\"twitter:site\" content=\"@critt_m2a\" \/>\n<meta name=\"twitter:label1\" content=\"Dur\u00e9e de lecture estim\u00e9e\" \/>\n\t<meta name=\"twitter:data1\" content=\"1 minute\" \/>\n<script type=\"application\/ld+json\" class=\"yoast-schema-graph\">{\"@context\":\"https:\/\/schema.org\",\"@graph\":[{\"@type\":\"WebPage\",\"@id\":\"https:\/\/www.crittm2a.com\/fr\/nogebat\/\",\"url\":\"https:\/\/www.crittm2a.com\/fr\/nogebat\/\",\"name\":\"NOGEBAT PE Critt M2A\",\"isPartOf\":{\"@id\":\"https:\/\/www.crittm2a.com\/fr\/#website\"},\"primaryImageOfPage\":{\"@id\":\"https:\/\/www.crittm2a.com\/fr\/nogebat\/#primaryimage\"},\"image\":{\"@id\":\"https:\/\/www.crittm2a.com\/fr\/nogebat\/#primaryimage\"},\"thumbnailUrl\":\"https:\/\/www.crittm2a.com\/wp-content\/uploads\/2025\/01\/UE.png\",\"datePublished\":\"2024-09-23T07:50:25+00:00\",\"dateModified\":\"2025-01-30T14:32:15+00:00\",\"breadcrumb\":{\"@id\":\"https:\/\/www.crittm2a.com\/fr\/nogebat\/#breadcrumb\"},\"inLanguage\":\"fr-FR\",\"potentialAction\":[{\"@type\":\"ReadAction\",\"target\":[\"https:\/\/www.crittm2a.com\/fr\/nogebat\/\"]}]},{\"@type\":\"ImageObject\",\"inLanguage\":\"fr-FR\",\"@id\":\"https:\/\/www.crittm2a.com\/fr\/nogebat\/#primaryimage\",\"url\":\"https:\/\/www.crittm2a.com\/wp-content\/uploads\/2025\/01\/UE.png\",\"contentUrl\":\"https:\/\/www.crittm2a.com\/wp-content\/uploads\/2025\/01\/UE.png\"},{\"@type\":\"BreadcrumbList\",\"@id\":\"https:\/\/www.crittm2a.com\/fr\/nogebat\/#breadcrumb\",\"itemListElement\":[{\"@type\":\"ListItem\",\"position\":1,\"name\":\"Accueil\",\"item\":\"https:\/\/www.crittm2a.com\/fr\/\"},{\"@type\":\"ListItem\",\"position\":2,\"name\":\"NOGEBAT PE\"}]},{\"@type\":\"WebSite\",\"@id\":\"https:\/\/www.crittm2a.com\/fr\/#website\",\"url\":\"https:\/\/www.crittm2a.com\/fr\/\",\"name\":\"Critt M2A\",\"description\":\"\",\"publisher\":{\"@id\":\"https:\/\/www.crittm2a.com\/fr\/#organization\"},\"potentialAction\":[{\"@type\":\"SearchAction\",\"target\":{\"@type\":\"EntryPoint\",\"urlTemplate\":\"https:\/\/www.crittm2a.com\/fr\/?s={search_term_string}\"},\"query-input\":{\"@type\":\"PropertyValueSpecification\",\"valueRequired\":true,\"valueName\":\"search_term_string\"}}],\"inLanguage\":\"fr-FR\"},{\"@type\":\"Organization\",\"@id\":\"https:\/\/www.crittm2a.com\/fr\/#organization\",\"name\":\"CrittM2A\",\"url\":\"https:\/\/www.crittm2a.com\/fr\/\",\"logo\":{\"@type\":\"ImageObject\",\"inLanguage\":\"fr-FR\",\"@id\":\"https:\/\/www.crittm2a.com\/fr\/#\/schema\/logo\/image\/\",\"url\":\"https:\/\/www.crittm2a.com\/wp-content\/uploads\/2025\/09\/logotype-critt_signature-COULEUR.jpg\",\"contentUrl\":\"https:\/\/www.crittm2a.com\/wp-content\/uploads\/2025\/09\/logotype-critt_signature-COULEUR.jpg\",\"width\":1476,\"height\":536,\"caption\":\"CrittM2A\"},\"image\":{\"@id\":\"https:\/\/www.crittm2a.com\/fr\/#\/schema\/logo\/image\/\"},\"sameAs\":[\"https:\/\/x.com\/critt_m2a\",\"https:\/\/www.linkedin.com\/company\/sas-critt-m2a\/?viewAsMember=true\"]}]}<\/script>\n<!-- \/ Yoast SEO plugin. -->","yoast_head_json":{"title":"Critt M2A","robots":{"index":"index","follow":"follow","max-snippet":"max-snippet:-1","max-image-preview":"max-image-preview:large","max-video-preview":"max-video-preview:-1"},"canonical":"https:\/\/www.crittm2a.com\/fr\/nogebat\/","og_locale":"fr_FR","og_type":"article","og_title":"NOGEBAT PE Critt M2A","og_description":"Le projet NOGEBAT Plateforme d\u2019exp\u00e9rimentation, centr\u00e9 sur le d\u00e9veloppement de la R&amp;D des clients de l\u2019entreprise, permet au CRITT M2A [&hellip;]","og_url":"https:\/\/www.crittm2a.com\/fr\/nogebat\/","og_site_name":"Critt M2A","article_modified_time":"2025-01-30T14:32:15+00:00","og_image":[{"width":223,"height":226,"url":"https:\/\/www.crittm2a.com\/wp-content\/uploads\/2025\/01\/UE.png","type":"image\/png"}],"twitter_card":"summary_large_image","twitter_site":"@critt_m2a","twitter_misc":{"Dur\u00e9e de lecture estim\u00e9e":"1 minute"},"schema":{"@context":"https:\/\/schema.org","@graph":[{"@type":"WebPage","@id":"https:\/\/www.crittm2a.com\/fr\/nogebat\/","url":"https:\/\/www.crittm2a.com\/fr\/nogebat\/","name":"NOGEBAT PE Critt M2A","isPartOf":{"@id":"https:\/\/www.crittm2a.com\/fr\/#website"},"primaryImageOfPage":{"@id":"https:\/\/www.crittm2a.com\/fr\/nogebat\/#primaryimage"},"image":{"@id":"https:\/\/www.crittm2a.com\/fr\/nogebat\/#primaryimage"},"thumbnailUrl":"https:\/\/www.crittm2a.com\/wp-content\/uploads\/2025\/01\/UE.png","datePublished":"2024-09-23T07:50:25+00:00","dateModified":"2025-01-30T14:32:15+00:00","breadcrumb":{"@id":"https:\/\/www.crittm2a.com\/fr\/nogebat\/#breadcrumb"},"inLanguage":"fr-FR","potentialAction":[{"@type":"ReadAction","target":["https:\/\/www.crittm2a.com\/fr\/nogebat\/"]}]},{"@type":"ImageObject","inLanguage":"fr-FR","@id":"https:\/\/www.crittm2a.com\/fr\/nogebat\/#primaryimage","url":"https:\/\/www.crittm2a.com\/wp-content\/uploads\/2025\/01\/UE.png","contentUrl":"https:\/\/www.crittm2a.com\/wp-content\/uploads\/2025\/01\/UE.png"},{"@type":"BreadcrumbList","@id":"https:\/\/www.crittm2a.com\/fr\/nogebat\/#breadcrumb","itemListElement":[{"@type":"ListItem","position":1,"name":"Accueil","item":"https:\/\/www.crittm2a.com\/fr\/"},{"@type":"ListItem","position":2,"name":"NOGEBAT PE"}]},{"@type":"WebSite","@id":"https:\/\/www.crittm2a.com\/fr\/#website","url":"https:\/\/www.crittm2a.com\/fr\/","name":"Critt M2A","description":"","publisher":{"@id":"https:\/\/www.crittm2a.com\/fr\/#organization"},"potentialAction":[{"@type":"SearchAction","target":{"@type":"EntryPoint","urlTemplate":"https:\/\/www.crittm2a.com\/fr\/?s={search_term_string}"},"query-input":{"@type":"PropertyValueSpecification","valueRequired":true,"valueName":"search_term_string"}}],"inLanguage":"fr-FR"},{"@type":"Organization","@id":"https:\/\/www.crittm2a.com\/fr\/#organization","name":"CrittM2A","url":"https:\/\/www.crittm2a.com\/fr\/","logo":{"@type":"ImageObject","inLanguage":"fr-FR","@id":"https:\/\/www.crittm2a.com\/fr\/#\/schema\/logo\/image\/","url":"https:\/\/www.crittm2a.com\/wp-content\/uploads\/2025\/09\/logotype-critt_signature-COULEUR.jpg","contentUrl":"https:\/\/www.crittm2a.com\/wp-content\/uploads\/2025\/09\/logotype-critt_signature-COULEUR.jpg","width":1476,"height":536,"caption":"CrittM2A"},"image":{"@id":"https:\/\/www.crittm2a.com\/fr\/#\/schema\/logo\/image\/"},"sameAs":["https:\/\/x.com\/critt_m2a","https:\/\/www.linkedin.com\/company\/sas-critt-m2a\/?viewAsMember=true"]}]}},"jetpack_sharing_enabled":true,"_links":{"self":[{"href":"https:\/\/www.crittm2a.com\/fr\/wp-json\/wp\/v2\/pages\/4691","targetHints":{"allow":["GET"]}}],"collection":[{"href":"https:\/\/www.crittm2a.com\/fr\/wp-json\/wp\/v2\/pages"}],"about":[{"href":"https:\/\/www.crittm2a.com\/fr\/wp-json\/wp\/v2\/types\/page"}],"author":[{"embeddable":true,"href":"https:\/\/www.crittm2a.com\/fr\/wp-json\/wp\/v2\/users\/3"}],"replies":[{"embeddable":true,"href":"https:\/\/www.crittm2a.com\/fr\/wp-json\/wp\/v2\/comments?post=4691"}],"version-history":[{"count":6,"href":"https:\/\/www.crittm2a.com\/fr\/wp-json\/wp\/v2\/pages\/4691\/revisions"}],"predecessor-version":[{"id":4902,"href":"https:\/\/www.crittm2a.com\/fr\/wp-json\/wp\/v2\/pages\/4691\/revisions\/4902"}],"wp:attachment":[{"href":"https:\/\/www.crittm2a.com\/fr\/wp-json\/wp\/v2\/media?parent=4691"}],"curies":[{"name":"wp","href":"https:\/\/api.w.org\/{rel}","templated":true}]}}