{"id":4492,"date":"2024-06-27T17:04:15","date_gmt":"2024-06-27T15:04:15","guid":{"rendered":"https:\/\/www.crittm2a.com\/fr\/?page_id=4492"},"modified":"2024-06-27T17:19:05","modified_gmt":"2024-06-27T15:19:05","slug":"docteur-rd-electronique-de-puissance-h-f","status":"publish","type":"page","link":"https:\/\/www.crittm2a.com\/fr\/docteur-rd-electronique-de-puissance-h-f\/","title":{"rendered":"Docteur R&#038;D \u00e9lectronique de puissance H\/F"},"content":{"rendered":"<p>Rejoignez l&rsquo;avenir de l&rsquo;\u00e9lectromobilit\u00e9 avec le <strong>CRITT M2A<\/strong> et <strong>UniLaSalle Amiens<\/strong> !<\/p>\n<p>Le CRITT M2A, en collaboration avec UniLaSalle Amiens, t\u2019invite \u00e0 impacter le secteur de l&rsquo;\u00e9lectromobilit\u00e9 \u00e0 travers une th\u00e8se CIFRE intitul\u00e9e<\/p>\n<p><strong>\u00ab\u00a0D\u00e9tection des d\u00e9fauts et r\u00e9silience des convertisseurs multiniveaux par approches algorithmiques\u00a0\u00bb<\/strong>. <\/p>\n<p>Au coeur de la transition \u00e9nerg\u00e9tique, l\u2019objectif de cette th\u00e8se est de d\u00e9velopper des m\u00e9thodes avanc\u00e9es pour la d\u00e9tection des d\u00e9fauts et l&rsquo;am\u00e9lioration de la r\u00e9silience des convertisseurs multiniveaux, afin d&rsquo;accro\u00eetre la fiabilit\u00e9 et l&rsquo;efficacit\u00e9 des syst\u00e8mes de conversion d&rsquo;\u00e9nergie.<\/p>\n<p>&#8211; Comment garantir la continuit\u00e9 de service d\u2019un convertisseur de puissance \u00e9lectrique d\u00e8s que l\u2019on d\u00e9tecte un d\u00e9faut ?<br \/>\n&#8211; Comment d\u00e9tecter un d\u00e9faut sans impacter le syst\u00e8me (CEM, contr\u00f4le\/commande, puissance massique,\u2026) ?<br \/>\n&#8211; Comment reconfigurer le contr\u00f4le d\u2019un convertisseur avec un d\u00e9faut (Mode d\u00e9grad\u00e9) ?<\/p>\n<p>Ce projet unique te plongera au c\u0153ur de l\u2019\u00e9lectronique de puissance, des convertisseurs multiniveaux et des strat\u00e9gies de contr\u00f4le\/commande avanc\u00e9es.<br \/>\nCette th\u00e8se participe au d\u00e9veloppement de technologies innovantes pour minimiser l&rsquo;impact environnemental, fa\u00e7onnant ainsi l&rsquo;avenir des syst\u00e8mes \u00e9nerg\u00e9tiques durables.<\/p>\n<p>\nLa th\u00e8se se d\u00e9roulera \u00e0 UniLaSalle Amiens et au CRITT M2A.<\/p>\n<p><strong>Tes missions :<\/strong><br \/>\n\u2022 Participer \u00e0 un sujet de recherche innovant visant \u00e0 renforcer la fiabilit\u00e9 des convertisseurs multiniveaux.<br \/>\n\u2022 Faire un \u00e9tat de l\u2019art des d\u00e9tections de d\u00e9fauts des convertisseurs multiniveaux.<br \/>\n\u2022 Explorer et d\u00e9velopper des algorithmes de d\u00e9tection et de gestion de d\u00e9fauts innovants et\/ou en rupture avec les strat\u00e9gies connues de l\u2019\u00e9tat de l\u2019art.<br \/>\n\u2022 D\u00e9finir des protocoles d\u2019essais et\/ou des moyens d\u2019essais permettant de valider ou de d\u00e9velopper les algorithmes de cette th\u00e8se.<br \/>\n\u2022 Collaborer avec les experts du CRITT M2A, d\u2019UniLaSalle et de la communaut\u00e9 scientifique dans un environnement dynamique qui lie th\u00e9orie et pratique pour un impact r\u00e9el et mesurable.<\/p>\n<p><strong>Tes outils :<\/strong><br \/>\n\u2022 Matlab\/simulink,<br \/>\n\u2022 Un centre d\u2019essais, laboratoire de recherche<br \/>\nTon profil :<br \/>\n\u2022 Titulaire d\u2019un Master en g\u00e9nie \u00e9lectrique.<br \/>\n\u2022 Innovant, cr\u00e9atif et pr\u00eat \u00e0 relever des d\u00e9fis technologiques,<br \/>\n\u2022 Passionn\u00e9 par la r\u00e9solution de probl\u00e8mes complexes et une curiosit\u00e9 pour le machine learning et l\u2019\u00e9lectronique de puissance ;<br \/>\n\u2022 Rigoureux, autonome et motiv\u00e9 par le d\u00e9sir d\u2019apporter des solutions durables et efficaces ;<br \/>\nPourquoi choisir ce projet de th\u00e8se ?<br \/>\n\u2022 Tu rejoins une \u00e9quipe de pointe d\u00e9di\u00e9e \u00e0 des enjeux cl\u00e9s de la transition \u00e9nerg\u00e9tique ;<br \/>\n\u2022 Tu acc\u00e8des \u00e0 des installations de recherche de pointe pour des projets innovants m\u00ealant th\u00e9orie et pratique ;<br \/>\n\u2022 Tu profites d&rsquo;un r\u00e9seau enrichissant de professionnels et d&rsquo;acad\u00e9miciens, <br \/>\n\u2022 Tu participes \u00e0 des conf\u00e9rences internationales et contribue \u00e0 des publications scientifiques.<\/p>\n<p><strong>Les +<\/strong><br \/>\n\u2022 Une mutuelle et pr\u00e9voyance tr\u00e8s avantageuse\u202fprise en charge \u00e0 100%<br \/>\n\u2022 Des titres restaurant\u202f;<br \/>\n\u2022 Des primes (vacances, Int\u00e9ressement) ;<br \/>\n\u2022 Un cadre de travail moderne avec des espaces de d\u00e9tente (baby-foot, canap\u00e9s \u2026) ;<br \/>\n\u2022 Des fruits, du caf\u00e9 et th\u00e9 \u00e0 volont\u00e9 ;<br \/>\n\u2022 Une politique d\u2019entreprise soucieuse du bien-\u00eatre de ses collaborateurs.<\/p>\n<p><strong>Pr\u00eats \u00e0 faire la diff\u00e9rence ?<\/strong><br \/>\nEnvoie-nous ton CV et les coordonn\u00e9es d\u2019une r\u00e9f\u00e9rence \u00e0 <strong>crittm2a@crittm2a.com.<\/strong> Rejoins notre \u00e9quipe et contribue \u00e0 fa\u00e7onner des solutions \u00e9nerg\u00e9tiques fiables et efficaces pour un avenir durable.<\/p>\n<p>&nbsp;<\/p>\n","protected":false},"excerpt":{"rendered":"<p>Rejoignez l&rsquo;avenir de l&rsquo;\u00e9lectromobilit\u00e9 avec le CRITT M2A et UniLaSalle Amiens ! Le CRITT M2A, en collaboration avec UniLaSalle Amiens, [&hellip;]<\/p>\n","protected":false},"author":3,"featured_media":0,"parent":0,"menu_order":0,"comment_status":"closed","ping_status":"closed","template":"","meta":{"_acf_changed":false,"footnotes":""},"class_list":["post-4492","page","type-page","status-publish","hentry"],"acf":[],"yoast_head":"<!-- This site is optimized with the Yoast SEO plugin v27.1.1 - https:\/\/yoast.com\/product\/yoast-seo-wordpress\/ -->\n<title>Critt M2A<\/title>\n<meta name=\"robots\" content=\"index, follow, max-snippet:-1, max-image-preview:large, max-video-preview:-1\" \/>\n<link rel=\"canonical\" href=\"https:\/\/www.crittm2a.com\/fr\/docteur-rd-electronique-de-puissance-h-f\/\" \/>\n<meta property=\"og:locale\" content=\"fr_FR\" \/>\n<meta property=\"og:type\" content=\"article\" \/>\n<meta property=\"og:title\" content=\"Docteur R&amp;D \u00e9lectronique de puissance H\/F Critt M2A\" \/>\n<meta property=\"og:description\" content=\"Rejoignez l&rsquo;avenir de l&rsquo;\u00e9lectromobilit\u00e9 avec le CRITT M2A et UniLaSalle Amiens ! Le CRITT M2A, en collaboration avec UniLaSalle Amiens, [&hellip;]\" \/>\n<meta property=\"og:url\" content=\"https:\/\/www.crittm2a.com\/fr\/docteur-rd-electronique-de-puissance-h-f\/\" \/>\n<meta property=\"og:site_name\" content=\"Critt M2A\" \/>\n<meta property=\"article:modified_time\" content=\"2024-06-27T15:19:05+00:00\" \/>\n<meta name=\"twitter:card\" content=\"summary_large_image\" \/>\n<meta name=\"twitter:site\" content=\"@critt_m2a\" \/>\n<meta name=\"twitter:label1\" content=\"Dur\u00e9e de lecture estim\u00e9e\" \/>\n\t<meta name=\"twitter:data1\" content=\"3 minutes\" \/>\n<script type=\"application\/ld+json\" class=\"yoast-schema-graph\">{\"@context\":\"https:\/\/schema.org\",\"@graph\":[{\"@type\":\"WebPage\",\"@id\":\"https:\/\/www.crittm2a.com\/fr\/docteur-rd-electronique-de-puissance-h-f\/\",\"url\":\"https:\/\/www.crittm2a.com\/fr\/docteur-rd-electronique-de-puissance-h-f\/\",\"name\":\"Docteur R&D \u00e9lectronique de puissance H\/F Critt M2A\",\"isPartOf\":{\"@id\":\"https:\/\/www.crittm2a.com\/fr\/#website\"},\"datePublished\":\"2024-06-27T15:04:15+00:00\",\"dateModified\":\"2024-06-27T15:19:05+00:00\",\"breadcrumb\":{\"@id\":\"https:\/\/www.crittm2a.com\/fr\/docteur-rd-electronique-de-puissance-h-f\/#breadcrumb\"},\"inLanguage\":\"fr-FR\",\"potentialAction\":[{\"@type\":\"ReadAction\",\"target\":[\"https:\/\/www.crittm2a.com\/fr\/docteur-rd-electronique-de-puissance-h-f\/\"]}]},{\"@type\":\"BreadcrumbList\",\"@id\":\"https:\/\/www.crittm2a.com\/fr\/docteur-rd-electronique-de-puissance-h-f\/#breadcrumb\",\"itemListElement\":[{\"@type\":\"ListItem\",\"position\":1,\"name\":\"Accueil\",\"item\":\"https:\/\/www.crittm2a.com\/fr\/\"},{\"@type\":\"ListItem\",\"position\":2,\"name\":\"Docteur R&#038;D \u00e9lectronique de puissance H\/F\"}]},{\"@type\":\"WebSite\",\"@id\":\"https:\/\/www.crittm2a.com\/fr\/#website\",\"url\":\"https:\/\/www.crittm2a.com\/fr\/\",\"name\":\"Critt M2A\",\"description\":\"\",\"publisher\":{\"@id\":\"https:\/\/www.crittm2a.com\/fr\/#organization\"},\"potentialAction\":[{\"@type\":\"SearchAction\",\"target\":{\"@type\":\"EntryPoint\",\"urlTemplate\":\"https:\/\/www.crittm2a.com\/fr\/?s={search_term_string}\"},\"query-input\":{\"@type\":\"PropertyValueSpecification\",\"valueRequired\":true,\"valueName\":\"search_term_string\"}}],\"inLanguage\":\"fr-FR\"},{\"@type\":\"Organization\",\"@id\":\"https:\/\/www.crittm2a.com\/fr\/#organization\",\"name\":\"CrittM2A\",\"url\":\"https:\/\/www.crittm2a.com\/fr\/\",\"logo\":{\"@type\":\"ImageObject\",\"inLanguage\":\"fr-FR\",\"@id\":\"https:\/\/www.crittm2a.com\/fr\/#\/schema\/logo\/image\/\",\"url\":\"https:\/\/www.crittm2a.com\/wp-content\/uploads\/2025\/09\/logotype-critt_signature-COULEUR.jpg\",\"contentUrl\":\"https:\/\/www.crittm2a.com\/wp-content\/uploads\/2025\/09\/logotype-critt_signature-COULEUR.jpg\",\"width\":1476,\"height\":536,\"caption\":\"CrittM2A\"},\"image\":{\"@id\":\"https:\/\/www.crittm2a.com\/fr\/#\/schema\/logo\/image\/\"},\"sameAs\":[\"https:\/\/x.com\/critt_m2a\",\"https:\/\/www.linkedin.com\/company\/sas-critt-m2a\/?viewAsMember=true\"]}]}<\/script>\n<!-- \/ Yoast SEO plugin. -->","yoast_head_json":{"title":"Critt M2A","robots":{"index":"index","follow":"follow","max-snippet":"max-snippet:-1","max-image-preview":"max-image-preview:large","max-video-preview":"max-video-preview:-1"},"canonical":"https:\/\/www.crittm2a.com\/fr\/docteur-rd-electronique-de-puissance-h-f\/","og_locale":"fr_FR","og_type":"article","og_title":"Docteur R&D \u00e9lectronique de puissance H\/F Critt M2A","og_description":"Rejoignez l&rsquo;avenir de l&rsquo;\u00e9lectromobilit\u00e9 avec le CRITT M2A et UniLaSalle Amiens ! Le CRITT M2A, en collaboration avec UniLaSalle Amiens, [&hellip;]","og_url":"https:\/\/www.crittm2a.com\/fr\/docteur-rd-electronique-de-puissance-h-f\/","og_site_name":"Critt M2A","article_modified_time":"2024-06-27T15:19:05+00:00","twitter_card":"summary_large_image","twitter_site":"@critt_m2a","twitter_misc":{"Dur\u00e9e de lecture estim\u00e9e":"3 minutes"},"schema":{"@context":"https:\/\/schema.org","@graph":[{"@type":"WebPage","@id":"https:\/\/www.crittm2a.com\/fr\/docteur-rd-electronique-de-puissance-h-f\/","url":"https:\/\/www.crittm2a.com\/fr\/docteur-rd-electronique-de-puissance-h-f\/","name":"Docteur R&D \u00e9lectronique de puissance H\/F Critt M2A","isPartOf":{"@id":"https:\/\/www.crittm2a.com\/fr\/#website"},"datePublished":"2024-06-27T15:04:15+00:00","dateModified":"2024-06-27T15:19:05+00:00","breadcrumb":{"@id":"https:\/\/www.crittm2a.com\/fr\/docteur-rd-electronique-de-puissance-h-f\/#breadcrumb"},"inLanguage":"fr-FR","potentialAction":[{"@type":"ReadAction","target":["https:\/\/www.crittm2a.com\/fr\/docteur-rd-electronique-de-puissance-h-f\/"]}]},{"@type":"BreadcrumbList","@id":"https:\/\/www.crittm2a.com\/fr\/docteur-rd-electronique-de-puissance-h-f\/#breadcrumb","itemListElement":[{"@type":"ListItem","position":1,"name":"Accueil","item":"https:\/\/www.crittm2a.com\/fr\/"},{"@type":"ListItem","position":2,"name":"Docteur R&#038;D \u00e9lectronique de puissance H\/F"}]},{"@type":"WebSite","@id":"https:\/\/www.crittm2a.com\/fr\/#website","url":"https:\/\/www.crittm2a.com\/fr\/","name":"Critt M2A","description":"","publisher":{"@id":"https:\/\/www.crittm2a.com\/fr\/#organization"},"potentialAction":[{"@type":"SearchAction","target":{"@type":"EntryPoint","urlTemplate":"https:\/\/www.crittm2a.com\/fr\/?s={search_term_string}"},"query-input":{"@type":"PropertyValueSpecification","valueRequired":true,"valueName":"search_term_string"}}],"inLanguage":"fr-FR"},{"@type":"Organization","@id":"https:\/\/www.crittm2a.com\/fr\/#organization","name":"CrittM2A","url":"https:\/\/www.crittm2a.com\/fr\/","logo":{"@type":"ImageObject","inLanguage":"fr-FR","@id":"https:\/\/www.crittm2a.com\/fr\/#\/schema\/logo\/image\/","url":"https:\/\/www.crittm2a.com\/wp-content\/uploads\/2025\/09\/logotype-critt_signature-COULEUR.jpg","contentUrl":"https:\/\/www.crittm2a.com\/wp-content\/uploads\/2025\/09\/logotype-critt_signature-COULEUR.jpg","width":1476,"height":536,"caption":"CrittM2A"},"image":{"@id":"https:\/\/www.crittm2a.com\/fr\/#\/schema\/logo\/image\/"},"sameAs":["https:\/\/x.com\/critt_m2a","https:\/\/www.linkedin.com\/company\/sas-critt-m2a\/?viewAsMember=true"]}]}},"jetpack_sharing_enabled":true,"_links":{"self":[{"href":"https:\/\/www.crittm2a.com\/fr\/wp-json\/wp\/v2\/pages\/4492","targetHints":{"allow":["GET"]}}],"collection":[{"href":"https:\/\/www.crittm2a.com\/fr\/wp-json\/wp\/v2\/pages"}],"about":[{"href":"https:\/\/www.crittm2a.com\/fr\/wp-json\/wp\/v2\/types\/page"}],"author":[{"embeddable":true,"href":"https:\/\/www.crittm2a.com\/fr\/wp-json\/wp\/v2\/users\/3"}],"replies":[{"embeddable":true,"href":"https:\/\/www.crittm2a.com\/fr\/wp-json\/wp\/v2\/comments?post=4492"}],"version-history":[{"count":6,"href":"https:\/\/www.crittm2a.com\/fr\/wp-json\/wp\/v2\/pages\/4492\/revisions"}],"predecessor-version":[{"id":4500,"href":"https:\/\/www.crittm2a.com\/fr\/wp-json\/wp\/v2\/pages\/4492\/revisions\/4500"}],"wp:attachment":[{"href":"https:\/\/www.crittm2a.com\/fr\/wp-json\/wp\/v2\/media?parent=4492"}],"curies":[{"name":"wp","href":"https:\/\/api.w.org\/{rel}","templated":true}]}}