{"id":4085,"date":"2024-06-03T10:30:41","date_gmt":"2024-06-03T08:30:41","guid":{"rendered":"https:\/\/www.crittm2a.com\/?page_id=4085"},"modified":"2026-01-09T16:16:16","modified_gmt":"2026-01-09T15:16:16","slug":"virtual-tour","status":"publish","type":"page","link":"https:\/\/www.crittm2a.com\/fr\/virtual-tour\/","title":{"rendered":"Virtual Tour"},"content":{"rendered":"<p>D\u00e9couvrez le laboratoire du <strong data-start=\"1094\" data-end=\"1107\">CRITT M2A<\/strong> gr\u00e2ce \u00e0 notre <strong data-start=\"1122\" data-end=\"1152\">visite virtuelle immersive<\/strong>, con\u00e7ue pour offrir une vision concr\u00e8te de nos <strong data-start=\"1200\" data-end=\"1219\">moyens d\u2019essais<\/strong> et de notre expertise au service des projets industriels et de R&amp;D.<br data-start=\"1287\" data-end=\"1290\" \/>Cette visite permet d\u2019explorer nos installations d\u00e9di\u00e9es aux <strong data-start=\"1351\" data-end=\"1371\">essais batteries<\/strong>, aux <strong data-start=\"1402\" data-end=\"1433\">convertisseurs de puissance, aux turbocompresseurs<\/strong>\u00a0et aux <strong data-start=\"1441\" data-end=\"1476\">cha\u00eenes de traction \u00e9lectriques<\/strong>, en toute transparence.<\/p>\n<p>&nbsp;<\/p>\n","protected":false},"excerpt":{"rendered":"<p>D\u00e9couvrez le laboratoire du CRITT M2A gr\u00e2ce \u00e0 notre visite virtuelle immersive, con\u00e7ue pour offrir une vision concr\u00e8te de nos [&hellip;]<\/p>\n","protected":false},"author":1,"featured_media":0,"parent":0,"menu_order":0,"comment_status":"closed","ping_status":"closed","template":"page-virtual-tour.php","meta":{"_acf_changed":false,"footnotes":""},"class_list":["post-4085","page","type-page","status-publish","hentry"],"acf":[],"yoast_head":"<!-- This site is optimized with the Yoast SEO plugin v27.1.1 - https:\/\/yoast.com\/product\/yoast-seo-wordpress\/ -->\n<title>Critt M2A<\/title>\n<meta name=\"description\" content=\"Visite virtuelle du CRITT M2A : d\u00e9couvrez nos bancs d\u2019essais batteries, convertisseurs, e-powertrain et \u00e9lectromobilit\u00e9 en immersion.\" \/>\n<meta name=\"robots\" content=\"index, follow, max-snippet:-1, max-image-preview:large, max-video-preview:-1\" \/>\n<link rel=\"canonical\" href=\"https:\/\/www.crittm2a.com\/fr\/virtual-tour\/\" \/>\n<meta property=\"og:locale\" content=\"fr_FR\" \/>\n<meta property=\"og:type\" content=\"article\" \/>\n<meta property=\"og:title\" content=\"Visite virtuelle interactive \u2013 CRITT M2A \u2013 Centre d\u2019essais batterie &amp; powertrain\" \/>\n<meta property=\"og:description\" content=\"Visite virtuelle du CRITT M2A : d\u00e9couvrez nos bancs d\u2019essais batteries, convertisseurs, e-powertrain et \u00e9lectromobilit\u00e9 en immersion.\" \/>\n<meta property=\"og:url\" content=\"https:\/\/www.crittm2a.com\/fr\/virtual-tour\/\" \/>\n<meta property=\"og:site_name\" content=\"Critt M2A\" \/>\n<meta property=\"article:modified_time\" content=\"2026-01-09T15:16:16+00:00\" \/>\n<meta name=\"twitter:card\" content=\"summary_large_image\" \/>\n<meta name=\"twitter:site\" content=\"@critt_m2a\" \/>\n<meta name=\"twitter:label1\" content=\"Dur\u00e9e de lecture estim\u00e9e\" \/>\n\t<meta name=\"twitter:data1\" content=\"1 minute\" \/>\n<script type=\"application\/ld+json\" class=\"yoast-schema-graph\">{\"@context\":\"https:\/\/schema.org\",\"@graph\":[{\"@type\":\"WebPage\",\"@id\":\"https:\/\/www.crittm2a.com\/fr\/virtual-tour\/\",\"url\":\"https:\/\/www.crittm2a.com\/fr\/virtual-tour\/\",\"name\":\"Visite virtuelle interactive \u2013 CRITT M2A \u2013 Centre d\u2019essais batterie & powertrain\",\"isPartOf\":{\"@id\":\"https:\/\/www.crittm2a.com\/fr\/#website\"},\"datePublished\":\"2024-06-03T08:30:41+00:00\",\"dateModified\":\"2026-01-09T15:16:16+00:00\",\"description\":\"Visite virtuelle du CRITT M2A : d\u00e9couvrez nos bancs d\u2019essais batteries, convertisseurs, e-powertrain et \u00e9lectromobilit\u00e9 en immersion.\",\"breadcrumb\":{\"@id\":\"https:\/\/www.crittm2a.com\/fr\/virtual-tour\/#breadcrumb\"},\"inLanguage\":\"fr-FR\",\"potentialAction\":[{\"@type\":\"ReadAction\",\"target\":[\"https:\/\/www.crittm2a.com\/fr\/virtual-tour\/\"]}]},{\"@type\":\"BreadcrumbList\",\"@id\":\"https:\/\/www.crittm2a.com\/fr\/virtual-tour\/#breadcrumb\",\"itemListElement\":[{\"@type\":\"ListItem\",\"position\":1,\"name\":\"Accueil\",\"item\":\"https:\/\/www.crittm2a.com\/fr\/\"},{\"@type\":\"ListItem\",\"position\":2,\"name\":\"Virtual Tour\"}]},{\"@type\":\"WebSite\",\"@id\":\"https:\/\/www.crittm2a.com\/fr\/#website\",\"url\":\"https:\/\/www.crittm2a.com\/fr\/\",\"name\":\"Critt M2A\",\"description\":\"\",\"publisher\":{\"@id\":\"https:\/\/www.crittm2a.com\/fr\/#organization\"},\"potentialAction\":[{\"@type\":\"SearchAction\",\"target\":{\"@type\":\"EntryPoint\",\"urlTemplate\":\"https:\/\/www.crittm2a.com\/fr\/?s={search_term_string}\"},\"query-input\":{\"@type\":\"PropertyValueSpecification\",\"valueRequired\":true,\"valueName\":\"search_term_string\"}}],\"inLanguage\":\"fr-FR\"},{\"@type\":\"Organization\",\"@id\":\"https:\/\/www.crittm2a.com\/fr\/#organization\",\"name\":\"CrittM2A\",\"url\":\"https:\/\/www.crittm2a.com\/fr\/\",\"logo\":{\"@type\":\"ImageObject\",\"inLanguage\":\"fr-FR\",\"@id\":\"https:\/\/www.crittm2a.com\/fr\/#\/schema\/logo\/image\/\",\"url\":\"https:\/\/www.crittm2a.com\/wp-content\/uploads\/2025\/09\/logotype-critt_signature-COULEUR.jpg\",\"contentUrl\":\"https:\/\/www.crittm2a.com\/wp-content\/uploads\/2025\/09\/logotype-critt_signature-COULEUR.jpg\",\"width\":1476,\"height\":536,\"caption\":\"CrittM2A\"},\"image\":{\"@id\":\"https:\/\/www.crittm2a.com\/fr\/#\/schema\/logo\/image\/\"},\"sameAs\":[\"https:\/\/x.com\/critt_m2a\",\"https:\/\/www.linkedin.com\/company\/sas-critt-m2a\/?viewAsMember=true\"]}]}<\/script>\n<!-- \/ Yoast SEO plugin. -->","yoast_head_json":{"title":"Critt M2A","description":"Visite virtuelle du CRITT M2A : d\u00e9couvrez nos bancs d\u2019essais batteries, convertisseurs, e-powertrain et \u00e9lectromobilit\u00e9 en immersion.","robots":{"index":"index","follow":"follow","max-snippet":"max-snippet:-1","max-image-preview":"max-image-preview:large","max-video-preview":"max-video-preview:-1"},"canonical":"https:\/\/www.crittm2a.com\/fr\/virtual-tour\/","og_locale":"fr_FR","og_type":"article","og_title":"Visite virtuelle interactive \u2013 CRITT M2A \u2013 Centre d\u2019essais batterie & powertrain","og_description":"Visite virtuelle du CRITT M2A : d\u00e9couvrez nos bancs d\u2019essais batteries, convertisseurs, e-powertrain et \u00e9lectromobilit\u00e9 en immersion.","og_url":"https:\/\/www.crittm2a.com\/fr\/virtual-tour\/","og_site_name":"Critt M2A","article_modified_time":"2026-01-09T15:16:16+00:00","twitter_card":"summary_large_image","twitter_site":"@critt_m2a","twitter_misc":{"Dur\u00e9e de lecture estim\u00e9e":"1 minute"},"schema":{"@context":"https:\/\/schema.org","@graph":[{"@type":"WebPage","@id":"https:\/\/www.crittm2a.com\/fr\/virtual-tour\/","url":"https:\/\/www.crittm2a.com\/fr\/virtual-tour\/","name":"Visite virtuelle interactive \u2013 CRITT M2A \u2013 Centre d\u2019essais batterie & powertrain","isPartOf":{"@id":"https:\/\/www.crittm2a.com\/fr\/#website"},"datePublished":"2024-06-03T08:30:41+00:00","dateModified":"2026-01-09T15:16:16+00:00","description":"Visite virtuelle du CRITT M2A : d\u00e9couvrez nos bancs d\u2019essais batteries, convertisseurs, e-powertrain et \u00e9lectromobilit\u00e9 en immersion.","breadcrumb":{"@id":"https:\/\/www.crittm2a.com\/fr\/virtual-tour\/#breadcrumb"},"inLanguage":"fr-FR","potentialAction":[{"@type":"ReadAction","target":["https:\/\/www.crittm2a.com\/fr\/virtual-tour\/"]}]},{"@type":"BreadcrumbList","@id":"https:\/\/www.crittm2a.com\/fr\/virtual-tour\/#breadcrumb","itemListElement":[{"@type":"ListItem","position":1,"name":"Accueil","item":"https:\/\/www.crittm2a.com\/fr\/"},{"@type":"ListItem","position":2,"name":"Virtual Tour"}]},{"@type":"WebSite","@id":"https:\/\/www.crittm2a.com\/fr\/#website","url":"https:\/\/www.crittm2a.com\/fr\/","name":"Critt M2A","description":"","publisher":{"@id":"https:\/\/www.crittm2a.com\/fr\/#organization"},"potentialAction":[{"@type":"SearchAction","target":{"@type":"EntryPoint","urlTemplate":"https:\/\/www.crittm2a.com\/fr\/?s={search_term_string}"},"query-input":{"@type":"PropertyValueSpecification","valueRequired":true,"valueName":"search_term_string"}}],"inLanguage":"fr-FR"},{"@type":"Organization","@id":"https:\/\/www.crittm2a.com\/fr\/#organization","name":"CrittM2A","url":"https:\/\/www.crittm2a.com\/fr\/","logo":{"@type":"ImageObject","inLanguage":"fr-FR","@id":"https:\/\/www.crittm2a.com\/fr\/#\/schema\/logo\/image\/","url":"https:\/\/www.crittm2a.com\/wp-content\/uploads\/2025\/09\/logotype-critt_signature-COULEUR.jpg","contentUrl":"https:\/\/www.crittm2a.com\/wp-content\/uploads\/2025\/09\/logotype-critt_signature-COULEUR.jpg","width":1476,"height":536,"caption":"CrittM2A"},"image":{"@id":"https:\/\/www.crittm2a.com\/fr\/#\/schema\/logo\/image\/"},"sameAs":["https:\/\/x.com\/critt_m2a","https:\/\/www.linkedin.com\/company\/sas-critt-m2a\/?viewAsMember=true"]}]}},"jetpack_sharing_enabled":true,"_links":{"self":[{"href":"https:\/\/www.crittm2a.com\/fr\/wp-json\/wp\/v2\/pages\/4085","targetHints":{"allow":["GET"]}}],"collection":[{"href":"https:\/\/www.crittm2a.com\/fr\/wp-json\/wp\/v2\/pages"}],"about":[{"href":"https:\/\/www.crittm2a.com\/fr\/wp-json\/wp\/v2\/types\/page"}],"author":[{"embeddable":true,"href":"https:\/\/www.crittm2a.com\/fr\/wp-json\/wp\/v2\/users\/1"}],"replies":[{"embeddable":true,"href":"https:\/\/www.crittm2a.com\/fr\/wp-json\/wp\/v2\/comments?post=4085"}],"version-history":[{"count":4,"href":"https:\/\/www.crittm2a.com\/fr\/wp-json\/wp\/v2\/pages\/4085\/revisions"}],"predecessor-version":[{"id":5389,"href":"https:\/\/www.crittm2a.com\/fr\/wp-json\/wp\/v2\/pages\/4085\/revisions\/5389"}],"wp:attachment":[{"href":"https:\/\/www.crittm2a.com\/fr\/wp-json\/wp\/v2\/media?parent=4085"}],"curies":[{"name":"wp","href":"https:\/\/api.w.org\/{rel}","templated":true}]}}