{"id":3960,"date":"2023-11-09T14:16:37","date_gmt":"2023-11-09T13:16:37","guid":{"rendered":"https:\/\/www.crittm2a.com\/fr\/?page_id=3960"},"modified":"2023-11-09T14:17:09","modified_gmt":"2023-11-09T13:17:09","slug":"ingenieur-essais-batteries-h-f-2","status":"publish","type":"page","link":"https:\/\/www.crittm2a.com\/fr\/ingenieur-essais-batteries-h-f-2\/","title":{"rendered":"Ing\u00e9nieur Essais Powertrain H\/F"},"content":{"rendered":"<p><span style=\"font-size: 12pt;\">Le CRITT M2A recherche les talents de l\u2019\u00e9lectromobilit\u00e9 d\u2019aujourd\u2019hui et de demain pour compl\u00e9ter son \u00e9quipe d\u2019experts !<\/span><\/p>\n<p><span style=\"font-size: 12pt;\">Tu as soif de nouveaux challenges, d\u2019innovations technologiques\u00a0?! Tu arrives au moment id\u00e9al pour prendre place dans une entreprise en pleine croissance et dans un environnement innovant.<\/span><\/p>\n<p><span style=\"font-size: 12pt;\"><strong>Voici les missions qui s\u2019offrent \u00e0 toi\u00a0:<\/strong><\/span><\/p>\n<p>Tu int\u00e9greras une \u00e9quipe jeune et dynamique et tu seras amen\u00e9 \u00e0 concevoir et organiser des programmes d\u2019essais pour les cha\u00eenes de traction \u00ab\u00a0traditionnelles\u00a0\u00bb et \u00e9lectriques.<\/p>\n<p>A toi de d\u00e9terminer les moyens et les mesures physiques \u00e0 mettre en \u0153uvre pour tester les caract\u00e9ristiques, les performances ou la fiabilit\u00e9 des prototypes.<\/p>\n<p>Apr\u00e8s avoir d\u00e9termin\u00e9 les protocoles de tests et les m\u00e9thodologies d\u2019ex\u00e9cution, tu encadreras leur r\u00e9alisation, tu analyseras les r\u00e9sultats en support des techniciens d\u2019essais et tu proposeras des solutions d\u2019am\u00e9lioration pour le produit test\u00e9 ainsi que pour nos moyens d\u2019essais.<\/p>\n<p>Au contact direct des clients et en support de nos \u00e9quipes commerciales, tu seras acteur(-trice) de la transition \u00e9nerg\u00e9tique en participant \u00e0 un projet ambitieux pour construire une mobilit\u00e9 plus propre !<\/p>\n<p><span style=\"font-size: 12pt;\"><strong>Ton profil<\/strong><\/span><\/p>\n<p>Tu es titulaire d\u2019un dipl\u00f4me d\u2019ing\u00e9nieur g\u00e9n\u00e9raliste dans le domaine de la mobilit\u00e9 terrestre, tu as des comp\u00e9tences en motorisation thermique, hybride, \u00e9lectrique, l\u2019univers des essais te passionne, les noms comme PATools, Concerto, PUMA, INCA, Diagalyser, Canalyser\u2026 te parlent, et tu sais travailler en \u00e9quipe.<\/p>\n<p>Tu te reconnais dans ce profil ? Alors, cette annonce est faite pour toi !<\/p>\n<p><span style=\"font-size: 12pt;\"><strong>Les +<\/strong><\/span><\/p>\n<ul>\n<li><span style=\"font-size: 12pt;\">Une mutuelle et pr\u00e9voyance tr\u00e8s avantageuse\u202fprise en charge \u00e0 100%<\/span><\/li>\n<li><span style=\"font-size: 12pt;\">Des titres restaurant\u202f;<\/span><\/li>\n<li><span style=\"font-size: 12pt;\">Des primes (vacances, int\u00e9ressement)<\/span><\/li>\n<li><span style=\"font-size: 12pt;\">Un cadre de travail moderne avec des espaces de d\u00e9tente (baby-foot, canap\u00e9s &#8230;)<\/span><\/li>\n<li><span style=\"font-size: 12pt;\">Des fruits, du caf\u00e9 et th\u00e9 \u00e0 volont\u00e9<\/span><\/li>\n<li><span style=\"font-size: 12pt;\">Une politique d\u2019entreprise soucieuse du bien-\u00eatre de ses collaborateurs<\/span><\/li>\n<\/ul>\n<p><span style=\"font-size: 12pt;\"><strong>Convaincu(e) ? Postule vite et rejoins-nous !<\/strong><\/span><\/p>\n<p><span style=\"font-size: 14pt;\"><span style=\"font-size: 12pt;\">Envoie-nous ton CV \u00e0 <a href=\"mailto:crittm2a@crittm2a.com\">crittm2a@crittm2a.com<\/a><\/span><strong><br \/>\n<\/strong><\/span><\/p>\n","protected":false},"excerpt":{"rendered":"<p>Le CRITT M2A recherche les talents de l\u2019\u00e9lectromobilit\u00e9 d\u2019aujourd\u2019hui et de demain pour compl\u00e9ter son \u00e9quipe d\u2019experts ! Tu as [&hellip;]<\/p>\n","protected":false},"author":3,"featured_media":0,"parent":0,"menu_order":0,"comment_status":"closed","ping_status":"closed","template":"","meta":{"_acf_changed":false,"footnotes":""},"class_list":["post-3960","page","type-page","status-publish","hentry"],"acf":[],"yoast_head":"<!-- This site is optimized with the Yoast SEO plugin v27.1.1 - https:\/\/yoast.com\/product\/yoast-seo-wordpress\/ -->\n<title>Critt M2A<\/title>\n<meta name=\"robots\" content=\"index, follow, max-snippet:-1, max-image-preview:large, max-video-preview:-1\" \/>\n<link rel=\"canonical\" href=\"https:\/\/www.crittm2a.com\/fr\/ingenieur-essais-batteries-h-f-2\/\" \/>\n<meta property=\"og:locale\" content=\"fr_FR\" \/>\n<meta property=\"og:type\" content=\"article\" \/>\n<meta property=\"og:title\" content=\"Ing\u00e9nieur Essais Powertrain H\/F Critt M2A\" \/>\n<meta property=\"og:description\" content=\"Le CRITT M2A recherche les talents de l\u2019\u00e9lectromobilit\u00e9 d\u2019aujourd\u2019hui et de demain pour compl\u00e9ter son \u00e9quipe d\u2019experts ! Tu as [&hellip;]\" \/>\n<meta property=\"og:url\" content=\"https:\/\/www.crittm2a.com\/fr\/ingenieur-essais-batteries-h-f-2\/\" \/>\n<meta property=\"og:site_name\" content=\"Critt M2A\" \/>\n<meta property=\"article:modified_time\" content=\"2023-11-09T13:17:09+00:00\" \/>\n<meta name=\"twitter:card\" content=\"summary_large_image\" \/>\n<meta name=\"twitter:site\" content=\"@critt_m2a\" \/>\n<meta name=\"twitter:label1\" content=\"Dur\u00e9e de lecture estim\u00e9e\" \/>\n\t<meta name=\"twitter:data1\" content=\"2 minutes\" \/>\n<script type=\"application\/ld+json\" class=\"yoast-schema-graph\">{\"@context\":\"https:\/\/schema.org\",\"@graph\":[{\"@type\":\"WebPage\",\"@id\":\"https:\/\/www.crittm2a.com\/fr\/ingenieur-essais-batteries-h-f-2\/\",\"url\":\"https:\/\/www.crittm2a.com\/fr\/ingenieur-essais-batteries-h-f-2\/\",\"name\":\"Ing\u00e9nieur Essais Powertrain H\/F Critt M2A\",\"isPartOf\":{\"@id\":\"https:\/\/www.crittm2a.com\/fr\/#website\"},\"datePublished\":\"2023-11-09T13:16:37+00:00\",\"dateModified\":\"2023-11-09T13:17:09+00:00\",\"breadcrumb\":{\"@id\":\"https:\/\/www.crittm2a.com\/fr\/ingenieur-essais-batteries-h-f-2\/#breadcrumb\"},\"inLanguage\":\"fr-FR\",\"potentialAction\":[{\"@type\":\"ReadAction\",\"target\":[\"https:\/\/www.crittm2a.com\/fr\/ingenieur-essais-batteries-h-f-2\/\"]}]},{\"@type\":\"BreadcrumbList\",\"@id\":\"https:\/\/www.crittm2a.com\/fr\/ingenieur-essais-batteries-h-f-2\/#breadcrumb\",\"itemListElement\":[{\"@type\":\"ListItem\",\"position\":1,\"name\":\"Accueil\",\"item\":\"https:\/\/www.crittm2a.com\/fr\/\"},{\"@type\":\"ListItem\",\"position\":2,\"name\":\"Ing\u00e9nieur Essais Powertrain H\/F\"}]},{\"@type\":\"WebSite\",\"@id\":\"https:\/\/www.crittm2a.com\/fr\/#website\",\"url\":\"https:\/\/www.crittm2a.com\/fr\/\",\"name\":\"Critt M2A\",\"description\":\"\",\"publisher\":{\"@id\":\"https:\/\/www.crittm2a.com\/fr\/#organization\"},\"potentialAction\":[{\"@type\":\"SearchAction\",\"target\":{\"@type\":\"EntryPoint\",\"urlTemplate\":\"https:\/\/www.crittm2a.com\/fr\/?s={search_term_string}\"},\"query-input\":{\"@type\":\"PropertyValueSpecification\",\"valueRequired\":true,\"valueName\":\"search_term_string\"}}],\"inLanguage\":\"fr-FR\"},{\"@type\":\"Organization\",\"@id\":\"https:\/\/www.crittm2a.com\/fr\/#organization\",\"name\":\"CrittM2A\",\"url\":\"https:\/\/www.crittm2a.com\/fr\/\",\"logo\":{\"@type\":\"ImageObject\",\"inLanguage\":\"fr-FR\",\"@id\":\"https:\/\/www.crittm2a.com\/fr\/#\/schema\/logo\/image\/\",\"url\":\"https:\/\/www.crittm2a.com\/wp-content\/uploads\/2025\/09\/logotype-critt_signature-COULEUR.jpg\",\"contentUrl\":\"https:\/\/www.crittm2a.com\/wp-content\/uploads\/2025\/09\/logotype-critt_signature-COULEUR.jpg\",\"width\":1476,\"height\":536,\"caption\":\"CrittM2A\"},\"image\":{\"@id\":\"https:\/\/www.crittm2a.com\/fr\/#\/schema\/logo\/image\/\"},\"sameAs\":[\"https:\/\/x.com\/critt_m2a\",\"https:\/\/www.linkedin.com\/company\/sas-critt-m2a\/?viewAsMember=true\"]}]}<\/script>\n<!-- \/ Yoast SEO plugin. -->","yoast_head_json":{"title":"Critt M2A","robots":{"index":"index","follow":"follow","max-snippet":"max-snippet:-1","max-image-preview":"max-image-preview:large","max-video-preview":"max-video-preview:-1"},"canonical":"https:\/\/www.crittm2a.com\/fr\/ingenieur-essais-batteries-h-f-2\/","og_locale":"fr_FR","og_type":"article","og_title":"Ing\u00e9nieur Essais Powertrain H\/F Critt M2A","og_description":"Le CRITT M2A recherche les talents de l\u2019\u00e9lectromobilit\u00e9 d\u2019aujourd\u2019hui et de demain pour compl\u00e9ter son \u00e9quipe d\u2019experts ! Tu as [&hellip;]","og_url":"https:\/\/www.crittm2a.com\/fr\/ingenieur-essais-batteries-h-f-2\/","og_site_name":"Critt M2A","article_modified_time":"2023-11-09T13:17:09+00:00","twitter_card":"summary_large_image","twitter_site":"@critt_m2a","twitter_misc":{"Dur\u00e9e de lecture estim\u00e9e":"2 minutes"},"schema":{"@context":"https:\/\/schema.org","@graph":[{"@type":"WebPage","@id":"https:\/\/www.crittm2a.com\/fr\/ingenieur-essais-batteries-h-f-2\/","url":"https:\/\/www.crittm2a.com\/fr\/ingenieur-essais-batteries-h-f-2\/","name":"Ing\u00e9nieur Essais Powertrain H\/F Critt M2A","isPartOf":{"@id":"https:\/\/www.crittm2a.com\/fr\/#website"},"datePublished":"2023-11-09T13:16:37+00:00","dateModified":"2023-11-09T13:17:09+00:00","breadcrumb":{"@id":"https:\/\/www.crittm2a.com\/fr\/ingenieur-essais-batteries-h-f-2\/#breadcrumb"},"inLanguage":"fr-FR","potentialAction":[{"@type":"ReadAction","target":["https:\/\/www.crittm2a.com\/fr\/ingenieur-essais-batteries-h-f-2\/"]}]},{"@type":"BreadcrumbList","@id":"https:\/\/www.crittm2a.com\/fr\/ingenieur-essais-batteries-h-f-2\/#breadcrumb","itemListElement":[{"@type":"ListItem","position":1,"name":"Accueil","item":"https:\/\/www.crittm2a.com\/fr\/"},{"@type":"ListItem","position":2,"name":"Ing\u00e9nieur Essais Powertrain H\/F"}]},{"@type":"WebSite","@id":"https:\/\/www.crittm2a.com\/fr\/#website","url":"https:\/\/www.crittm2a.com\/fr\/","name":"Critt M2A","description":"","publisher":{"@id":"https:\/\/www.crittm2a.com\/fr\/#organization"},"potentialAction":[{"@type":"SearchAction","target":{"@type":"EntryPoint","urlTemplate":"https:\/\/www.crittm2a.com\/fr\/?s={search_term_string}"},"query-input":{"@type":"PropertyValueSpecification","valueRequired":true,"valueName":"search_term_string"}}],"inLanguage":"fr-FR"},{"@type":"Organization","@id":"https:\/\/www.crittm2a.com\/fr\/#organization","name":"CrittM2A","url":"https:\/\/www.crittm2a.com\/fr\/","logo":{"@type":"ImageObject","inLanguage":"fr-FR","@id":"https:\/\/www.crittm2a.com\/fr\/#\/schema\/logo\/image\/","url":"https:\/\/www.crittm2a.com\/wp-content\/uploads\/2025\/09\/logotype-critt_signature-COULEUR.jpg","contentUrl":"https:\/\/www.crittm2a.com\/wp-content\/uploads\/2025\/09\/logotype-critt_signature-COULEUR.jpg","width":1476,"height":536,"caption":"CrittM2A"},"image":{"@id":"https:\/\/www.crittm2a.com\/fr\/#\/schema\/logo\/image\/"},"sameAs":["https:\/\/x.com\/critt_m2a","https:\/\/www.linkedin.com\/company\/sas-critt-m2a\/?viewAsMember=true"]}]}},"jetpack_sharing_enabled":true,"_links":{"self":[{"href":"https:\/\/www.crittm2a.com\/fr\/wp-json\/wp\/v2\/pages\/3960","targetHints":{"allow":["GET"]}}],"collection":[{"href":"https:\/\/www.crittm2a.com\/fr\/wp-json\/wp\/v2\/pages"}],"about":[{"href":"https:\/\/www.crittm2a.com\/fr\/wp-json\/wp\/v2\/types\/page"}],"author":[{"embeddable":true,"href":"https:\/\/www.crittm2a.com\/fr\/wp-json\/wp\/v2\/users\/3"}],"replies":[{"embeddable":true,"href":"https:\/\/www.crittm2a.com\/fr\/wp-json\/wp\/v2\/comments?post=3960"}],"version-history":[{"count":2,"href":"https:\/\/www.crittm2a.com\/fr\/wp-json\/wp\/v2\/pages\/3960\/revisions"}],"predecessor-version":[{"id":3962,"href":"https:\/\/www.crittm2a.com\/fr\/wp-json\/wp\/v2\/pages\/3960\/revisions\/3962"}],"wp:attachment":[{"href":"https:\/\/www.crittm2a.com\/fr\/wp-json\/wp\/v2\/media?parent=3960"}],"curies":[{"name":"wp","href":"https:\/\/api.w.org\/{rel}","templated":true}]}}