{"id":3667,"date":"2023-03-03T14:37:51","date_gmt":"2023-03-03T13:37:51","guid":{"rendered":"https:\/\/www.crittm2a.com\/fr\/?page_id=3667"},"modified":"2024-06-27T17:04:44","modified_gmt":"2024-06-27T15:04:44","slug":"ingenieur-ou-docteur-rd-et-modelisation-batteries-h-f-en-cdi","status":"publish","type":"page","link":"https:\/\/www.crittm2a.com\/fr\/ingenieur-ou-docteur-rd-et-modelisation-batteries-h-f-en-cdi\/","title":{"rendered":"Ing\u00e9nieur ou Docteur R&#038;D et mod\u00e9lisation Batteries H\/F en CDI"},"content":{"rendered":"<p><span style=\"font-size: 12pt;\">Le CRITT M2A recherche les talents de l\u2019\u00e9lectromobilit\u00e9 d\u2019aujourd\u2019hui et de demain pour compl\u00e9ter son \u00e9quipe d\u2019experts\u00a0!<br \/>\n<span class=\"S1PPyQ\">Dans le cadre du d\u00e9veloppement de son unit\u00e9 R&amp;D, nous recrutons <strong>un(e) ing\u00e9nieur(e)\/docteur(e) R&amp;D mod\u00e9lisation batteries.<\/strong><\/span><\/span><\/p>\n<p><span style=\"font-size: 12pt;\">Tu as soif de nouveaux challenges, d\u2019innovations technologiques\u00a0?! Tu arrives au moment id\u00e9al pour prendre place dans une entreprise en pleine croissance et dans un environnement innovant.<\/span><\/p>\n<p><span style=\"font-size: 12pt;\"><strong>Voici les missions qui s\u2019offrent \u00e0 toi\u00a0:<\/strong><\/span><\/p>\n<p class=\"_04xlpA direction-ltr align-start para-style-body\"><span class=\"S1PPyQ\" style=\"font-size: 12pt;\">Tu seras en charge du pilotage des activit\u00e9s batteries en lien avec la mod\u00e9lisation et les essais batteries de nature \u00e9lectriques, thermiques, m\u00e9caniques et de vieillissement.<\/span><\/p>\n<p class=\"_04xlpA direction-ltr align-start para-style-body\"><span class=\"S1PPyQ\" style=\"font-size: 12pt;\">Le d\u00e9but de l\u2019activit\u00e9 s\u2019inscrit dans la construction et la r\u00e9alisation d\u2019un projet R&amp;D subventionn\u00e9 sur le d\u00e9veloppement d\u2019une plateforme innovante d\u2019essais num\u00e9riques batteries. Pass\u00e9 cette phase projet, tu prendras en charge la responsabilit\u00e9 de l\u2019activit\u00e9 calcul au sein de la structure en collaboration avec les \u00e9quipes essais.<\/span><\/p>\n<p><strong><span style=\"font-size: 12pt;\">Tes missions :<\/span><\/strong><\/p>\n<ul>\n<li><span class=\"S1PPyQ\" style=\"font-size: 12pt;\">Construire et r\u00e9aliser la roadmap mod\u00e9lisation batteries<\/span><\/li>\n<li><span class=\"S1PPyQ\" style=\"font-size: 12pt;\">Contribuer au montage et \u00e0 l\u2019animation d\u2019une \u00e9quipe mod\u00e9lisation batteries<\/span><\/li>\n<li><span class=\"S1PPyQ\" style=\"font-size: 12pt;\">Assurer le suivi des plannings et du budget relatif \u00e0 l\u2019activit\u00e9 mod\u00e9lisation batteries<\/span><\/li>\n<li><span class=\"S1PPyQ\" style=\"font-size: 12pt;\">D\u00e9velopper et faire \u00e9voluer la plateforme de mod\u00e9lisation num\u00e9rique batteries \u00e0 l\u2019aide d\u2019outils informatiques<\/span><\/li>\n<li><span class=\"S1PPyQ\" style=\"font-size: 12pt;\">D\u00e9velopper le plan d\u2019int\u00e9gration validation essais batteries en lien avec la plateforme de simulation num\u00e9rique<\/span><\/li>\n<li><span class=\"S1PPyQ\" style=\"font-size: 12pt;\">\u00catre support technique par l\u2019expertise aux \u00e9quipes essais batteries<\/span><\/li>\n<li><span class=\"S1PPyQ\" style=\"font-size: 12pt;\">Apporter son expertise lors de l&rsquo;\u00e9tude de faisabilit\u00e9 et du chiffrage des offres clients en collaboration avec le service commercial<\/span><\/li>\n<li><span class=\"S1PPyQ\" style=\"font-size: 12pt;\">Construire et animer les formations dans son domaine technique, au sein du CRITTM2A<\/span><\/li>\n<li><span class=\"S1PPyQ\" style=\"font-size: 12pt;\">Repr\u00e9senter le centre lors des conf\u00e9rences et manifestations li\u00e9es au domaine d\u2019activit\u00e9<\/span><\/li>\n<li><span class=\"S1PPyQ\" style=\"font-size: 12pt;\">R\u00e9aliser les actions n\u00e9cessaires pour le bon d\u00e9roulement des sujets R&amp;D<\/span><\/li>\n<\/ul>\n<p><span style=\"font-size: 12pt;\">Au contact direct des clients, tu seras acteur(-trice) de la transition \u00e9nerg\u00e9tique en participant \u00e0 un projet ambitieux pour construire une mobilit\u00e9 plus propre !<\/span><\/p>\n<p><span style=\"font-size: 12pt;\"><strong>Ton profil :<\/strong><\/span><\/p>\n<p><span style=\"font-size: 12pt;\"><span class=\"S1PPyQ\">Titulaire d\u2019un doctorat, tu poss\u00e8des une connaissance solide dans le domaine des batteries. T<\/span><span class=\"S1PPyQ\">u as des comp\u00e9tences \u00e9lectroniques, \u00e9lectriques, en programmation avec un attrait pour l\u2019informatique, les math\u00e9matiques, les essais, le stockage d\u2019\u00e9nergie et les mesures.<\/span><\/span><\/p>\n<p class=\"_04xlpA direction-ltr align-start para-style-body\"><span style=\"font-size: 12pt;\"><span class=\"S1PPyQ\">Tu ma\u00eetrises Matlab\/Simulink ou un logiciel \u00e9quivalent (AMESIM ou autres) et poss\u00e8des un bon niveau d&rsquo;anglais.<br \/>\n<\/span><span class=\"S1PPyQ\">Tu as de solides connaissances en mod\u00e9lisation batteries avec couplage des effets \u00e9lectrothermiques et de vieillissement. <br \/>\nDes connaissances en \u00e9lectrochimie sont fortement appr\u00e9ci\u00e9es.<\/span><\/span><\/p>\n<p class=\"_04xlpA direction-ltr align-start para-style-body\"><span style=\"font-size: 12pt;\"><span class=\"S1PPyQ\">Tu te reconnais dans ce profil ? Alors ce poste est fait pour toi !<br \/>\n<\/span>Tu n&rsquo;as pas d&rsquo;exp\u00e9rience? Pas de panique, nous acceptons les d\u00e9butants !<\/span><\/p>\n<p><span style=\"font-size: 12pt;\">Le salaire sera \u00e0 n\u00e9gocier selon ton profil<\/span><\/p>\n<p><span style=\"font-size: 12pt;\"><strong>Les +<\/strong><\/span><\/p>\n<ul>\n<li><span style=\"font-size: 12pt;\">Une mutuelle et pr\u00e9voyance tr\u00e8s avantageuse\u202fprise en charge \u00e0 100%<\/span><\/li>\n<li><span style=\"font-size: 12pt;\">Des titres restaurant\u202f;<\/span><\/li>\n<li><span style=\"font-size: 12pt;\">Des primes (vacances, Int\u00e9ressement)<\/span><\/li>\n<li><span style=\"font-size: 12pt;\">Un cadre de travail moderne avec des espaces de d\u00e9tente (baby-foot, canap\u00e9s &#8230;)<\/span><\/li>\n<li><span style=\"font-size: 12pt;\">Des fruits, du caf\u00e9 et th\u00e9 \u00e0 volont\u00e9<\/span><\/li>\n<li><span style=\"font-size: 12pt;\">Une politique d\u2019entreprise soucieuse du bien-\u00eatre de ses collaborateurs<\/span><\/li>\n<\/ul>\n<p><span style=\"font-size: 12pt;\"><strong>Convaincu(e) ? Postule vite et rejoins-nous !<\/strong><\/span><\/p>\n<p><span style=\"font-size: 12pt;\">Envoie-nous ton CV \u00e0 <a href=\"mailto:crittm2a@crittm2a.com\">crittm2a@crittm2a.com<\/a><\/span><\/p>\n","protected":false},"excerpt":{"rendered":"<p>Le CRITT M2A recherche les talents de l\u2019\u00e9lectromobilit\u00e9 d\u2019aujourd\u2019hui et de demain pour compl\u00e9ter son \u00e9quipe d\u2019experts\u00a0! Dans le cadre [&hellip;]<\/p>\n","protected":false},"author":3,"featured_media":0,"parent":0,"menu_order":0,"comment_status":"closed","ping_status":"closed","template":"","meta":{"_acf_changed":false,"footnotes":""},"class_list":["post-3667","page","type-page","status-publish","hentry"],"acf":[],"yoast_head":"<!-- This site is optimized with the Yoast SEO plugin v27.1.1 - https:\/\/yoast.com\/product\/yoast-seo-wordpress\/ -->\n<title>Critt M2A<\/title>\n<meta name=\"robots\" content=\"index, follow, max-snippet:-1, max-image-preview:large, max-video-preview:-1\" \/>\n<link rel=\"canonical\" href=\"https:\/\/www.crittm2a.com\/fr\/ingenieur-ou-docteur-rd-et-modelisation-batteries-h-f-en-cdi\/\" \/>\n<meta property=\"og:locale\" content=\"fr_FR\" \/>\n<meta property=\"og:type\" content=\"article\" \/>\n<meta property=\"og:title\" content=\"Ing\u00e9nieur ou Docteur R&amp;D et mod\u00e9lisation Batteries H\/F en CDI Critt M2A\" \/>\n<meta property=\"og:description\" content=\"Le CRITT M2A recherche les talents de l\u2019\u00e9lectromobilit\u00e9 d\u2019aujourd\u2019hui et de demain pour compl\u00e9ter son \u00e9quipe d\u2019experts\u00a0! Dans le cadre [&hellip;]\" \/>\n<meta property=\"og:url\" content=\"https:\/\/www.crittm2a.com\/fr\/ingenieur-ou-docteur-rd-et-modelisation-batteries-h-f-en-cdi\/\" \/>\n<meta property=\"og:site_name\" content=\"Critt M2A\" \/>\n<meta property=\"article:modified_time\" content=\"2024-06-27T15:04:44+00:00\" \/>\n<meta name=\"twitter:card\" content=\"summary_large_image\" \/>\n<meta name=\"twitter:site\" content=\"@critt_m2a\" \/>\n<meta name=\"twitter:label1\" content=\"Dur\u00e9e de lecture estim\u00e9e\" \/>\n\t<meta name=\"twitter:data1\" content=\"3 minutes\" \/>\n<script type=\"application\/ld+json\" class=\"yoast-schema-graph\">{\"@context\":\"https:\/\/schema.org\",\"@graph\":[{\"@type\":\"WebPage\",\"@id\":\"https:\/\/www.crittm2a.com\/fr\/ingenieur-ou-docteur-rd-et-modelisation-batteries-h-f-en-cdi\/\",\"url\":\"https:\/\/www.crittm2a.com\/fr\/ingenieur-ou-docteur-rd-et-modelisation-batteries-h-f-en-cdi\/\",\"name\":\"Ing\u00e9nieur ou Docteur R&D et mod\u00e9lisation Batteries H\/F en CDI Critt M2A\",\"isPartOf\":{\"@id\":\"https:\/\/www.crittm2a.com\/fr\/#website\"},\"datePublished\":\"2023-03-03T13:37:51+00:00\",\"dateModified\":\"2024-06-27T15:04:44+00:00\",\"breadcrumb\":{\"@id\":\"https:\/\/www.crittm2a.com\/fr\/ingenieur-ou-docteur-rd-et-modelisation-batteries-h-f-en-cdi\/#breadcrumb\"},\"inLanguage\":\"fr-FR\",\"potentialAction\":[{\"@type\":\"ReadAction\",\"target\":[\"https:\/\/www.crittm2a.com\/fr\/ingenieur-ou-docteur-rd-et-modelisation-batteries-h-f-en-cdi\/\"]}]},{\"@type\":\"BreadcrumbList\",\"@id\":\"https:\/\/www.crittm2a.com\/fr\/ingenieur-ou-docteur-rd-et-modelisation-batteries-h-f-en-cdi\/#breadcrumb\",\"itemListElement\":[{\"@type\":\"ListItem\",\"position\":1,\"name\":\"Accueil\",\"item\":\"https:\/\/www.crittm2a.com\/fr\/\"},{\"@type\":\"ListItem\",\"position\":2,\"name\":\"Ing\u00e9nieur ou Docteur R&#038;D et mod\u00e9lisation Batteries H\/F en CDI\"}]},{\"@type\":\"WebSite\",\"@id\":\"https:\/\/www.crittm2a.com\/fr\/#website\",\"url\":\"https:\/\/www.crittm2a.com\/fr\/\",\"name\":\"Critt M2A\",\"description\":\"\",\"publisher\":{\"@id\":\"https:\/\/www.crittm2a.com\/fr\/#organization\"},\"potentialAction\":[{\"@type\":\"SearchAction\",\"target\":{\"@type\":\"EntryPoint\",\"urlTemplate\":\"https:\/\/www.crittm2a.com\/fr\/?s={search_term_string}\"},\"query-input\":{\"@type\":\"PropertyValueSpecification\",\"valueRequired\":true,\"valueName\":\"search_term_string\"}}],\"inLanguage\":\"fr-FR\"},{\"@type\":\"Organization\",\"@id\":\"https:\/\/www.crittm2a.com\/fr\/#organization\",\"name\":\"CrittM2A\",\"url\":\"https:\/\/www.crittm2a.com\/fr\/\",\"logo\":{\"@type\":\"ImageObject\",\"inLanguage\":\"fr-FR\",\"@id\":\"https:\/\/www.crittm2a.com\/fr\/#\/schema\/logo\/image\/\",\"url\":\"https:\/\/www.crittm2a.com\/wp-content\/uploads\/2025\/09\/logotype-critt_signature-COULEUR.jpg\",\"contentUrl\":\"https:\/\/www.crittm2a.com\/wp-content\/uploads\/2025\/09\/logotype-critt_signature-COULEUR.jpg\",\"width\":1476,\"height\":536,\"caption\":\"CrittM2A\"},\"image\":{\"@id\":\"https:\/\/www.crittm2a.com\/fr\/#\/schema\/logo\/image\/\"},\"sameAs\":[\"https:\/\/x.com\/critt_m2a\",\"https:\/\/www.linkedin.com\/company\/sas-critt-m2a\/?viewAsMember=true\"]}]}<\/script>\n<!-- \/ Yoast SEO plugin. -->","yoast_head_json":{"title":"Critt M2A","robots":{"index":"index","follow":"follow","max-snippet":"max-snippet:-1","max-image-preview":"max-image-preview:large","max-video-preview":"max-video-preview:-1"},"canonical":"https:\/\/www.crittm2a.com\/fr\/ingenieur-ou-docteur-rd-et-modelisation-batteries-h-f-en-cdi\/","og_locale":"fr_FR","og_type":"article","og_title":"Ing\u00e9nieur ou Docteur R&D et mod\u00e9lisation Batteries H\/F en CDI Critt M2A","og_description":"Le CRITT M2A recherche les talents de l\u2019\u00e9lectromobilit\u00e9 d\u2019aujourd\u2019hui et de demain pour compl\u00e9ter son \u00e9quipe d\u2019experts\u00a0! Dans le cadre [&hellip;]","og_url":"https:\/\/www.crittm2a.com\/fr\/ingenieur-ou-docteur-rd-et-modelisation-batteries-h-f-en-cdi\/","og_site_name":"Critt M2A","article_modified_time":"2024-06-27T15:04:44+00:00","twitter_card":"summary_large_image","twitter_site":"@critt_m2a","twitter_misc":{"Dur\u00e9e de lecture estim\u00e9e":"3 minutes"},"schema":{"@context":"https:\/\/schema.org","@graph":[{"@type":"WebPage","@id":"https:\/\/www.crittm2a.com\/fr\/ingenieur-ou-docteur-rd-et-modelisation-batteries-h-f-en-cdi\/","url":"https:\/\/www.crittm2a.com\/fr\/ingenieur-ou-docteur-rd-et-modelisation-batteries-h-f-en-cdi\/","name":"Ing\u00e9nieur ou Docteur R&D et mod\u00e9lisation Batteries H\/F en CDI Critt M2A","isPartOf":{"@id":"https:\/\/www.crittm2a.com\/fr\/#website"},"datePublished":"2023-03-03T13:37:51+00:00","dateModified":"2024-06-27T15:04:44+00:00","breadcrumb":{"@id":"https:\/\/www.crittm2a.com\/fr\/ingenieur-ou-docteur-rd-et-modelisation-batteries-h-f-en-cdi\/#breadcrumb"},"inLanguage":"fr-FR","potentialAction":[{"@type":"ReadAction","target":["https:\/\/www.crittm2a.com\/fr\/ingenieur-ou-docteur-rd-et-modelisation-batteries-h-f-en-cdi\/"]}]},{"@type":"BreadcrumbList","@id":"https:\/\/www.crittm2a.com\/fr\/ingenieur-ou-docteur-rd-et-modelisation-batteries-h-f-en-cdi\/#breadcrumb","itemListElement":[{"@type":"ListItem","position":1,"name":"Accueil","item":"https:\/\/www.crittm2a.com\/fr\/"},{"@type":"ListItem","position":2,"name":"Ing\u00e9nieur ou Docteur R&#038;D et mod\u00e9lisation Batteries H\/F en CDI"}]},{"@type":"WebSite","@id":"https:\/\/www.crittm2a.com\/fr\/#website","url":"https:\/\/www.crittm2a.com\/fr\/","name":"Critt M2A","description":"","publisher":{"@id":"https:\/\/www.crittm2a.com\/fr\/#organization"},"potentialAction":[{"@type":"SearchAction","target":{"@type":"EntryPoint","urlTemplate":"https:\/\/www.crittm2a.com\/fr\/?s={search_term_string}"},"query-input":{"@type":"PropertyValueSpecification","valueRequired":true,"valueName":"search_term_string"}}],"inLanguage":"fr-FR"},{"@type":"Organization","@id":"https:\/\/www.crittm2a.com\/fr\/#organization","name":"CrittM2A","url":"https:\/\/www.crittm2a.com\/fr\/","logo":{"@type":"ImageObject","inLanguage":"fr-FR","@id":"https:\/\/www.crittm2a.com\/fr\/#\/schema\/logo\/image\/","url":"https:\/\/www.crittm2a.com\/wp-content\/uploads\/2025\/09\/logotype-critt_signature-COULEUR.jpg","contentUrl":"https:\/\/www.crittm2a.com\/wp-content\/uploads\/2025\/09\/logotype-critt_signature-COULEUR.jpg","width":1476,"height":536,"caption":"CrittM2A"},"image":{"@id":"https:\/\/www.crittm2a.com\/fr\/#\/schema\/logo\/image\/"},"sameAs":["https:\/\/x.com\/critt_m2a","https:\/\/www.linkedin.com\/company\/sas-critt-m2a\/?viewAsMember=true"]}]}},"jetpack_sharing_enabled":true,"_links":{"self":[{"href":"https:\/\/www.crittm2a.com\/fr\/wp-json\/wp\/v2\/pages\/3667","targetHints":{"allow":["GET"]}}],"collection":[{"href":"https:\/\/www.crittm2a.com\/fr\/wp-json\/wp\/v2\/pages"}],"about":[{"href":"https:\/\/www.crittm2a.com\/fr\/wp-json\/wp\/v2\/types\/page"}],"author":[{"embeddable":true,"href":"https:\/\/www.crittm2a.com\/fr\/wp-json\/wp\/v2\/users\/3"}],"replies":[{"embeddable":true,"href":"https:\/\/www.crittm2a.com\/fr\/wp-json\/wp\/v2\/comments?post=3667"}],"version-history":[{"count":10,"href":"https:\/\/www.crittm2a.com\/fr\/wp-json\/wp\/v2\/pages\/3667\/revisions"}],"predecessor-version":[{"id":4494,"href":"https:\/\/www.crittm2a.com\/fr\/wp-json\/wp\/v2\/pages\/3667\/revisions\/4494"}],"wp:attachment":[{"href":"https:\/\/www.crittm2a.com\/fr\/wp-json\/wp\/v2\/media?parent=3667"}],"curies":[{"name":"wp","href":"https:\/\/api.w.org\/{rel}","templated":true}]}}