{"id":3665,"date":"2023-03-03T14:35:38","date_gmt":"2023-03-03T13:35:38","guid":{"rendered":"https:\/\/www.crittm2a.com\/fr\/?page_id=3665"},"modified":"2023-04-17T10:32:16","modified_gmt":"2023-04-17T08:32:16","slug":"ingenieur-ou-docteur-rd-electronique-de-puissance-h-f","status":"publish","type":"page","link":"https:\/\/www.crittm2a.com\/fr\/ingenieur-ou-docteur-rd-electronique-de-puissance-h-f\/","title":{"rendered":"Ing\u00e9nieur ou Docteur R&#038;D \u00e9lectronique de puissance H\/F"},"content":{"rendered":"<p><span style=\"font-size: 12pt;\">Le CRITT M2A recherche les talents de l\u2019\u00e9lectromobilit\u00e9 d\u2019aujourd\u2019hui et de demain pour compl\u00e9ter son \u00e9quipe d\u2019experts\u00a0!<\/span><br \/>\n<span class=\"S1PPyQ\" style=\"font-size: 12pt;\">Dans le cadre du d\u00e9veloppement de son unit\u00e9 R&amp;D, nous recrutons\u00a0un(e) ing\u00e9nieur(e) ou docteur(e) R&amp;D avec un champ de comp\u00e9tences onduleur et un compl\u00e9ment \u00e9lectronique de puissance.<\/span><\/p>\n<p><span style=\"font-size: 12pt;\">Tu as soif de nouveaux challenges, d\u2019innovations technologiques\u00a0?! Tu arrives au moment id\u00e9al pour prendre place dans une entreprise en pleine croissance et dans un environnement innovant.<\/span><\/p>\n<p><span style=\"font-size: 12pt;\"><strong>Voici les missions qui s\u2019offrent \u00e0 toi\u00a0:<\/strong><\/span><\/p>\n<p><span class=\"S1PPyQ\" style=\"font-size: 12pt;\">Tu seras en charge du pilotage d\u2019un banc onduleur et de l\u2019expertise en \u00e9lectronique de puissance concernant diff\u00e9rents sujets de R&amp;D subventionn\u00e9s et de prestations d\u2019essais en lien avec des acteurs industriels et acad\u00e9miques.<\/span><\/p>\n<p><span style=\"font-size: 12pt;\"><strong>Tu seras amen\u00e9(e) \u00e0 :<\/strong><\/span><\/p>\n<ul>\n<li><span class=\"S1PPyQ\" style=\"font-size: 12pt;\">Evaluer la faisabilit\u00e9 des demandes d\u2019essais destin\u00e9es au banc convertisseur de puissance<\/span><\/li>\n<li><span class=\"S1PPyQ\" style=\"font-size: 12pt;\">\u00catre support technique par l\u2019expertise aux \u00e9quipes techniques<\/span><\/li>\n<li><span class=\"S1PPyQ\" style=\"font-size: 12pt;\">Apporter son expertise lors de l&rsquo;\u00e9tude de faisabilit\u00e9 et du chiffrage des offres clients en collaboration avec le service commercial<\/span><\/li>\n<li><span class=\"S1PPyQ\" style=\"font-size: 12pt;\">R\u00e9aliser et suivre les essais en collaboration avec les techniciens<\/span><\/li>\n<li><span class=\"S1PPyQ\" style=\"font-size: 12pt;\">R\u00e9pondre aux clients concernant des questions et analyses techniques sp\u00e9cifiques<\/span><\/li>\n<li><span class=\"S1PPyQ\" style=\"font-size: 12pt;\">Apporter une expertise technique et scientifique concernant les r\u00e9sultats d\u2019essais<\/span><\/li>\n<li><span class=\"S1PPyQ\" style=\"font-size: 12pt;\">Assurer le suivi des plannings et du budget relatif \u00e0 l\u2019activit\u00e9 d\u2019un projet<\/span><\/li>\n<li><span class=\"S1PPyQ\" style=\"font-size: 12pt;\">Repr\u00e9senter le centre lors des conf\u00e9rences et manifestations li\u00e9es au domaine d\u2019activit\u00e9<\/span><\/li>\n<li><span class=\"S1PPyQ\" style=\"font-size: 12pt;\">Contribuer op\u00e9rationnellement aux autres th\u00e9matiques et projets de R&amp;D du CRITT M2A<\/span><\/li>\n<\/ul>\n<p><span style=\"font-size: 12pt;\">Au contact direct des clients, tu seras acteur(-trice) de la transition \u00e9nerg\u00e9tique en participant \u00e0 un projet ambitieux pour construire une mobilit\u00e9 plus propre !<\/span><\/p>\n<p><span style=\"font-size: 12pt;\"><strong>Ton profil<\/strong><\/span><\/p>\n<p class=\"_04xlpA direction-ltr align-justify para-style-body\"><span style=\"font-size: 12pt;\"><span class=\"S1PPyQ\">Titulaire d\u2019un doctorat ou d\u2019un dipl\u00f4me d\u2019ing\u00e9nieur, tu poss\u00e8des une connaissance solide dans le domaine des convertisseurs de puissance et la cha\u00eene de traction \u00e9lectrique. Tu as<\/span><span class=\"S1PPyQ\"> des comp\u00e9tences \u00e9lectroniques, \u00e9lectriques, en programmation avec un attrait pour l\u2019informatique, les math\u00e9matiques, les essais et les mesures.<\/span><\/span><\/p>\n<p class=\"_04xlpA direction-ltr align-justify para-style-body\"><span class=\"S1PPyQ\" style=\"font-size: 12pt;\">Tu ma\u00eetrises Matlab\/Simulink ou un logiciel \u00e9quivalent et poss\u00e8des un bon niveau d&rsquo;anglais.<\/span><\/p>\n<p class=\"_04xlpA direction-ltr align-justify para-style-body\"><span style=\"font-size: 12pt;\"><span class=\"S1PPyQ\">Tu te reconnais dans ce profil ? Alors ce poste est fait pour toi !<br \/>\n<\/span><span class=\"S1PPyQ\">Tu n&rsquo;as pas d&rsquo;exp\u00e9rience? Pas de panique, nous acceptons les d\u00e9butants\u00a0 !<\/span><\/span><\/p>\n<p><span style=\"font-size: 12pt;\">Le salaire sera \u00e0 n\u00e9gocier selon ton profil<\/span><\/p>\n<p><span style=\"font-size: 12pt;\"><strong>Les +<\/strong><\/span><\/p>\n<ul>\n<li><span style=\"font-size: 12pt;\">Une mutuelle et pr\u00e9voyance tr\u00e8s avantageuse\u202fprise en charge \u00e0 100%<\/span><\/li>\n<li><span style=\"font-size: 12pt;\">Des titres restaurant\u202f;<\/span><\/li>\n<li><span style=\"font-size: 12pt;\">Des primes (vacances, Int\u00e9ressement)<\/span><\/li>\n<li><span style=\"font-size: 12pt;\">Un cadre de travail moderne avec des espaces de d\u00e9tente (baby-foot, canap\u00e9s &#8230;)<\/span><\/li>\n<li><span style=\"font-size: 12pt;\">Des fruits, du caf\u00e9 et th\u00e9 \u00e0 volont\u00e9<\/span><\/li>\n<li><span style=\"font-size: 12pt;\">Une politique d\u2019entreprise soucieuse du bien-\u00eatre de ses collaborateurs<\/span><\/li>\n<\/ul>\n<p><span style=\"font-size: 12pt;\"><strong>Convaincu(e) ? Postule vite et rejoins-nous !<\/strong><\/span><\/p>\n<p><span style=\"font-size: 12pt;\">Envoie-nous ton CV \u00e0 <a href=\"mailto:crittm2a@crittm2a.com\">crittm2a@crittm2a.com<\/a><\/span><\/p>\n","protected":false},"excerpt":{"rendered":"<p>Le CRITT M2A recherche les talents de l\u2019\u00e9lectromobilit\u00e9 d\u2019aujourd\u2019hui et de demain pour compl\u00e9ter son \u00e9quipe d\u2019experts\u00a0! Dans le cadre [&hellip;]<\/p>\n","protected":false},"author":3,"featured_media":0,"parent":0,"menu_order":0,"comment_status":"closed","ping_status":"closed","template":"","meta":{"_acf_changed":false,"footnotes":""},"class_list":["post-3665","page","type-page","status-publish","hentry"],"acf":[],"yoast_head":"<!-- This site is optimized with the Yoast SEO plugin v27.1.1 - https:\/\/yoast.com\/product\/yoast-seo-wordpress\/ -->\n<title>Critt M2A<\/title>\n<meta name=\"robots\" content=\"index, follow, max-snippet:-1, max-image-preview:large, max-video-preview:-1\" \/>\n<link rel=\"canonical\" href=\"https:\/\/www.crittm2a.com\/fr\/ingenieur-ou-docteur-rd-electronique-de-puissance-h-f\/\" \/>\n<meta property=\"og:locale\" content=\"fr_FR\" \/>\n<meta property=\"og:type\" content=\"article\" \/>\n<meta property=\"og:title\" content=\"Ing\u00e9nieur ou Docteur R&amp;D \u00e9lectronique de puissance H\/F Critt M2A\" \/>\n<meta property=\"og:description\" content=\"Le CRITT M2A recherche les talents de l\u2019\u00e9lectromobilit\u00e9 d\u2019aujourd\u2019hui et de demain pour compl\u00e9ter son \u00e9quipe d\u2019experts\u00a0! Dans le cadre [&hellip;]\" \/>\n<meta property=\"og:url\" content=\"https:\/\/www.crittm2a.com\/fr\/ingenieur-ou-docteur-rd-electronique-de-puissance-h-f\/\" \/>\n<meta property=\"og:site_name\" content=\"Critt M2A\" \/>\n<meta property=\"article:modified_time\" content=\"2023-04-17T08:32:16+00:00\" \/>\n<meta name=\"twitter:card\" content=\"summary_large_image\" \/>\n<meta name=\"twitter:site\" content=\"@critt_m2a\" \/>\n<meta name=\"twitter:label1\" content=\"Dur\u00e9e de lecture estim\u00e9e\" \/>\n\t<meta name=\"twitter:data1\" content=\"2 minutes\" \/>\n<script type=\"application\/ld+json\" class=\"yoast-schema-graph\">{\"@context\":\"https:\/\/schema.org\",\"@graph\":[{\"@type\":\"WebPage\",\"@id\":\"https:\/\/www.crittm2a.com\/fr\/ingenieur-ou-docteur-rd-electronique-de-puissance-h-f\/\",\"url\":\"https:\/\/www.crittm2a.com\/fr\/ingenieur-ou-docteur-rd-electronique-de-puissance-h-f\/\",\"name\":\"Ing\u00e9nieur ou Docteur R&D \u00e9lectronique de puissance H\/F Critt M2A\",\"isPartOf\":{\"@id\":\"https:\/\/www.crittm2a.com\/fr\/#website\"},\"datePublished\":\"2023-03-03T13:35:38+00:00\",\"dateModified\":\"2023-04-17T08:32:16+00:00\",\"breadcrumb\":{\"@id\":\"https:\/\/www.crittm2a.com\/fr\/ingenieur-ou-docteur-rd-electronique-de-puissance-h-f\/#breadcrumb\"},\"inLanguage\":\"fr-FR\",\"potentialAction\":[{\"@type\":\"ReadAction\",\"target\":[\"https:\/\/www.crittm2a.com\/fr\/ingenieur-ou-docteur-rd-electronique-de-puissance-h-f\/\"]}]},{\"@type\":\"BreadcrumbList\",\"@id\":\"https:\/\/www.crittm2a.com\/fr\/ingenieur-ou-docteur-rd-electronique-de-puissance-h-f\/#breadcrumb\",\"itemListElement\":[{\"@type\":\"ListItem\",\"position\":1,\"name\":\"Accueil\",\"item\":\"https:\/\/www.crittm2a.com\/fr\/\"},{\"@type\":\"ListItem\",\"position\":2,\"name\":\"Ing\u00e9nieur ou Docteur R&#038;D \u00e9lectronique de puissance H\/F\"}]},{\"@type\":\"WebSite\",\"@id\":\"https:\/\/www.crittm2a.com\/fr\/#website\",\"url\":\"https:\/\/www.crittm2a.com\/fr\/\",\"name\":\"Critt M2A\",\"description\":\"\",\"publisher\":{\"@id\":\"https:\/\/www.crittm2a.com\/fr\/#organization\"},\"potentialAction\":[{\"@type\":\"SearchAction\",\"target\":{\"@type\":\"EntryPoint\",\"urlTemplate\":\"https:\/\/www.crittm2a.com\/fr\/?s={search_term_string}\"},\"query-input\":{\"@type\":\"PropertyValueSpecification\",\"valueRequired\":true,\"valueName\":\"search_term_string\"}}],\"inLanguage\":\"fr-FR\"},{\"@type\":\"Organization\",\"@id\":\"https:\/\/www.crittm2a.com\/fr\/#organization\",\"name\":\"CrittM2A\",\"url\":\"https:\/\/www.crittm2a.com\/fr\/\",\"logo\":{\"@type\":\"ImageObject\",\"inLanguage\":\"fr-FR\",\"@id\":\"https:\/\/www.crittm2a.com\/fr\/#\/schema\/logo\/image\/\",\"url\":\"https:\/\/www.crittm2a.com\/wp-content\/uploads\/2025\/09\/logotype-critt_signature-COULEUR.jpg\",\"contentUrl\":\"https:\/\/www.crittm2a.com\/wp-content\/uploads\/2025\/09\/logotype-critt_signature-COULEUR.jpg\",\"width\":1476,\"height\":536,\"caption\":\"CrittM2A\"},\"image\":{\"@id\":\"https:\/\/www.crittm2a.com\/fr\/#\/schema\/logo\/image\/\"},\"sameAs\":[\"https:\/\/x.com\/critt_m2a\",\"https:\/\/www.linkedin.com\/company\/sas-critt-m2a\/?viewAsMember=true\"]}]}<\/script>\n<!-- \/ Yoast SEO plugin. -->","yoast_head_json":{"title":"Critt M2A","robots":{"index":"index","follow":"follow","max-snippet":"max-snippet:-1","max-image-preview":"max-image-preview:large","max-video-preview":"max-video-preview:-1"},"canonical":"https:\/\/www.crittm2a.com\/fr\/ingenieur-ou-docteur-rd-electronique-de-puissance-h-f\/","og_locale":"fr_FR","og_type":"article","og_title":"Ing\u00e9nieur ou Docteur R&D \u00e9lectronique de puissance H\/F Critt M2A","og_description":"Le CRITT M2A recherche les talents de l\u2019\u00e9lectromobilit\u00e9 d\u2019aujourd\u2019hui et de demain pour compl\u00e9ter son \u00e9quipe d\u2019experts\u00a0! Dans le cadre [&hellip;]","og_url":"https:\/\/www.crittm2a.com\/fr\/ingenieur-ou-docteur-rd-electronique-de-puissance-h-f\/","og_site_name":"Critt M2A","article_modified_time":"2023-04-17T08:32:16+00:00","twitter_card":"summary_large_image","twitter_site":"@critt_m2a","twitter_misc":{"Dur\u00e9e de lecture estim\u00e9e":"2 minutes"},"schema":{"@context":"https:\/\/schema.org","@graph":[{"@type":"WebPage","@id":"https:\/\/www.crittm2a.com\/fr\/ingenieur-ou-docteur-rd-electronique-de-puissance-h-f\/","url":"https:\/\/www.crittm2a.com\/fr\/ingenieur-ou-docteur-rd-electronique-de-puissance-h-f\/","name":"Ing\u00e9nieur ou Docteur R&D \u00e9lectronique de puissance H\/F Critt M2A","isPartOf":{"@id":"https:\/\/www.crittm2a.com\/fr\/#website"},"datePublished":"2023-03-03T13:35:38+00:00","dateModified":"2023-04-17T08:32:16+00:00","breadcrumb":{"@id":"https:\/\/www.crittm2a.com\/fr\/ingenieur-ou-docteur-rd-electronique-de-puissance-h-f\/#breadcrumb"},"inLanguage":"fr-FR","potentialAction":[{"@type":"ReadAction","target":["https:\/\/www.crittm2a.com\/fr\/ingenieur-ou-docteur-rd-electronique-de-puissance-h-f\/"]}]},{"@type":"BreadcrumbList","@id":"https:\/\/www.crittm2a.com\/fr\/ingenieur-ou-docteur-rd-electronique-de-puissance-h-f\/#breadcrumb","itemListElement":[{"@type":"ListItem","position":1,"name":"Accueil","item":"https:\/\/www.crittm2a.com\/fr\/"},{"@type":"ListItem","position":2,"name":"Ing\u00e9nieur ou Docteur R&#038;D \u00e9lectronique de puissance H\/F"}]},{"@type":"WebSite","@id":"https:\/\/www.crittm2a.com\/fr\/#website","url":"https:\/\/www.crittm2a.com\/fr\/","name":"Critt M2A","description":"","publisher":{"@id":"https:\/\/www.crittm2a.com\/fr\/#organization"},"potentialAction":[{"@type":"SearchAction","target":{"@type":"EntryPoint","urlTemplate":"https:\/\/www.crittm2a.com\/fr\/?s={search_term_string}"},"query-input":{"@type":"PropertyValueSpecification","valueRequired":true,"valueName":"search_term_string"}}],"inLanguage":"fr-FR"},{"@type":"Organization","@id":"https:\/\/www.crittm2a.com\/fr\/#organization","name":"CrittM2A","url":"https:\/\/www.crittm2a.com\/fr\/","logo":{"@type":"ImageObject","inLanguage":"fr-FR","@id":"https:\/\/www.crittm2a.com\/fr\/#\/schema\/logo\/image\/","url":"https:\/\/www.crittm2a.com\/wp-content\/uploads\/2025\/09\/logotype-critt_signature-COULEUR.jpg","contentUrl":"https:\/\/www.crittm2a.com\/wp-content\/uploads\/2025\/09\/logotype-critt_signature-COULEUR.jpg","width":1476,"height":536,"caption":"CrittM2A"},"image":{"@id":"https:\/\/www.crittm2a.com\/fr\/#\/schema\/logo\/image\/"},"sameAs":["https:\/\/x.com\/critt_m2a","https:\/\/www.linkedin.com\/company\/sas-critt-m2a\/?viewAsMember=true"]}]}},"jetpack_sharing_enabled":true,"_links":{"self":[{"href":"https:\/\/www.crittm2a.com\/fr\/wp-json\/wp\/v2\/pages\/3665","targetHints":{"allow":["GET"]}}],"collection":[{"href":"https:\/\/www.crittm2a.com\/fr\/wp-json\/wp\/v2\/pages"}],"about":[{"href":"https:\/\/www.crittm2a.com\/fr\/wp-json\/wp\/v2\/types\/page"}],"author":[{"embeddable":true,"href":"https:\/\/www.crittm2a.com\/fr\/wp-json\/wp\/v2\/users\/3"}],"replies":[{"embeddable":true,"href":"https:\/\/www.crittm2a.com\/fr\/wp-json\/wp\/v2\/comments?post=3665"}],"version-history":[{"count":11,"href":"https:\/\/www.crittm2a.com\/fr\/wp-json\/wp\/v2\/pages\/3665\/revisions"}],"predecessor-version":[{"id":3748,"href":"https:\/\/www.crittm2a.com\/fr\/wp-json\/wp\/v2\/pages\/3665\/revisions\/3748"}],"wp:attachment":[{"href":"https:\/\/www.crittm2a.com\/fr\/wp-json\/wp\/v2\/media?parent=3665"}],"curies":[{"name":"wp","href":"https:\/\/api.w.org\/{rel}","templated":true}]}}