{"id":3615,"date":"2022-10-27T16:33:38","date_gmt":"2022-10-27T14:33:38","guid":{"rendered":"https:\/\/www.crittm2a.com\/fr\/?page_id=3615"},"modified":"2024-07-05T14:42:13","modified_gmt":"2024-07-05T12:42:13","slug":"techniciene-essais-turbo","status":"publish","type":"page","link":"https:\/\/www.crittm2a.com\/fr\/techniciene-essais-turbo\/","title":{"rendered":"Technicien(ne) Essais Turbo"},"content":{"rendered":"<p><span style=\"font-size: 12pt;\">Le CRITT M2A recherche les talents de l\u2019\u00e9lectromobilit\u00e9 d\u2019aujourd\u2019hui et de demain pour compl\u00e9ter son \u00e9quipe d\u2019experts\u00a0!\u00a0<\/span><\/p>\n<p><span style=\"font-size: 12pt;\">Tu as soif de nouveaux challenges, d\u2019innovations technologiques\u00a0?! Tu arrives au moment id\u00e9al pour prendre place dans une entreprise en pleine croissance et dans un environnement innovant.<\/span><\/p>\n<p><span style=\"font-size: 12pt;\"><strong>Voici les missions qui s&rsquo;offrent \u00e0 toi :<\/strong><\/span><\/p>\n<p><span style=\"font-size: 12pt;\">Tu int\u00e9greras une \u00e9quipe de techniciens jeune et dynamique et r\u00e9aliseras des essais sur des turbos. Dans ce cadre, tu seras amen\u00e9(e) \u00e0 adapter et r\u00e9aliser des essais et r\u00e9diger les rapports.<\/span><\/p>\n<p><span style=\"font-size: 12pt;\">Au contact direct des clients, tu seras acteur(-trice) de la transition \u00e9nerg\u00e9tique en participant \u00e0 un projet ambitieux pour construire une mobilit\u00e9 plus propre !<\/span><\/p>\n<p><span style=\"font-size: 12pt;\"><strong>Ton profil :<\/strong><\/span><\/p>\n<p><span style=\"font-size: 12pt;\">Titulaire d&rsquo;un BTS MCI, MTE ou une licence nouvelles mobilit\u00e9s\u2026, tu as des comp\u00e9tences sur les motorisations thermiques et tu sais travailler en \u00e9quipe.<br \/>\nTu te reconnais dans ce profil? Alors, cette annonce est faite pour toi !<\/span><\/p>\n<p><span style=\"font-size: 12pt;\">Le salaire sera \u00e0 n\u00e9gocier selon ton profil<\/span><\/p>\n<p><strong><span style=\"font-size: 12pt;\">Les +<\/span><\/strong><\/p>\n<ul>\n<li><span style=\"font-size: 12pt;\">Une mutuelle et pr\u00e9voyance tr\u00e8s avantageuse\u202fprise en charge \u00e0 100%<\/span><\/li>\n<li><span style=\"font-size: 12pt;\">Des titres restaurant\u202f;<\/span><\/li>\n<li><span style=\"font-size: 12pt;\">Des primes (vacances, Int\u00e9ressement)<\/span><\/li>\n<li><span style=\"font-size: 12pt;\">Un cadre de travail moderne avec des espaces de d\u00e9tente (baby-foot, canap\u00e9s &#8230;)<\/span><\/li>\n<li><span style=\"font-size: 12pt;\">Des fruits, du caf\u00e9 et th\u00e9 \u00e0 volont\u00e9<\/span><\/li>\n<li><span style=\"font-size: 12pt;\">Une politique d\u2019entreprise soucieuse du bien-\u00eatre de ses collaborateurs<\/span><\/li>\n<\/ul>\n<p><span style=\"font-size: 12pt;\"><strong>Convaincu(e) ? Postule vite et rejoins-nous !<\/strong><\/span><\/p>\n<p><span style=\"font-size: 12pt;\">Envoie-nous ton CV \u00e0<a href=\"mailto:crittm2a@crittm2a.com\"> crittm2a@crittm2a.com<\/a><\/span><\/p>\n<p>&nbsp;<\/p>\n","protected":false},"excerpt":{"rendered":"<p>Le CRITT M2A recherche les talents de l\u2019\u00e9lectromobilit\u00e9 d\u2019aujourd\u2019hui et de demain pour compl\u00e9ter son \u00e9quipe d\u2019experts\u00a0!\u00a0 Tu as soif [&hellip;]<\/p>\n","protected":false},"author":4,"featured_media":0,"parent":0,"menu_order":0,"comment_status":"closed","ping_status":"closed","template":"","meta":{"_acf_changed":false,"footnotes":""},"class_list":["post-3615","page","type-page","status-publish","hentry"],"acf":[],"yoast_head":"<!-- This site is optimized with the Yoast SEO plugin v27.1.1 - https:\/\/yoast.com\/product\/yoast-seo-wordpress\/ -->\n<title>Critt M2A<\/title>\n<meta name=\"robots\" content=\"index, follow, max-snippet:-1, max-image-preview:large, max-video-preview:-1\" \/>\n<link rel=\"canonical\" href=\"https:\/\/www.crittm2a.com\/fr\/techniciene-essais-turbo\/\" \/>\n<meta property=\"og:locale\" content=\"fr_FR\" \/>\n<meta property=\"og:type\" content=\"article\" \/>\n<meta property=\"og:title\" content=\"Technicien(ne) Essais Turbo Critt M2A\" \/>\n<meta property=\"og:description\" content=\"Le CRITT M2A recherche les talents de l\u2019\u00e9lectromobilit\u00e9 d\u2019aujourd\u2019hui et de demain pour compl\u00e9ter son \u00e9quipe d\u2019experts\u00a0!\u00a0 Tu as soif [&hellip;]\" \/>\n<meta property=\"og:url\" content=\"https:\/\/www.crittm2a.com\/fr\/techniciene-essais-turbo\/\" \/>\n<meta property=\"og:site_name\" content=\"Critt M2A\" \/>\n<meta property=\"article:modified_time\" content=\"2024-07-05T12:42:13+00:00\" \/>\n<meta name=\"twitter:card\" content=\"summary_large_image\" \/>\n<meta name=\"twitter:site\" content=\"@critt_m2a\" \/>\n<meta name=\"twitter:label1\" content=\"Dur\u00e9e de lecture estim\u00e9e\" \/>\n\t<meta name=\"twitter:data1\" content=\"1 minute\" \/>\n<script type=\"application\/ld+json\" class=\"yoast-schema-graph\">{\"@context\":\"https:\/\/schema.org\",\"@graph\":[{\"@type\":\"WebPage\",\"@id\":\"https:\/\/www.crittm2a.com\/fr\/techniciene-essais-turbo\/\",\"url\":\"https:\/\/www.crittm2a.com\/fr\/techniciene-essais-turbo\/\",\"name\":\"Technicien(ne) Essais Turbo Critt M2A\",\"isPartOf\":{\"@id\":\"https:\/\/www.crittm2a.com\/fr\/#website\"},\"datePublished\":\"2022-10-27T14:33:38+00:00\",\"dateModified\":\"2024-07-05T12:42:13+00:00\",\"breadcrumb\":{\"@id\":\"https:\/\/www.crittm2a.com\/fr\/techniciene-essais-turbo\/#breadcrumb\"},\"inLanguage\":\"fr-FR\",\"potentialAction\":[{\"@type\":\"ReadAction\",\"target\":[\"https:\/\/www.crittm2a.com\/fr\/techniciene-essais-turbo\/\"]}]},{\"@type\":\"BreadcrumbList\",\"@id\":\"https:\/\/www.crittm2a.com\/fr\/techniciene-essais-turbo\/#breadcrumb\",\"itemListElement\":[{\"@type\":\"ListItem\",\"position\":1,\"name\":\"Accueil\",\"item\":\"https:\/\/www.crittm2a.com\/fr\/\"},{\"@type\":\"ListItem\",\"position\":2,\"name\":\"Technicien(ne) Essais Turbo\"}]},{\"@type\":\"WebSite\",\"@id\":\"https:\/\/www.crittm2a.com\/fr\/#website\",\"url\":\"https:\/\/www.crittm2a.com\/fr\/\",\"name\":\"Critt M2A\",\"description\":\"\",\"publisher\":{\"@id\":\"https:\/\/www.crittm2a.com\/fr\/#organization\"},\"potentialAction\":[{\"@type\":\"SearchAction\",\"target\":{\"@type\":\"EntryPoint\",\"urlTemplate\":\"https:\/\/www.crittm2a.com\/fr\/?s={search_term_string}\"},\"query-input\":{\"@type\":\"PropertyValueSpecification\",\"valueRequired\":true,\"valueName\":\"search_term_string\"}}],\"inLanguage\":\"fr-FR\"},{\"@type\":\"Organization\",\"@id\":\"https:\/\/www.crittm2a.com\/fr\/#organization\",\"name\":\"CrittM2A\",\"url\":\"https:\/\/www.crittm2a.com\/fr\/\",\"logo\":{\"@type\":\"ImageObject\",\"inLanguage\":\"fr-FR\",\"@id\":\"https:\/\/www.crittm2a.com\/fr\/#\/schema\/logo\/image\/\",\"url\":\"https:\/\/www.crittm2a.com\/wp-content\/uploads\/2025\/09\/logotype-critt_signature-COULEUR.jpg\",\"contentUrl\":\"https:\/\/www.crittm2a.com\/wp-content\/uploads\/2025\/09\/logotype-critt_signature-COULEUR.jpg\",\"width\":1476,\"height\":536,\"caption\":\"CrittM2A\"},\"image\":{\"@id\":\"https:\/\/www.crittm2a.com\/fr\/#\/schema\/logo\/image\/\"},\"sameAs\":[\"https:\/\/x.com\/critt_m2a\",\"https:\/\/www.linkedin.com\/company\/sas-critt-m2a\/?viewAsMember=true\"]}]}<\/script>\n<!-- \/ Yoast SEO plugin. -->","yoast_head_json":{"title":"Critt M2A","robots":{"index":"index","follow":"follow","max-snippet":"max-snippet:-1","max-image-preview":"max-image-preview:large","max-video-preview":"max-video-preview:-1"},"canonical":"https:\/\/www.crittm2a.com\/fr\/techniciene-essais-turbo\/","og_locale":"fr_FR","og_type":"article","og_title":"Technicien(ne) Essais Turbo Critt M2A","og_description":"Le CRITT M2A recherche les talents de l\u2019\u00e9lectromobilit\u00e9 d\u2019aujourd\u2019hui et de demain pour compl\u00e9ter son \u00e9quipe d\u2019experts\u00a0!\u00a0 Tu as soif [&hellip;]","og_url":"https:\/\/www.crittm2a.com\/fr\/techniciene-essais-turbo\/","og_site_name":"Critt M2A","article_modified_time":"2024-07-05T12:42:13+00:00","twitter_card":"summary_large_image","twitter_site":"@critt_m2a","twitter_misc":{"Dur\u00e9e de lecture estim\u00e9e":"1 minute"},"schema":{"@context":"https:\/\/schema.org","@graph":[{"@type":"WebPage","@id":"https:\/\/www.crittm2a.com\/fr\/techniciene-essais-turbo\/","url":"https:\/\/www.crittm2a.com\/fr\/techniciene-essais-turbo\/","name":"Technicien(ne) Essais Turbo Critt M2A","isPartOf":{"@id":"https:\/\/www.crittm2a.com\/fr\/#website"},"datePublished":"2022-10-27T14:33:38+00:00","dateModified":"2024-07-05T12:42:13+00:00","breadcrumb":{"@id":"https:\/\/www.crittm2a.com\/fr\/techniciene-essais-turbo\/#breadcrumb"},"inLanguage":"fr-FR","potentialAction":[{"@type":"ReadAction","target":["https:\/\/www.crittm2a.com\/fr\/techniciene-essais-turbo\/"]}]},{"@type":"BreadcrumbList","@id":"https:\/\/www.crittm2a.com\/fr\/techniciene-essais-turbo\/#breadcrumb","itemListElement":[{"@type":"ListItem","position":1,"name":"Accueil","item":"https:\/\/www.crittm2a.com\/fr\/"},{"@type":"ListItem","position":2,"name":"Technicien(ne) Essais Turbo"}]},{"@type":"WebSite","@id":"https:\/\/www.crittm2a.com\/fr\/#website","url":"https:\/\/www.crittm2a.com\/fr\/","name":"Critt M2A","description":"","publisher":{"@id":"https:\/\/www.crittm2a.com\/fr\/#organization"},"potentialAction":[{"@type":"SearchAction","target":{"@type":"EntryPoint","urlTemplate":"https:\/\/www.crittm2a.com\/fr\/?s={search_term_string}"},"query-input":{"@type":"PropertyValueSpecification","valueRequired":true,"valueName":"search_term_string"}}],"inLanguage":"fr-FR"},{"@type":"Organization","@id":"https:\/\/www.crittm2a.com\/fr\/#organization","name":"CrittM2A","url":"https:\/\/www.crittm2a.com\/fr\/","logo":{"@type":"ImageObject","inLanguage":"fr-FR","@id":"https:\/\/www.crittm2a.com\/fr\/#\/schema\/logo\/image\/","url":"https:\/\/www.crittm2a.com\/wp-content\/uploads\/2025\/09\/logotype-critt_signature-COULEUR.jpg","contentUrl":"https:\/\/www.crittm2a.com\/wp-content\/uploads\/2025\/09\/logotype-critt_signature-COULEUR.jpg","width":1476,"height":536,"caption":"CrittM2A"},"image":{"@id":"https:\/\/www.crittm2a.com\/fr\/#\/schema\/logo\/image\/"},"sameAs":["https:\/\/x.com\/critt_m2a","https:\/\/www.linkedin.com\/company\/sas-critt-m2a\/?viewAsMember=true"]}]}},"jetpack_sharing_enabled":true,"_links":{"self":[{"href":"https:\/\/www.crittm2a.com\/fr\/wp-json\/wp\/v2\/pages\/3615","targetHints":{"allow":["GET"]}}],"collection":[{"href":"https:\/\/www.crittm2a.com\/fr\/wp-json\/wp\/v2\/pages"}],"about":[{"href":"https:\/\/www.crittm2a.com\/fr\/wp-json\/wp\/v2\/types\/page"}],"author":[{"embeddable":true,"href":"https:\/\/www.crittm2a.com\/fr\/wp-json\/wp\/v2\/users\/4"}],"replies":[{"embeddable":true,"href":"https:\/\/www.crittm2a.com\/fr\/wp-json\/wp\/v2\/comments?post=3615"}],"version-history":[{"count":10,"href":"https:\/\/www.crittm2a.com\/fr\/wp-json\/wp\/v2\/pages\/3615\/revisions"}],"predecessor-version":[{"id":4574,"href":"https:\/\/www.crittm2a.com\/fr\/wp-json\/wp\/v2\/pages\/3615\/revisions\/4574"}],"wp:attachment":[{"href":"https:\/\/www.crittm2a.com\/fr\/wp-json\/wp\/v2\/media?parent=3615"}],"curies":[{"name":"wp","href":"https:\/\/api.w.org\/{rel}","templated":true}]}}