{"id":31,"date":"2020-01-30T13:42:39","date_gmt":"2020-01-30T12:42:39","guid":{"rendered":"https:\/\/www.crittm2a.com\/?page_id=31"},"modified":"2026-01-08T10:42:42","modified_gmt":"2026-01-08T09:42:42","slug":"recrutement","status":"publish","type":"page","link":"https:\/\/www.crittm2a.com\/fr\/recrutement\/","title":{"rendered":"Recrutement"},"content":{"rendered":"<p>Le CRITT M2A recrute :<\/p>\n<table style=\"border-collapse: collapse; width: 100%;\">\n<tbody>\n<tr>\n<td style=\"width: 58.1196%;\"><a href=\"https:\/\/www.crittm2a.com\/wp-content\/uploads\/2024\/07\/technicien_maintenance.pdf\" target=\"_blank\" rel=\"noopener\"><strong>Techniciens maintenance H\/F<\/strong><\/a><\/p>\n<p><a href=\"https:\/\/www.crittm2a.com\/wp-content\/uploads\/2026\/01\/OFFRES-DE-THESE.pdf\" target=\"_blank\" rel=\"noopener\"><strong>Doctorant R&amp;D en mod\u00e9lisation batteries H\/F<\/strong><\/a><\/p>\n<p><strong><a href=\"https:\/\/www.crittm2a.com\/wp-content\/uploads\/2026\/01\/OFFRE-STAGE-IA.pdf\" target=\"_blank\" rel=\"noopener\"><span style=\"font-family: inherit; font-size: inherit;\">Stagiaire ing\u00e9nieur IA H\/F<\/span><\/a><\/strong><\/p>\n<p>Dans le cadre de notre d\u00e9veloppement, nous recrutons aussi tout au long de l\u2019ann\u00e9e diff\u00e9rents profils dans les domaines des essais Batterie et Powertrain. N\u2019h\u00e9sitez pas \u00e0 nous transmettre votre CV, chaque candidature sera \u00e9tudi\u00e9e avec attention.<\/td>\n<\/tr>\n<\/tbody>\n<\/table>\n<p>&nbsp;<\/p>\n<table style=\"border-collapse: collapse; width: 100%;\">\n<tbody>\n<tr>\n<td style=\"width: 100%;\"><\/td>\n<\/tr>\n<\/tbody>\n<\/table>\n","protected":false},"excerpt":{"rendered":"<p>Le CRITT M2A recrute : Techniciens maintenance H\/F Doctorant R&amp;D en mod\u00e9lisation batteries H\/F Stagiaire ing\u00e9nieur IA H\/F Dans le [&hellip;]<\/p>\n","protected":false},"author":1,"featured_media":4446,"parent":0,"menu_order":0,"comment_status":"closed","ping_status":"closed","template":"","meta":{"_acf_changed":false,"footnotes":""},"class_list":["post-31","page","type-page","status-publish","has-post-thumbnail","hentry"],"acf":[],"yoast_head":"<!-- This site is optimized with the Yoast SEO plugin v27.1.1 - https:\/\/yoast.com\/product\/yoast-seo-wordpress\/ -->\n<title>Critt M2A<\/title>\n<meta name=\"robots\" content=\"index, follow, max-snippet:-1, max-image-preview:large, max-video-preview:-1\" \/>\n<link rel=\"canonical\" href=\"https:\/\/www.crittm2a.com\/fr\/recrutement\/\" \/>\n<meta property=\"og:locale\" content=\"fr_FR\" \/>\n<meta property=\"og:type\" content=\"article\" \/>\n<meta property=\"og:title\" content=\"Recrutement Critt M2A\" \/>\n<meta property=\"og:description\" content=\"Le CRITT M2A recrute : Techniciens maintenance H\/F Doctorant R&amp;D en mod\u00e9lisation batteries H\/F Stagiaire ing\u00e9nieur IA H\/F Dans le [&hellip;]\" \/>\n<meta property=\"og:url\" content=\"https:\/\/www.crittm2a.com\/fr\/recrutement\/\" \/>\n<meta property=\"og:site_name\" content=\"Critt M2A\" \/>\n<meta property=\"article:modified_time\" content=\"2026-01-08T09:42:42+00:00\" \/>\n<meta property=\"og:image\" content=\"https:\/\/www.crittm2a.com\/wp-content\/uploads\/2024\/06\/AdobeStock_208353742-scaled.jpeg\" \/>\n\t<meta property=\"og:image:width\" content=\"2560\" \/>\n\t<meta property=\"og:image:height\" content=\"1311\" \/>\n\t<meta property=\"og:image:type\" content=\"image\/jpeg\" \/>\n<meta name=\"twitter:card\" content=\"summary_large_image\" \/>\n<meta name=\"twitter:site\" content=\"@critt_m2a\" \/>\n<meta name=\"twitter:label1\" content=\"Dur\u00e9e de lecture estim\u00e9e\" \/>\n\t<meta name=\"twitter:data1\" content=\"1 minute\" \/>\n<script type=\"application\/ld+json\" class=\"yoast-schema-graph\">{\"@context\":\"https:\/\/schema.org\",\"@graph\":[{\"@type\":\"WebPage\",\"@id\":\"https:\/\/www.crittm2a.com\/fr\/recrutement\/\",\"url\":\"https:\/\/www.crittm2a.com\/fr\/recrutement\/\",\"name\":\"Recrutement Critt M2A\",\"isPartOf\":{\"@id\":\"https:\/\/www.crittm2a.com\/fr\/#website\"},\"primaryImageOfPage\":{\"@id\":\"https:\/\/www.crittm2a.com\/fr\/recrutement\/#primaryimage\"},\"image\":{\"@id\":\"https:\/\/www.crittm2a.com\/fr\/recrutement\/#primaryimage\"},\"thumbnailUrl\":\"https:\/\/www.crittm2a.com\/wp-content\/uploads\/2024\/06\/AdobeStock_208353742-scaled.jpeg\",\"datePublished\":\"2020-01-30T12:42:39+00:00\",\"dateModified\":\"2026-01-08T09:42:42+00:00\",\"breadcrumb\":{\"@id\":\"https:\/\/www.crittm2a.com\/fr\/recrutement\/#breadcrumb\"},\"inLanguage\":\"fr-FR\",\"potentialAction\":[{\"@type\":\"ReadAction\",\"target\":[\"https:\/\/www.crittm2a.com\/fr\/recrutement\/\"]}]},{\"@type\":\"ImageObject\",\"inLanguage\":\"fr-FR\",\"@id\":\"https:\/\/www.crittm2a.com\/fr\/recrutement\/#primaryimage\",\"url\":\"https:\/\/www.crittm2a.com\/wp-content\/uploads\/2024\/06\/AdobeStock_208353742-scaled.jpeg\",\"contentUrl\":\"https:\/\/www.crittm2a.com\/wp-content\/uploads\/2024\/06\/AdobeStock_208353742-scaled.jpeg\",\"width\":2560,\"height\":1311,\"caption\":\"Businessman on blurred using magnifying glass to recruit people 3D rendering\"},{\"@type\":\"BreadcrumbList\",\"@id\":\"https:\/\/www.crittm2a.com\/fr\/recrutement\/#breadcrumb\",\"itemListElement\":[{\"@type\":\"ListItem\",\"position\":1,\"name\":\"Accueil\",\"item\":\"https:\/\/www.crittm2a.com\/fr\/\"},{\"@type\":\"ListItem\",\"position\":2,\"name\":\"Recrutement\"}]},{\"@type\":\"WebSite\",\"@id\":\"https:\/\/www.crittm2a.com\/fr\/#website\",\"url\":\"https:\/\/www.crittm2a.com\/fr\/\",\"name\":\"Critt M2A\",\"description\":\"\",\"publisher\":{\"@id\":\"https:\/\/www.crittm2a.com\/fr\/#organization\"},\"potentialAction\":[{\"@type\":\"SearchAction\",\"target\":{\"@type\":\"EntryPoint\",\"urlTemplate\":\"https:\/\/www.crittm2a.com\/fr\/?s={search_term_string}\"},\"query-input\":{\"@type\":\"PropertyValueSpecification\",\"valueRequired\":true,\"valueName\":\"search_term_string\"}}],\"inLanguage\":\"fr-FR\"},{\"@type\":\"Organization\",\"@id\":\"https:\/\/www.crittm2a.com\/fr\/#organization\",\"name\":\"CrittM2A\",\"url\":\"https:\/\/www.crittm2a.com\/fr\/\",\"logo\":{\"@type\":\"ImageObject\",\"inLanguage\":\"fr-FR\",\"@id\":\"https:\/\/www.crittm2a.com\/fr\/#\/schema\/logo\/image\/\",\"url\":\"https:\/\/www.crittm2a.com\/wp-content\/uploads\/2025\/09\/logotype-critt_signature-COULEUR.jpg\",\"contentUrl\":\"https:\/\/www.crittm2a.com\/wp-content\/uploads\/2025\/09\/logotype-critt_signature-COULEUR.jpg\",\"width\":1476,\"height\":536,\"caption\":\"CrittM2A\"},\"image\":{\"@id\":\"https:\/\/www.crittm2a.com\/fr\/#\/schema\/logo\/image\/\"},\"sameAs\":[\"https:\/\/x.com\/critt_m2a\",\"https:\/\/www.linkedin.com\/company\/sas-critt-m2a\/?viewAsMember=true\"]}]}<\/script>\n<!-- \/ Yoast SEO plugin. -->","yoast_head_json":{"title":"Critt M2A","robots":{"index":"index","follow":"follow","max-snippet":"max-snippet:-1","max-image-preview":"max-image-preview:large","max-video-preview":"max-video-preview:-1"},"canonical":"https:\/\/www.crittm2a.com\/fr\/recrutement\/","og_locale":"fr_FR","og_type":"article","og_title":"Recrutement Critt M2A","og_description":"Le CRITT M2A recrute : Techniciens maintenance H\/F Doctorant R&amp;D en mod\u00e9lisation batteries H\/F Stagiaire ing\u00e9nieur IA H\/F Dans le [&hellip;]","og_url":"https:\/\/www.crittm2a.com\/fr\/recrutement\/","og_site_name":"Critt M2A","article_modified_time":"2026-01-08T09:42:42+00:00","og_image":[{"width":2560,"height":1311,"url":"https:\/\/www.crittm2a.com\/wp-content\/uploads\/2024\/06\/AdobeStock_208353742-scaled.jpeg","type":"image\/jpeg"}],"twitter_card":"summary_large_image","twitter_site":"@critt_m2a","twitter_misc":{"Dur\u00e9e de lecture estim\u00e9e":"1 minute"},"schema":{"@context":"https:\/\/schema.org","@graph":[{"@type":"WebPage","@id":"https:\/\/www.crittm2a.com\/fr\/recrutement\/","url":"https:\/\/www.crittm2a.com\/fr\/recrutement\/","name":"Recrutement Critt M2A","isPartOf":{"@id":"https:\/\/www.crittm2a.com\/fr\/#website"},"primaryImageOfPage":{"@id":"https:\/\/www.crittm2a.com\/fr\/recrutement\/#primaryimage"},"image":{"@id":"https:\/\/www.crittm2a.com\/fr\/recrutement\/#primaryimage"},"thumbnailUrl":"https:\/\/www.crittm2a.com\/wp-content\/uploads\/2024\/06\/AdobeStock_208353742-scaled.jpeg","datePublished":"2020-01-30T12:42:39+00:00","dateModified":"2026-01-08T09:42:42+00:00","breadcrumb":{"@id":"https:\/\/www.crittm2a.com\/fr\/recrutement\/#breadcrumb"},"inLanguage":"fr-FR","potentialAction":[{"@type":"ReadAction","target":["https:\/\/www.crittm2a.com\/fr\/recrutement\/"]}]},{"@type":"ImageObject","inLanguage":"fr-FR","@id":"https:\/\/www.crittm2a.com\/fr\/recrutement\/#primaryimage","url":"https:\/\/www.crittm2a.com\/wp-content\/uploads\/2024\/06\/AdobeStock_208353742-scaled.jpeg","contentUrl":"https:\/\/www.crittm2a.com\/wp-content\/uploads\/2024\/06\/AdobeStock_208353742-scaled.jpeg","width":2560,"height":1311,"caption":"Businessman on blurred using magnifying glass to recruit people 3D rendering"},{"@type":"BreadcrumbList","@id":"https:\/\/www.crittm2a.com\/fr\/recrutement\/#breadcrumb","itemListElement":[{"@type":"ListItem","position":1,"name":"Accueil","item":"https:\/\/www.crittm2a.com\/fr\/"},{"@type":"ListItem","position":2,"name":"Recrutement"}]},{"@type":"WebSite","@id":"https:\/\/www.crittm2a.com\/fr\/#website","url":"https:\/\/www.crittm2a.com\/fr\/","name":"Critt M2A","description":"","publisher":{"@id":"https:\/\/www.crittm2a.com\/fr\/#organization"},"potentialAction":[{"@type":"SearchAction","target":{"@type":"EntryPoint","urlTemplate":"https:\/\/www.crittm2a.com\/fr\/?s={search_term_string}"},"query-input":{"@type":"PropertyValueSpecification","valueRequired":true,"valueName":"search_term_string"}}],"inLanguage":"fr-FR"},{"@type":"Organization","@id":"https:\/\/www.crittm2a.com\/fr\/#organization","name":"CrittM2A","url":"https:\/\/www.crittm2a.com\/fr\/","logo":{"@type":"ImageObject","inLanguage":"fr-FR","@id":"https:\/\/www.crittm2a.com\/fr\/#\/schema\/logo\/image\/","url":"https:\/\/www.crittm2a.com\/wp-content\/uploads\/2025\/09\/logotype-critt_signature-COULEUR.jpg","contentUrl":"https:\/\/www.crittm2a.com\/wp-content\/uploads\/2025\/09\/logotype-critt_signature-COULEUR.jpg","width":1476,"height":536,"caption":"CrittM2A"},"image":{"@id":"https:\/\/www.crittm2a.com\/fr\/#\/schema\/logo\/image\/"},"sameAs":["https:\/\/x.com\/critt_m2a","https:\/\/www.linkedin.com\/company\/sas-critt-m2a\/?viewAsMember=true"]}]}},"jetpack_sharing_enabled":true,"_links":{"self":[{"href":"https:\/\/www.crittm2a.com\/fr\/wp-json\/wp\/v2\/pages\/31","targetHints":{"allow":["GET"]}}],"collection":[{"href":"https:\/\/www.crittm2a.com\/fr\/wp-json\/wp\/v2\/pages"}],"about":[{"href":"https:\/\/www.crittm2a.com\/fr\/wp-json\/wp\/v2\/types\/page"}],"author":[{"embeddable":true,"href":"https:\/\/www.crittm2a.com\/fr\/wp-json\/wp\/v2\/users\/1"}],"replies":[{"embeddable":true,"href":"https:\/\/www.crittm2a.com\/fr\/wp-json\/wp\/v2\/comments?post=31"}],"version-history":[{"count":81,"href":"https:\/\/www.crittm2a.com\/fr\/wp-json\/wp\/v2\/pages\/31\/revisions"}],"predecessor-version":[{"id":5372,"href":"https:\/\/www.crittm2a.com\/fr\/wp-json\/wp\/v2\/pages\/31\/revisions\/5372"}],"wp:featuredmedia":[{"embeddable":true,"href":"https:\/\/www.crittm2a.com\/fr\/wp-json\/wp\/v2\/media\/4446"}],"wp:attachment":[{"href":"https:\/\/www.crittm2a.com\/fr\/wp-json\/wp\/v2\/media?parent=31"}],"curies":[{"name":"wp","href":"https:\/\/api.w.org\/{rel}","templated":true}]}}