{"id":2998,"date":"2021-06-22T17:10:35","date_gmt":"2021-06-22T15:10:35","guid":{"rendered":"https:\/\/www.crittm2a.com\/fr\/?page_id=2998"},"modified":"2024-06-24T09:22:18","modified_gmt":"2024-06-24T07:22:18","slug":"systeme-qualite","status":"publish","type":"page","link":"https:\/\/www.crittm2a.com\/fr\/systeme-qualite\/","title":{"rendered":"Syst\u00e8me Qualit\u00e9"},"content":{"rendered":"<table style=\"border-collapse: collapse; width: 101.069%; height: 545px;\">\n<tbody>\n<tr style=\"height: 233px;\">\n<td style=\"width: 74.0943%; height: 233px;\">\n<p style=\"text-align: left;\">Le <strong>CRITT M2A<\/strong>\u00a0est accr\u00e9dit\u00e9\u00a0<strong>ISO\/IEC 17025:2017<\/strong>\u00a0conform\u00e9ment aux r\u00e8gles d\u2019application\u00a0<strong>COFRAC<\/strong>.<\/p>\n<p style=\"text-align: left;\">Cette accr\u00e9ditation concerne la <strong>caract\u00e9risation des enceintes thermostatiques<\/strong> du CRITT M2A. Le d\u00e9tail de notre port\u00e9e d&rsquo;accr\u00e9ditation est disponible sur le site www.cofrac.fr sous le n\u00b0 1-6817 pour les activit\u00e9s d&rsquo;essais.<\/p>\n<hr \/>\n<\/td>\n<td style=\"width: 3.87164%; text-align: left; height: 233px;\">\u00a0<\/td>\n<td style=\"width: 23.0994%; text-align: left; height: 233px;\">\n<p>\n<a style=\"text-align: center;\" href=\"http:\/\/www.cofrac.fr\" target=\"_blank\" rel=\"noopener\"><img loading=\"lazy\" decoding=\"async\" class=\"wp-image-3001 aligncenter\" src=\"https:\/\/www.crittm2a.com\/wp-content\/uploads\/2021\/06\/Essais_Quad-181x300.jpg\" alt=\"\" width=\"93\" height=\"154\" \/><\/a><\/p>\n<p>&nbsp;<\/p>\n<\/td>\n<\/tr>\n<tr style=\"height: 240px;\">\n<td style=\"width: 74.0943%; height: 240px;\">\n<p style=\"text-align: left;\">Le <strong>CRITT M2A<\/strong> a \u00e9galement obtenu la certification <strong>ISO 14001<\/strong>.<\/p>\n<p style=\"text-align: left;\">Dans le cadre de ses activit\u00e9s d&rsquo;essais batteries, cette certification repr\u00e9sente un atout crucial, attestant de son <strong>engagement envers l&rsquo;environnement<\/strong> et sa constante volont\u00e9 d&rsquo;adopter des pratiques durables.<\/p>\n<p>En minimisant son empreinte \u00e9cologique et en respectant les r\u00e9glementations environnementales en vigueur, le CRITT M2A poursuit sa qu\u00eate d&rsquo;<strong>excellence<\/strong> environnementale. Cette d\u00e9marche d\u00e9montre son engagement envers ses clients, partenaires et communaut\u00e9, tout en renfor\u00e7ant sa cr\u00e9dibilit\u00e9 sur le march\u00e9.<\/p>\n<\/td>\n<td style=\"width: 3.87164%; height: 240px;\">\u00a0<\/td>\n<td style=\"width: 23.0994%; height: 240px;\"><img loading=\"lazy\" decoding=\"async\" class=\"alignnone  wp-image-4052\" src=\"https:\/\/www.crittm2a.com\/wp-content\/uploads\/2024\/02\/certification-iso-14001-300x300.png\" alt=\"\" width=\"245\" height=\"245\" \/><\/td>\n<\/tr>\n<\/tbody>\n<\/table>\n<table style=\"border-collapse: collapse; width: 100%;\">\n<tbody>\n<tr>\n<td style=\"width: 74.8341%;\">\u00a0<\/td>\n<td style=\"width: 25.1659%; text-align: center; vertical-align: top;\">\u00a0<\/td>\n<\/tr>\n<\/tbody>\n<\/table>\n<p>&nbsp;<\/p>\n","protected":false},"excerpt":{"rendered":"<p>Le CRITT M2A\u00a0est accr\u00e9dit\u00e9\u00a0ISO\/IEC 17025:2017\u00a0conform\u00e9ment aux r\u00e8gles d\u2019application\u00a0COFRAC. Cette accr\u00e9ditation concerne la caract\u00e9risation des enceintes thermostatiques du CRITT M2A. Le [&hellip;]<\/p>\n","protected":false},"author":3,"featured_media":4237,"parent":0,"menu_order":0,"comment_status":"closed","ping_status":"closed","template":"","meta":{"_acf_changed":false,"footnotes":""},"class_list":["post-2998","page","type-page","status-publish","has-post-thumbnail","hentry"],"acf":[],"yoast_head":"<!-- This site is optimized with the Yoast SEO plugin v27.1.1 - https:\/\/yoast.com\/product\/yoast-seo-wordpress\/ -->\n<title>Critt M2A<\/title>\n<meta name=\"robots\" content=\"index, follow, max-snippet:-1, max-image-preview:large, max-video-preview:-1\" \/>\n<link rel=\"canonical\" href=\"https:\/\/www.crittm2a.com\/fr\/systeme-qualite\/\" \/>\n<meta property=\"og:locale\" content=\"fr_FR\" \/>\n<meta property=\"og:type\" content=\"article\" \/>\n<meta property=\"og:title\" content=\"Syst\u00e8me Qualit\u00e9 Critt M2A\" \/>\n<meta property=\"og:description\" content=\"Le CRITT M2A\u00a0est accr\u00e9dit\u00e9\u00a0ISO\/IEC 17025:2017\u00a0conform\u00e9ment aux r\u00e8gles d\u2019application\u00a0COFRAC. Cette accr\u00e9ditation concerne la caract\u00e9risation des enceintes thermostatiques du CRITT M2A. Le [&hellip;]\" \/>\n<meta property=\"og:url\" content=\"https:\/\/www.crittm2a.com\/fr\/systeme-qualite\/\" \/>\n<meta property=\"og:site_name\" content=\"Critt M2A\" \/>\n<meta property=\"article:modified_time\" content=\"2024-06-24T07:22:18+00:00\" \/>\n<meta property=\"og:image\" content=\"https:\/\/www.crittm2a.com\/wp-content\/uploads\/2024\/06\/MANAGEMENT-QUALITE.jpg\" \/>\n\t<meta property=\"og:image:width\" content=\"1667\" \/>\n\t<meta property=\"og:image:height\" content=\"732\" \/>\n\t<meta property=\"og:image:type\" content=\"image\/jpeg\" \/>\n<meta name=\"twitter:card\" content=\"summary_large_image\" \/>\n<meta name=\"twitter:site\" content=\"@critt_m2a\" \/>\n<meta name=\"twitter:label1\" content=\"Dur\u00e9e de lecture estim\u00e9e\" \/>\n\t<meta name=\"twitter:data1\" content=\"1 minute\" \/>\n<script type=\"application\/ld+json\" class=\"yoast-schema-graph\">{\"@context\":\"https:\/\/schema.org\",\"@graph\":[{\"@type\":\"WebPage\",\"@id\":\"https:\/\/www.crittm2a.com\/fr\/systeme-qualite\/\",\"url\":\"https:\/\/www.crittm2a.com\/fr\/systeme-qualite\/\",\"name\":\"Syst\u00e8me Qualit\u00e9 Critt M2A\",\"isPartOf\":{\"@id\":\"https:\/\/www.crittm2a.com\/fr\/#website\"},\"primaryImageOfPage\":{\"@id\":\"https:\/\/www.crittm2a.com\/fr\/systeme-qualite\/#primaryimage\"},\"image\":{\"@id\":\"https:\/\/www.crittm2a.com\/fr\/systeme-qualite\/#primaryimage\"},\"thumbnailUrl\":\"https:\/\/www.crittm2a.com\/wp-content\/uploads\/2024\/06\/MANAGEMENT-QUALITE.jpg\",\"datePublished\":\"2021-06-22T15:10:35+00:00\",\"dateModified\":\"2024-06-24T07:22:18+00:00\",\"breadcrumb\":{\"@id\":\"https:\/\/www.crittm2a.com\/fr\/systeme-qualite\/#breadcrumb\"},\"inLanguage\":\"fr-FR\",\"potentialAction\":[{\"@type\":\"ReadAction\",\"target\":[\"https:\/\/www.crittm2a.com\/fr\/systeme-qualite\/\"]}]},{\"@type\":\"ImageObject\",\"inLanguage\":\"fr-FR\",\"@id\":\"https:\/\/www.crittm2a.com\/fr\/systeme-qualite\/#primaryimage\",\"url\":\"https:\/\/www.crittm2a.com\/wp-content\/uploads\/2024\/06\/MANAGEMENT-QUALITE.jpg\",\"contentUrl\":\"https:\/\/www.crittm2a.com\/wp-content\/uploads\/2024\/06\/MANAGEMENT-QUALITE.jpg\",\"width\":1667,\"height\":732},{\"@type\":\"BreadcrumbList\",\"@id\":\"https:\/\/www.crittm2a.com\/fr\/systeme-qualite\/#breadcrumb\",\"itemListElement\":[{\"@type\":\"ListItem\",\"position\":1,\"name\":\"Accueil\",\"item\":\"https:\/\/www.crittm2a.com\/fr\/\"},{\"@type\":\"ListItem\",\"position\":2,\"name\":\"Syst\u00e8me Qualit\u00e9\"}]},{\"@type\":\"WebSite\",\"@id\":\"https:\/\/www.crittm2a.com\/fr\/#website\",\"url\":\"https:\/\/www.crittm2a.com\/fr\/\",\"name\":\"Critt M2A\",\"description\":\"\",\"publisher\":{\"@id\":\"https:\/\/www.crittm2a.com\/fr\/#organization\"},\"potentialAction\":[{\"@type\":\"SearchAction\",\"target\":{\"@type\":\"EntryPoint\",\"urlTemplate\":\"https:\/\/www.crittm2a.com\/fr\/?s={search_term_string}\"},\"query-input\":{\"@type\":\"PropertyValueSpecification\",\"valueRequired\":true,\"valueName\":\"search_term_string\"}}],\"inLanguage\":\"fr-FR\"},{\"@type\":\"Organization\",\"@id\":\"https:\/\/www.crittm2a.com\/fr\/#organization\",\"name\":\"CrittM2A\",\"url\":\"https:\/\/www.crittm2a.com\/fr\/\",\"logo\":{\"@type\":\"ImageObject\",\"inLanguage\":\"fr-FR\",\"@id\":\"https:\/\/www.crittm2a.com\/fr\/#\/schema\/logo\/image\/\",\"url\":\"https:\/\/www.crittm2a.com\/wp-content\/uploads\/2025\/09\/logotype-critt_signature-COULEUR.jpg\",\"contentUrl\":\"https:\/\/www.crittm2a.com\/wp-content\/uploads\/2025\/09\/logotype-critt_signature-COULEUR.jpg\",\"width\":1476,\"height\":536,\"caption\":\"CrittM2A\"},\"image\":{\"@id\":\"https:\/\/www.crittm2a.com\/fr\/#\/schema\/logo\/image\/\"},\"sameAs\":[\"https:\/\/x.com\/critt_m2a\",\"https:\/\/www.linkedin.com\/company\/sas-critt-m2a\/?viewAsMember=true\"]}]}<\/script>\n<!-- \/ Yoast SEO plugin. -->","yoast_head_json":{"title":"Critt M2A","robots":{"index":"index","follow":"follow","max-snippet":"max-snippet:-1","max-image-preview":"max-image-preview:large","max-video-preview":"max-video-preview:-1"},"canonical":"https:\/\/www.crittm2a.com\/fr\/systeme-qualite\/","og_locale":"fr_FR","og_type":"article","og_title":"Syst\u00e8me Qualit\u00e9 Critt M2A","og_description":"Le CRITT M2A\u00a0est accr\u00e9dit\u00e9\u00a0ISO\/IEC 17025:2017\u00a0conform\u00e9ment aux r\u00e8gles d\u2019application\u00a0COFRAC. Cette accr\u00e9ditation concerne la caract\u00e9risation des enceintes thermostatiques du CRITT M2A. Le [&hellip;]","og_url":"https:\/\/www.crittm2a.com\/fr\/systeme-qualite\/","og_site_name":"Critt M2A","article_modified_time":"2024-06-24T07:22:18+00:00","og_image":[{"width":1667,"height":732,"url":"https:\/\/www.crittm2a.com\/wp-content\/uploads\/2024\/06\/MANAGEMENT-QUALITE.jpg","type":"image\/jpeg"}],"twitter_card":"summary_large_image","twitter_site":"@critt_m2a","twitter_misc":{"Dur\u00e9e de lecture estim\u00e9e":"1 minute"},"schema":{"@context":"https:\/\/schema.org","@graph":[{"@type":"WebPage","@id":"https:\/\/www.crittm2a.com\/fr\/systeme-qualite\/","url":"https:\/\/www.crittm2a.com\/fr\/systeme-qualite\/","name":"Syst\u00e8me Qualit\u00e9 Critt M2A","isPartOf":{"@id":"https:\/\/www.crittm2a.com\/fr\/#website"},"primaryImageOfPage":{"@id":"https:\/\/www.crittm2a.com\/fr\/systeme-qualite\/#primaryimage"},"image":{"@id":"https:\/\/www.crittm2a.com\/fr\/systeme-qualite\/#primaryimage"},"thumbnailUrl":"https:\/\/www.crittm2a.com\/wp-content\/uploads\/2024\/06\/MANAGEMENT-QUALITE.jpg","datePublished":"2021-06-22T15:10:35+00:00","dateModified":"2024-06-24T07:22:18+00:00","breadcrumb":{"@id":"https:\/\/www.crittm2a.com\/fr\/systeme-qualite\/#breadcrumb"},"inLanguage":"fr-FR","potentialAction":[{"@type":"ReadAction","target":["https:\/\/www.crittm2a.com\/fr\/systeme-qualite\/"]}]},{"@type":"ImageObject","inLanguage":"fr-FR","@id":"https:\/\/www.crittm2a.com\/fr\/systeme-qualite\/#primaryimage","url":"https:\/\/www.crittm2a.com\/wp-content\/uploads\/2024\/06\/MANAGEMENT-QUALITE.jpg","contentUrl":"https:\/\/www.crittm2a.com\/wp-content\/uploads\/2024\/06\/MANAGEMENT-QUALITE.jpg","width":1667,"height":732},{"@type":"BreadcrumbList","@id":"https:\/\/www.crittm2a.com\/fr\/systeme-qualite\/#breadcrumb","itemListElement":[{"@type":"ListItem","position":1,"name":"Accueil","item":"https:\/\/www.crittm2a.com\/fr\/"},{"@type":"ListItem","position":2,"name":"Syst\u00e8me Qualit\u00e9"}]},{"@type":"WebSite","@id":"https:\/\/www.crittm2a.com\/fr\/#website","url":"https:\/\/www.crittm2a.com\/fr\/","name":"Critt M2A","description":"","publisher":{"@id":"https:\/\/www.crittm2a.com\/fr\/#organization"},"potentialAction":[{"@type":"SearchAction","target":{"@type":"EntryPoint","urlTemplate":"https:\/\/www.crittm2a.com\/fr\/?s={search_term_string}"},"query-input":{"@type":"PropertyValueSpecification","valueRequired":true,"valueName":"search_term_string"}}],"inLanguage":"fr-FR"},{"@type":"Organization","@id":"https:\/\/www.crittm2a.com\/fr\/#organization","name":"CrittM2A","url":"https:\/\/www.crittm2a.com\/fr\/","logo":{"@type":"ImageObject","inLanguage":"fr-FR","@id":"https:\/\/www.crittm2a.com\/fr\/#\/schema\/logo\/image\/","url":"https:\/\/www.crittm2a.com\/wp-content\/uploads\/2025\/09\/logotype-critt_signature-COULEUR.jpg","contentUrl":"https:\/\/www.crittm2a.com\/wp-content\/uploads\/2025\/09\/logotype-critt_signature-COULEUR.jpg","width":1476,"height":536,"caption":"CrittM2A"},"image":{"@id":"https:\/\/www.crittm2a.com\/fr\/#\/schema\/logo\/image\/"},"sameAs":["https:\/\/x.com\/critt_m2a","https:\/\/www.linkedin.com\/company\/sas-critt-m2a\/?viewAsMember=true"]}]}},"jetpack_sharing_enabled":true,"_links":{"self":[{"href":"https:\/\/www.crittm2a.com\/fr\/wp-json\/wp\/v2\/pages\/2998","targetHints":{"allow":["GET"]}}],"collection":[{"href":"https:\/\/www.crittm2a.com\/fr\/wp-json\/wp\/v2\/pages"}],"about":[{"href":"https:\/\/www.crittm2a.com\/fr\/wp-json\/wp\/v2\/types\/page"}],"author":[{"embeddable":true,"href":"https:\/\/www.crittm2a.com\/fr\/wp-json\/wp\/v2\/users\/3"}],"replies":[{"embeddable":true,"href":"https:\/\/www.crittm2a.com\/fr\/wp-json\/wp\/v2\/comments?post=2998"}],"version-history":[{"count":38,"href":"https:\/\/www.crittm2a.com\/fr\/wp-json\/wp\/v2\/pages\/2998\/revisions"}],"predecessor-version":[{"id":4464,"href":"https:\/\/www.crittm2a.com\/fr\/wp-json\/wp\/v2\/pages\/2998\/revisions\/4464"}],"wp:featuredmedia":[{"embeddable":true,"href":"https:\/\/www.crittm2a.com\/fr\/wp-json\/wp\/v2\/media\/4237"}],"wp:attachment":[{"href":"https:\/\/www.crittm2a.com\/fr\/wp-json\/wp\/v2\/media?parent=2998"}],"curies":[{"name":"wp","href":"https:\/\/api.w.org\/{rel}","templated":true}]}}