{"id":29,"date":"2020-01-30T13:42:12","date_gmt":"2020-01-30T12:42:12","guid":{"rendered":"https:\/\/www.crittm2a.com\/?page_id=29"},"modified":"2025-01-31T14:19:46","modified_gmt":"2025-01-31T13:19:46","slug":"nous-contacter","status":"publish","type":"page","link":"https:\/\/www.crittm2a.com\/fr\/nous-contacter\/","title":{"rendered":"Nous contacter"},"content":{"rendered":"<h2>Nous contacter<\/h2>\n<div class=\"row\">\n<div class=\"col-md-6 contact-card\">\n<div class=\"row\">\n<div class=\"col-md-4\"><img loading=\"lazy\" decoding=\"async\" class=\"alignnone size-medium wp-image-4150 img-fluid\" src=\"https:\/\/www.crittm2a.com\/wp-content\/uploads\/2024\/06\/jerome-300x300.jpg\" alt=\"\" width=\"300\" height=\"300\" \/><\/div>\n<div class=\"col-md-8\">\n<div class=\"contact-info\">\n<h3>J\u00e9r\u00f4me BODELLE<\/h3>\n<p class=\"mb-2\">Pr\u00e9sident Directeur G\u00e9n\u00e9ral<\/p>\n<p class=\"email\"><a href=\"mailto:crittm2a@crittm2a.com\">crittm2a@crittm2a.com<\/a><\/p>\n<p class=\"phone mb-2\">t\u00e9l. 03 91 80 02 02<\/p>\n<p><a href=\"#\"><i class=\"fab fa-linkedin-in\">\u00a0<\/i><\/a><\/div>\n<\/div>\n<\/div>\n<\/div>\n<div class=\"col-md-6 contact-card\">\n<div class=\"row\">\n<div class=\"col-md-4\"><img loading=\"lazy\" decoding=\"async\" class=\"alignnone size-medium wp-image-4152 img-fluid\" src=\"https:\/\/www.crittm2a.com\/wp-content\/uploads\/2024\/06\/arnaud-300x300.jpg\" alt=\"\" width=\"300\" height=\"300\" \/><\/div>\n<div class=\"col-md-8\">\n<div class=\"contact-info\">\n<h3>Arnaud LEVECQUE<\/h3>\n<p class=\"mb-2\">Responsable Commercial<\/p>\n<p class=\"email\"><a href=\"mailto:sales@crittm2a.com\">sales@crittm2a.com<\/a><\/p>\n<p class=\"phone mb-2\">t\u00e9l. 03 91 80 02 13<\/p>\n<p><a href=\"#\"><i class=\"fab fa-linkedin-in\">\u00a0<\/i><\/a><\/div>\n<\/div>\n<\/div>\n<\/div>\n<\/div>\n<div class=\"row\">\n<div class=\"col-md-6 contact-card\">\n<div class=\"row\">\n<div class=\"col-md-4\"><img loading=\"lazy\" decoding=\"async\" class=\"alignnone size-medium wp-image-4153 img-fluid\" src=\"https:\/\/www.crittm2a.com\/wp-content\/uploads\/2024\/06\/philippe-300x300.jpg\" alt=\"\" width=\"300\" height=\"300\" \/><\/div>\n<div class=\"col-md-8\">\n<div class=\"contact-info\">\n<h3>Philippe LAGASSE<\/h3>\n<p class=\"mb-2\">Senior Business Manager<\/p>\n<p class=\"email\"><a href=\"mailto:sales@crittm2a.com\">sales@crittm2a.com<\/a><\/p>\n<p class=\"phone mb-2\">t\u00e9l. 03 91 80 02 11<\/p>\n<p><a href=\"#\"><i class=\"fab fa-linkedin-in\">\u00a0<\/i><\/a><\/div>\n<\/div>\n<\/div>\n<\/div>\n<div class=\"col-md-6 contact-card\">\n<div class=\"row\">\n<div class=\"col-md-4\"><img loading=\"lazy\" decoding=\"async\" class=\"alignnone size-medium wp-image-4151 img-fluid\" src=\"https:\/\/www.crittm2a.com\/wp-content\/uploads\/2024\/06\/gregory-300x300.jpg\" alt=\"\" width=\"300\" height=\"300\" \/><\/div>\n<div class=\"col-md-8\">\n<div class=\"contact-info\">\n<h3>Gr\u00e9gory VIALLARD<\/h3>\n<p>Business Development Manager<\/p>\n<p class=\"email\"><a href=\"mailto:sales@crittm2a.com\">sales@crittm2a.com<\/a><\/p>\n<p class=\"phone mb-2\">t\u00e9l. 03 91 80 02 55<\/p>\n<p><a href=\"#\"><i class=\"fab fa-linkedin-in\">\u00a0<\/i><\/a><\/div>\n<\/div>\n<\/div>\n<\/div>\n<\/div>\n<div class=\"row\">\n<div class=\"col-md-6 contact-card\">\n<div class=\"row\">\n<div class=\"col-md-4\">\u00a0<\/div>\n<\/div>\n<\/div>\n<\/div>\n<div class=\"icon\">\u00a0<\/div>\n<div>\n<table style=\"border-collapse: collapse; width: 100%;\">\n<tbody>\n<tr>\n<td style=\"width: 10.3901%;\"><img loading=\"lazy\" decoding=\"async\" class=\"alignnone  wp-image-4386\" src=\"https:\/\/www.crittm2a.com\/wp-content\/uploads\/2024\/06\/visuels-linkedinmailing-300x382.png\" alt=\"\" width=\"46\" height=\"59\" \/><\/td>\n<td style=\"width: 89.6099%;\"><a href=\"https:\/\/www.google.com\/maps\/place\/CRITT+M2A\/@50.499578,2.579447,15z\/data=!4m5!3m4!1s0x0:0x6f427e15ac1d3526!8m2!3d50.499578!4d2.579447\" target=\"_blank\" rel=\"noopener noreferrer\">Venir au CRITT M2A<\/a><\/td>\n<\/tr>\n<\/tbody>\n<\/table>\n<\/div>\n<div class=\"container\">\n<div class=\"map-pin-block\">\u00a0<\/div>\n<\/div>\n","protected":false},"excerpt":{"rendered":"<p>Nous contacter J\u00e9r\u00f4me BODELLE Pr\u00e9sident Directeur G\u00e9n\u00e9ral crittm2a@crittm2a.com t\u00e9l. 03 91 80 02 02 \u00a0 Arnaud LEVECQUE Responsable Commercial sales@crittm2a.com [&hellip;]<\/p>\n","protected":false},"author":1,"featured_media":4145,"parent":0,"menu_order":0,"comment_status":"closed","ping_status":"closed","template":"","meta":{"_acf_changed":false,"footnotes":""},"class_list":["post-29","page","type-page","status-publish","has-post-thumbnail","hentry"],"acf":[],"yoast_head":"<!-- This site is optimized with the Yoast SEO plugin v27.1.1 - https:\/\/yoast.com\/product\/yoast-seo-wordpress\/ -->\n<title>Critt M2A<\/title>\n<meta name=\"robots\" content=\"index, follow, max-snippet:-1, max-image-preview:large, max-video-preview:-1\" \/>\n<link rel=\"canonical\" href=\"https:\/\/www.crittm2a.com\/fr\/nous-contacter\/\" \/>\n<meta property=\"og:locale\" content=\"fr_FR\" \/>\n<meta property=\"og:type\" content=\"article\" \/>\n<meta property=\"og:title\" content=\"Nous contacter Critt M2A\" \/>\n<meta property=\"og:description\" content=\"Nous contacter J\u00e9r\u00f4me BODELLE Pr\u00e9sident Directeur G\u00e9n\u00e9ral crittm2a@crittm2a.com t\u00e9l. 03 91 80 02 02 \u00a0 Arnaud LEVECQUE Responsable Commercial sales@crittm2a.com [&hellip;]\" \/>\n<meta property=\"og:url\" content=\"https:\/\/www.crittm2a.com\/fr\/nous-contacter\/\" \/>\n<meta property=\"og:site_name\" content=\"Critt M2A\" \/>\n<meta property=\"article:modified_time\" content=\"2025-01-31T13:19:46+00:00\" \/>\n<meta property=\"og:image\" content=\"https:\/\/www.crittm2a.com\/wp-content\/uploads\/2024\/06\/plan-critt.png\" \/>\n\t<meta property=\"og:image:width\" content=\"1264\" \/>\n\t<meta property=\"og:image:height\" content=\"822\" \/>\n\t<meta property=\"og:image:type\" content=\"image\/png\" \/>\n<meta name=\"twitter:card\" content=\"summary_large_image\" \/>\n<meta name=\"twitter:site\" content=\"@critt_m2a\" \/>\n<script type=\"application\/ld+json\" class=\"yoast-schema-graph\">{\"@context\":\"https:\/\/schema.org\",\"@graph\":[{\"@type\":\"WebPage\",\"@id\":\"https:\/\/www.crittm2a.com\/fr\/nous-contacter\/\",\"url\":\"https:\/\/www.crittm2a.com\/fr\/nous-contacter\/\",\"name\":\"Nous contacter Critt M2A\",\"isPartOf\":{\"@id\":\"https:\/\/www.crittm2a.com\/fr\/#website\"},\"primaryImageOfPage\":{\"@id\":\"https:\/\/www.crittm2a.com\/fr\/nous-contacter\/#primaryimage\"},\"image\":{\"@id\":\"https:\/\/www.crittm2a.com\/fr\/nous-contacter\/#primaryimage\"},\"thumbnailUrl\":\"https:\/\/www.crittm2a.com\/wp-content\/uploads\/2024\/06\/plan-critt.png\",\"datePublished\":\"2020-01-30T12:42:12+00:00\",\"dateModified\":\"2025-01-31T13:19:46+00:00\",\"breadcrumb\":{\"@id\":\"https:\/\/www.crittm2a.com\/fr\/nous-contacter\/#breadcrumb\"},\"inLanguage\":\"fr-FR\",\"potentialAction\":[{\"@type\":\"ReadAction\",\"target\":[\"https:\/\/www.crittm2a.com\/fr\/nous-contacter\/\"]}]},{\"@type\":\"ImageObject\",\"inLanguage\":\"fr-FR\",\"@id\":\"https:\/\/www.crittm2a.com\/fr\/nous-contacter\/#primaryimage\",\"url\":\"https:\/\/www.crittm2a.com\/wp-content\/uploads\/2024\/06\/plan-critt.png\",\"contentUrl\":\"https:\/\/www.crittm2a.com\/wp-content\/uploads\/2024\/06\/plan-critt.png\",\"width\":1264,\"height\":822},{\"@type\":\"BreadcrumbList\",\"@id\":\"https:\/\/www.crittm2a.com\/fr\/nous-contacter\/#breadcrumb\",\"itemListElement\":[{\"@type\":\"ListItem\",\"position\":1,\"name\":\"Accueil\",\"item\":\"https:\/\/www.crittm2a.com\/fr\/\"},{\"@type\":\"ListItem\",\"position\":2,\"name\":\"Nous contacter\"}]},{\"@type\":\"WebSite\",\"@id\":\"https:\/\/www.crittm2a.com\/fr\/#website\",\"url\":\"https:\/\/www.crittm2a.com\/fr\/\",\"name\":\"Critt M2A\",\"description\":\"\",\"publisher\":{\"@id\":\"https:\/\/www.crittm2a.com\/fr\/#organization\"},\"potentialAction\":[{\"@type\":\"SearchAction\",\"target\":{\"@type\":\"EntryPoint\",\"urlTemplate\":\"https:\/\/www.crittm2a.com\/fr\/?s={search_term_string}\"},\"query-input\":{\"@type\":\"PropertyValueSpecification\",\"valueRequired\":true,\"valueName\":\"search_term_string\"}}],\"inLanguage\":\"fr-FR\"},{\"@type\":\"Organization\",\"@id\":\"https:\/\/www.crittm2a.com\/fr\/#organization\",\"name\":\"CrittM2A\",\"url\":\"https:\/\/www.crittm2a.com\/fr\/\",\"logo\":{\"@type\":\"ImageObject\",\"inLanguage\":\"fr-FR\",\"@id\":\"https:\/\/www.crittm2a.com\/fr\/#\/schema\/logo\/image\/\",\"url\":\"https:\/\/www.crittm2a.com\/wp-content\/uploads\/2025\/09\/logotype-critt_signature-COULEUR.jpg\",\"contentUrl\":\"https:\/\/www.crittm2a.com\/wp-content\/uploads\/2025\/09\/logotype-critt_signature-COULEUR.jpg\",\"width\":1476,\"height\":536,\"caption\":\"CrittM2A\"},\"image\":{\"@id\":\"https:\/\/www.crittm2a.com\/fr\/#\/schema\/logo\/image\/\"},\"sameAs\":[\"https:\/\/x.com\/critt_m2a\",\"https:\/\/www.linkedin.com\/company\/sas-critt-m2a\/?viewAsMember=true\"]}]}<\/script>\n<!-- \/ Yoast SEO plugin. -->","yoast_head_json":{"title":"Critt M2A","robots":{"index":"index","follow":"follow","max-snippet":"max-snippet:-1","max-image-preview":"max-image-preview:large","max-video-preview":"max-video-preview:-1"},"canonical":"https:\/\/www.crittm2a.com\/fr\/nous-contacter\/","og_locale":"fr_FR","og_type":"article","og_title":"Nous contacter Critt M2A","og_description":"Nous contacter J\u00e9r\u00f4me BODELLE Pr\u00e9sident Directeur G\u00e9n\u00e9ral crittm2a@crittm2a.com t\u00e9l. 03 91 80 02 02 \u00a0 Arnaud LEVECQUE Responsable Commercial sales@crittm2a.com [&hellip;]","og_url":"https:\/\/www.crittm2a.com\/fr\/nous-contacter\/","og_site_name":"Critt M2A","article_modified_time":"2025-01-31T13:19:46+00:00","og_image":[{"width":1264,"height":822,"url":"https:\/\/www.crittm2a.com\/wp-content\/uploads\/2024\/06\/plan-critt.png","type":"image\/png"}],"twitter_card":"summary_large_image","twitter_site":"@critt_m2a","schema":{"@context":"https:\/\/schema.org","@graph":[{"@type":"WebPage","@id":"https:\/\/www.crittm2a.com\/fr\/nous-contacter\/","url":"https:\/\/www.crittm2a.com\/fr\/nous-contacter\/","name":"Nous contacter Critt M2A","isPartOf":{"@id":"https:\/\/www.crittm2a.com\/fr\/#website"},"primaryImageOfPage":{"@id":"https:\/\/www.crittm2a.com\/fr\/nous-contacter\/#primaryimage"},"image":{"@id":"https:\/\/www.crittm2a.com\/fr\/nous-contacter\/#primaryimage"},"thumbnailUrl":"https:\/\/www.crittm2a.com\/wp-content\/uploads\/2024\/06\/plan-critt.png","datePublished":"2020-01-30T12:42:12+00:00","dateModified":"2025-01-31T13:19:46+00:00","breadcrumb":{"@id":"https:\/\/www.crittm2a.com\/fr\/nous-contacter\/#breadcrumb"},"inLanguage":"fr-FR","potentialAction":[{"@type":"ReadAction","target":["https:\/\/www.crittm2a.com\/fr\/nous-contacter\/"]}]},{"@type":"ImageObject","inLanguage":"fr-FR","@id":"https:\/\/www.crittm2a.com\/fr\/nous-contacter\/#primaryimage","url":"https:\/\/www.crittm2a.com\/wp-content\/uploads\/2024\/06\/plan-critt.png","contentUrl":"https:\/\/www.crittm2a.com\/wp-content\/uploads\/2024\/06\/plan-critt.png","width":1264,"height":822},{"@type":"BreadcrumbList","@id":"https:\/\/www.crittm2a.com\/fr\/nous-contacter\/#breadcrumb","itemListElement":[{"@type":"ListItem","position":1,"name":"Accueil","item":"https:\/\/www.crittm2a.com\/fr\/"},{"@type":"ListItem","position":2,"name":"Nous contacter"}]},{"@type":"WebSite","@id":"https:\/\/www.crittm2a.com\/fr\/#website","url":"https:\/\/www.crittm2a.com\/fr\/","name":"Critt M2A","description":"","publisher":{"@id":"https:\/\/www.crittm2a.com\/fr\/#organization"},"potentialAction":[{"@type":"SearchAction","target":{"@type":"EntryPoint","urlTemplate":"https:\/\/www.crittm2a.com\/fr\/?s={search_term_string}"},"query-input":{"@type":"PropertyValueSpecification","valueRequired":true,"valueName":"search_term_string"}}],"inLanguage":"fr-FR"},{"@type":"Organization","@id":"https:\/\/www.crittm2a.com\/fr\/#organization","name":"CrittM2A","url":"https:\/\/www.crittm2a.com\/fr\/","logo":{"@type":"ImageObject","inLanguage":"fr-FR","@id":"https:\/\/www.crittm2a.com\/fr\/#\/schema\/logo\/image\/","url":"https:\/\/www.crittm2a.com\/wp-content\/uploads\/2025\/09\/logotype-critt_signature-COULEUR.jpg","contentUrl":"https:\/\/www.crittm2a.com\/wp-content\/uploads\/2025\/09\/logotype-critt_signature-COULEUR.jpg","width":1476,"height":536,"caption":"CrittM2A"},"image":{"@id":"https:\/\/www.crittm2a.com\/fr\/#\/schema\/logo\/image\/"},"sameAs":["https:\/\/x.com\/critt_m2a","https:\/\/www.linkedin.com\/company\/sas-critt-m2a\/?viewAsMember=true"]}]}},"jetpack_sharing_enabled":true,"_links":{"self":[{"href":"https:\/\/www.crittm2a.com\/fr\/wp-json\/wp\/v2\/pages\/29","targetHints":{"allow":["GET"]}}],"collection":[{"href":"https:\/\/www.crittm2a.com\/fr\/wp-json\/wp\/v2\/pages"}],"about":[{"href":"https:\/\/www.crittm2a.com\/fr\/wp-json\/wp\/v2\/types\/page"}],"author":[{"embeddable":true,"href":"https:\/\/www.crittm2a.com\/fr\/wp-json\/wp\/v2\/users\/1"}],"replies":[{"embeddable":true,"href":"https:\/\/www.crittm2a.com\/fr\/wp-json\/wp\/v2\/comments?post=29"}],"version-history":[{"count":147,"href":"https:\/\/www.crittm2a.com\/fr\/wp-json\/wp\/v2\/pages\/29\/revisions"}],"predecessor-version":[{"id":4905,"href":"https:\/\/www.crittm2a.com\/fr\/wp-json\/wp\/v2\/pages\/29\/revisions\/4905"}],"wp:featuredmedia":[{"embeddable":true,"href":"https:\/\/www.crittm2a.com\/fr\/wp-json\/wp\/v2\/media\/4145"}],"wp:attachment":[{"href":"https:\/\/www.crittm2a.com\/fr\/wp-json\/wp\/v2\/media?parent=29"}],"curies":[{"name":"wp","href":"https:\/\/api.w.org\/{rel}","templated":true}]}}