{"id":174,"date":"2020-03-06T14:47:30","date_gmt":"2020-03-06T13:47:30","guid":{"rendered":"https:\/\/www.crittm2a.com\/?page_id=174"},"modified":"2026-02-25T11:21:21","modified_gmt":"2026-02-25T10:21:21","slug":"essais-batterie","status":"publish","type":"page","link":"https:\/\/www.crittm2a.com\/fr\/savoir-faire\/essais-batterie\/","title":{"rendered":"Batterie"},"content":{"rendered":"<h2>Nos comp\u00e9tences<\/h2>\n<h3>ESSAIS DE CARACTERISATION &amp; DE PERFORMANCE<\/h3>\n<table style=\"border-collapse: collapse; width: 100%;\">\n<tbody>\n<tr>\n<td style=\"width: 54.8069%;\">\n<ul>\n<li>Reference Performance Test (RPT)<\/li>\n<li>C-rate Charge &amp; Discharge Performance<\/li>\n<li>Energy &amp; Capacity Determination<\/li>\n<li>Hybrid Pulse Power Characterization test (HPPC)<\/li>\n<li>R\u00e9sistance interne<\/li>\n<li>Test de caract\u00e9risation OCV<\/li>\n<li>Caract\u00e9risation &amp; Validation thermiques<\/li>\n<li>Sweeling characterization<\/li>\n<li>Environnement Quasi-Adiabatic (ex : bain d&rsquo;huile di\u00e9lectrique)<\/li>\n<li>Cycle Standard ( ex : WLTP)<\/li>\n<li>Test d&rsquo;autonomie Batterie<\/li>\n<li>Load Cycle &#8211; Quick Charge Cycle<\/li>\n<li>Cyclage \u00e9lectrique avec variations thermiques et hygrom\u00e9triques<\/li>\n<li>Tests fonctionnels<\/li>\n<li>Validation BMS (Pr\u00e9cision, Limitation courant\/puissance, SOC, SOH\u2026)<\/li>\n<\/ul>\n<\/td>\n<td style=\"width: 2.31578%;\"><\/td>\n<td style=\"width: 43.5438%;\"><img loading=\"lazy\" decoding=\"async\" class=\"wp-image-4264 \" src=\"https:\/\/www.crittm2a.com\/wp-content\/uploads\/2024\/06\/Copie-de-FICHE-TECHNIQUE-BATTERY-Affiches-scaled.jpg\" alt=\"\" width=\"453\" height=\"278\" \/><\/td>\n<\/tr>\n<\/tbody>\n<\/table>\n<h3>ESSAIS D&rsquo;ENDURANCE<\/h3>\n<ul>\n<li>Profil de roulage<\/li>\n<li>Cycle de vieillissement \u00e9lectrique et\/ou calendaire<\/li>\n<li>D\u00e9charge r\u00e9siduelle<\/li>\n<li>Powered Thermal Cyclic Endurance (PTCE)<\/li>\n<li>Life Cycle\/Track Cycle<\/li>\n<li>D\u00e9marrage \u00e0 froid<\/li>\n<li>Equilibrage des cellules<\/li>\n<li>Dynamic Stress Testing (DST)<\/li>\n<\/ul>\n<h3>ESSAIS BATTERIE ABUSIFS ET ENVIRONNEMENTAUX<\/h3>\n<table style=\"border-collapse: collapse; width: 99.7895%; height: 182px;\">\n<tbody>\n<tr>\n<td style=\"width: 21.519%;\">ELECTRIQUES<br \/>\n<span style=\"font-size: 10pt;\">&#8211; Court-circuit externe<\/span><br \/>\n<span style=\"font-size: 10pt;\">&#8211; Court-circuit interne<\/span><br \/>\n<span style=\"font-size: 10pt;\">&#8211; Surcharge<\/span><br \/>\n<span style=\"font-size: 10pt;\">&#8211; Surd\u00e9charge<\/span><br \/>\n<span style=\"font-size: 10pt;\">&#8211; Cycle de limitation de tension<\/span><\/td>\n<td style=\"width: 21.4135%;\">MECANIQUES<br \/>\n<span style=\"font-size: 10pt;\">&#8211; Chocs et vibration m\u00e9caniques<\/span><br \/>\n<span style=\"font-size: 10pt;\">&#8211; Drop<\/span><br \/>\n<span style=\"font-size: 10pt;\">&#8211; Crush<\/span><br \/>\n<span style=\"font-size: 10pt;\">&#8211; Nail penetration\/indentation<\/span><br \/>\n<span style=\"font-size: 10pt;\">&#8211; Rollover<\/span><\/td>\n<td style=\"width: 16.5762%;\"><img loading=\"lazy\" decoding=\"async\" class=\" wp-image-4272\" style=\"font-family: inherit; font-size: inherit;\" src=\"https:\/\/www.crittm2a.com\/wp-content\/uploads\/2024\/06\/Copie-de-FICHE-TECHNIQUE-BATTERY-Affiches-1-300x261.jpg\" alt=\"\" width=\"171\" height=\"149\" \/><\/td>\n<\/tr>\n<tr>\n<td style=\"width: 21.519%;\"><span style=\"font-size: 10pt;\"><span style=\"font-size: 12pt;\">TEMPERATURE<\/span><br \/>\n<\/span><span style=\"font-size: 10pt;\">&#8211; Surchauffe<\/span><br \/>\n<span style=\"font-size: 10pt;\">&#8211; Propagation thermique<\/span><br \/>\n<span style=\"font-size: 10pt;\">&#8211; Thermal Cycling<br \/>\n<span style=\"color: #ffffff;\">dsgj<\/span><br \/>\n<span style=\"color: #ffffff;\">sggs<\/span><\/span><\/td>\n<td style=\"width: 21.4135%;\"><span style=\"font-size: 10pt;\"><span style=\"font-size: 12pt;\">ENVIRONNEMENTAUX<\/span><br \/>\n<\/span><span style=\"font-size: 10pt;\">&#8211; Chaleur humide (Damp Heat)<\/span><br \/>\n<span style=\"font-size: 10pt;\">&#8211; IPXX<\/span><br \/>\n<span style=\"font-size: 10pt;\">&#8211; Brouillard salin<\/span><br \/>\n<span style=\"font-size: 10pt;\">&#8211; Immersion<\/span><br \/>\n<span style=\"font-size: 10pt;\">&#8211; Altitude<\/span><\/td>\n<td style=\"width: 16.5762%;\"><\/td>\n<\/tr>\n<\/tbody>\n<\/table>\n<h2>Nos \u00e9quipements<\/h2>\n<table style=\"border-collapse: collapse; width: 100%;\">\n<tbody>\n<tr>\n<td style=\"width: 18.705%;\"><img loading=\"lazy\" decoding=\"async\" class=\" wp-image-4338\" style=\"font-family: inherit; font-size: inherit;\" src=\"https:\/\/www.crittm2a.com\/wp-content\/uploads\/2024\/06\/2-1-300x239.jpg\" alt=\"\" width=\"74\" height=\"59\" \/><\/td>\n<td style=\"width: 81.295%;\">\n<h3>12 VOIES DE TEST PACK<\/h3>\n<ul>\n<li>Courant :\u00a0 jusqu&rsquo;\u00e0 1800 A<\/li>\n<li>Puissance : jusqu&rsquo;\u00e0 750 kW<\/li>\n<li>Tension : jusqu&rsquo;\u00e0 1200 V<\/li>\n<\/ul>\n<\/td>\n<\/tr>\n<tr>\n<td style=\"width: 18.705%;\"><img loading=\"lazy\" decoding=\"async\" class=\" wp-image-4337\" src=\"https:\/\/www.crittm2a.com\/wp-content\/uploads\/2024\/06\/3-1-300x219.jpg\" alt=\"\" width=\"73\" height=\"53\" \/><\/td>\n<td style=\"width: 81.295%;\">\n<h3>29 VOIES DE TEST MODULES<\/h3>\n<ul>\n<li>Courant : jusqu&rsquo;\u00e0 1350 A<\/li>\n<li>Puissance : jusqu&rsquo;\u00e0 72 kW<\/li>\n<li>Tension : jusqu&rsquo;\u00e0 160 V<\/li>\n<\/ul>\n<\/td>\n<\/tr>\n<tr>\n<td style=\"width: 18.705%;\"><img loading=\"lazy\" decoding=\"async\" class=\" wp-image-4336\" src=\"https:\/\/www.crittm2a.com\/wp-content\/uploads\/2024\/06\/4-1-300x195.jpg\" alt=\"\" width=\"74\" height=\"48\" \/><\/td>\n<td style=\"width: 81.295%;\">\n<h3>246 VOIES DE TEST CELLULES<\/h3>\n<ul>\n<li>Courant : jusqu&rsquo;\u00e0 1200 A<\/li>\n<li>Puissance : jusqu&rsquo;\u00e0 8 kW<\/li>\n<li>Tension : jusqu&rsquo;\u00e0 8 V<\/li>\n<\/ul>\n<\/td>\n<\/tr>\n<tr>\n<td style=\"width: 18.705%;\"><img loading=\"lazy\" decoding=\"async\" class=\" wp-image-4335\" src=\"https:\/\/www.crittm2a.com\/wp-content\/uploads\/2024\/06\/5-1-300x214.jpg\" alt=\"\" width=\"74\" height=\"53\" \/><\/td>\n<td style=\"width: 81.295%;\">\n<h3>BANC D&rsquo;ESSAIS BATTERIE ABUSIFS<\/h3>\n<ul>\n<li>Bunker pour tests abusifs avec syst\u00e8me d&rsquo;immersion automatique de la batterie<\/li>\n<li>Unit\u00e9 de puissance adapt\u00e9e jusqu&rsquo;\u00e0 1200 V<\/li>\n<li>Laveur de fum\u00e9e<\/li>\n<\/ul>\n<\/td>\n<\/tr>\n<\/tbody>\n<\/table>\n<h3><\/h3>\n<h3>ENVIRONNEMENT CLIMATIQUE<\/h3>\n<table style=\"border-collapse: collapse; width: 100%; height: 113px;\">\n<tbody>\n<tr style=\"height: 113px;\">\n<td style=\"width: 71.4028%; height: 113px;\">\n<ul>\n<li>4 chambres de type walk in : 3,2mx2mx2m : 14 m3<\/li>\n<li>2 chambres de type walk in : 4,3mx2mx2m : 19 m<sup>3<\/sup><\/li>\n<li>40 chambres pour cellules et modules jusqu&rsquo;\u00e0 1 m<sup>3<\/sup><\/li>\n<\/ul>\n<\/td>\n<td style=\"width: 28.5972%; height: 113px;\"><img loading=\"lazy\" decoding=\"async\" class=\"alignnone wp-image-4370 \" src=\"https:\/\/www.crittm2a.com\/wp-content\/uploads\/2024\/06\/ENVI-CLIMATIQUE.jpg\" alt=\"\" width=\"257\" height=\"108\" \/><\/td>\n<\/tr>\n<\/tbody>\n<\/table>\n<h3><\/h3>\n<h3>SYSTEMES DE REFROIDISSEMENT<\/h3>\n<table style=\"border-collapse: collapse; width: 100%; height: 144px;\">\n<tbody>\n<tr style=\"height: 78px;\">\n<td style=\"width: 51.0792%; border-style: dotted; height: 78px;\">\n<ul>\n<li>Syst\u00e8mes de refroidissement \u00e0 air<\/li>\n<\/ul>\n<\/td>\n<td style=\"width: 48.9208%; height: 78px;\"><img loading=\"lazy\" decoding=\"async\" class=\"alignnone wp-image-4360 \" src=\"https:\/\/www.crittm2a.com\/wp-content\/uploads\/2024\/06\/air-cooling-2.jpg\" alt=\"\" width=\"397\" height=\"97\" \/><\/td>\n<\/tr>\n<tr style=\"height: 66px;\">\n<td style=\"width: 51.0792%; height: 66px;\">\n<ul>\n<li>Syst\u00e8mes de refroidissement \u00e0 huile glycol\/di\u00e9lectrique<\/li>\n<\/ul>\n<\/td>\n<td style=\"width: 48.9208%; height: 66px;\"><img loading=\"lazy\" decoding=\"async\" class=\"alignnone wp-image-4361\" src=\"https:\/\/www.crittm2a.com\/wp-content\/uploads\/2024\/06\/huile-2.jpg\" alt=\"\" width=\"268\" height=\"54\" \/><\/td>\n<\/tr>\n<\/tbody>\n<\/table>\n","protected":false},"excerpt":{"rendered":"<p>Nos comp\u00e9tences ESSAIS DE CARACTERISATION &amp; DE PERFORMANCE Reference Performance Test (RPT) C-rate Charge &amp; Discharge Performance Energy &amp; Capacity [&hellip;]<\/p>\n","protected":false},"author":2,"featured_media":4453,"parent":15,"menu_order":1,"comment_status":"closed","ping_status":"closed","template":"","meta":{"_acf_changed":false,"footnotes":""},"class_list":["post-174","page","type-page","status-publish","has-post-thumbnail","hentry"],"acf":[],"yoast_head":"<!-- This site is optimized with the Yoast SEO plugin v27.1.1 - https:\/\/yoast.com\/product\/yoast-seo-wordpress\/ -->\n<title>Critt M2A<\/title>\n<meta name=\"description\" content=\"Essais batterie de la cellule au pack : caract\u00e9risation, performance, endurance &amp; s\u00e9curit\u00e9 pour les secteurs auto, ferroviaire &amp; a\u00e9ronautique.\" \/>\n<meta name=\"robots\" content=\"index, follow, max-snippet:-1, max-image-preview:large, max-video-preview:-1\" \/>\n<link rel=\"canonical\" href=\"https:\/\/www.crittm2a.com\/fr\/savoir-faire\/essais-batterie\/\" \/>\n<meta property=\"og:locale\" content=\"fr_FR\" \/>\n<meta property=\"og:type\" content=\"article\" \/>\n<meta property=\"og:title\" content=\"Essais batterie de la cellule au pack : performance &amp; s\u00e9curit\u00e9-CRITT M2A\" \/>\n<meta property=\"og:description\" content=\"Essais batterie de la cellule au pack : caract\u00e9risation, performance, endurance &amp; s\u00e9curit\u00e9 pour les secteurs auto, ferroviaire &amp; a\u00e9ronautique.\" \/>\n<meta property=\"og:url\" content=\"https:\/\/www.crittm2a.com\/fr\/savoir-faire\/essais-batterie\/\" \/>\n<meta property=\"og:site_name\" content=\"Critt M2A\" \/>\n<meta property=\"article:modified_time\" content=\"2026-02-25T10:21:21+00:00\" \/>\n<meta property=\"og:image\" content=\"https:\/\/www.crittm2a.com\/wp-content\/uploads\/2024\/06\/main-auto-HP-etp4-coupe-batterie-bassedef.png\" \/>\n\t<meta property=\"og:image:width\" content=\"2193\" \/>\n\t<meta property=\"og:image:height\" content=\"1394\" \/>\n\t<meta property=\"og:image:type\" content=\"image\/png\" \/>\n<meta name=\"twitter:card\" content=\"summary_large_image\" \/>\n<meta name=\"twitter:site\" content=\"@critt_m2a\" \/>\n<meta name=\"twitter:label1\" content=\"Dur\u00e9e de lecture estim\u00e9e\" \/>\n\t<meta name=\"twitter:data1\" content=\"4 minutes\" \/>\n<script type=\"application\/ld+json\" class=\"yoast-schema-graph\">{\"@context\":\"https:\/\/schema.org\",\"@graph\":[{\"@type\":\"WebPage\",\"@id\":\"https:\/\/www.crittm2a.com\/fr\/savoir-faire\/essais-batterie\/\",\"url\":\"https:\/\/www.crittm2a.com\/fr\/savoir-faire\/essais-batterie\/\",\"name\":\"Essais batterie de la cellule au pack : performance & s\u00e9curit\u00e9-CRITT M2A\",\"isPartOf\":{\"@id\":\"https:\/\/www.crittm2a.com\/fr\/#website\"},\"primaryImageOfPage\":{\"@id\":\"https:\/\/www.crittm2a.com\/fr\/savoir-faire\/essais-batterie\/#primaryimage\"},\"image\":{\"@id\":\"https:\/\/www.crittm2a.com\/fr\/savoir-faire\/essais-batterie\/#primaryimage\"},\"thumbnailUrl\":\"https:\/\/www.crittm2a.com\/wp-content\/uploads\/2024\/06\/main-auto-HP-etp4-coupe-batterie-bassedef.png\",\"datePublished\":\"2020-03-06T13:47:30+00:00\",\"dateModified\":\"2026-02-25T10:21:21+00:00\",\"description\":\"Essais batterie de la cellule au pack : caract\u00e9risation, performance, endurance & s\u00e9curit\u00e9 pour les secteurs auto, ferroviaire & a\u00e9ronautique.\",\"breadcrumb\":{\"@id\":\"https:\/\/www.crittm2a.com\/fr\/savoir-faire\/essais-batterie\/#breadcrumb\"},\"inLanguage\":\"fr-FR\",\"potentialAction\":[{\"@type\":\"ReadAction\",\"target\":[\"https:\/\/www.crittm2a.com\/fr\/savoir-faire\/essais-batterie\/\"]}]},{\"@type\":\"ImageObject\",\"inLanguage\":\"fr-FR\",\"@id\":\"https:\/\/www.crittm2a.com\/fr\/savoir-faire\/essais-batterie\/#primaryimage\",\"url\":\"https:\/\/www.crittm2a.com\/wp-content\/uploads\/2024\/06\/main-auto-HP-etp4-coupe-batterie-bassedef.png\",\"contentUrl\":\"https:\/\/www.crittm2a.com\/wp-content\/uploads\/2024\/06\/main-auto-HP-etp4-coupe-batterie-bassedef.png\",\"width\":2193,\"height\":1394},{\"@type\":\"BreadcrumbList\",\"@id\":\"https:\/\/www.crittm2a.com\/fr\/savoir-faire\/essais-batterie\/#breadcrumb\",\"itemListElement\":[{\"@type\":\"ListItem\",\"position\":1,\"name\":\"Accueil\",\"item\":\"https:\/\/www.crittm2a.com\/fr\/\"},{\"@type\":\"ListItem\",\"position\":2,\"name\":\"Savoir-faire\",\"item\":\"https:\/\/www.crittm2a.com\/fr\/savoir-faire\/\"},{\"@type\":\"ListItem\",\"position\":3,\"name\":\"Batterie\"}]},{\"@type\":\"WebSite\",\"@id\":\"https:\/\/www.crittm2a.com\/fr\/#website\",\"url\":\"https:\/\/www.crittm2a.com\/fr\/\",\"name\":\"Critt M2A\",\"description\":\"\",\"publisher\":{\"@id\":\"https:\/\/www.crittm2a.com\/fr\/#organization\"},\"potentialAction\":[{\"@type\":\"SearchAction\",\"target\":{\"@type\":\"EntryPoint\",\"urlTemplate\":\"https:\/\/www.crittm2a.com\/fr\/?s={search_term_string}\"},\"query-input\":{\"@type\":\"PropertyValueSpecification\",\"valueRequired\":true,\"valueName\":\"search_term_string\"}}],\"inLanguage\":\"fr-FR\"},{\"@type\":\"Organization\",\"@id\":\"https:\/\/www.crittm2a.com\/fr\/#organization\",\"name\":\"CrittM2A\",\"url\":\"https:\/\/www.crittm2a.com\/fr\/\",\"logo\":{\"@type\":\"ImageObject\",\"inLanguage\":\"fr-FR\",\"@id\":\"https:\/\/www.crittm2a.com\/fr\/#\/schema\/logo\/image\/\",\"url\":\"https:\/\/www.crittm2a.com\/wp-content\/uploads\/2025\/09\/logotype-critt_signature-COULEUR.jpg\",\"contentUrl\":\"https:\/\/www.crittm2a.com\/wp-content\/uploads\/2025\/09\/logotype-critt_signature-COULEUR.jpg\",\"width\":1476,\"height\":536,\"caption\":\"CrittM2A\"},\"image\":{\"@id\":\"https:\/\/www.crittm2a.com\/fr\/#\/schema\/logo\/image\/\"},\"sameAs\":[\"https:\/\/x.com\/critt_m2a\",\"https:\/\/www.linkedin.com\/company\/sas-critt-m2a\/?viewAsMember=true\"]}]}<\/script>\n<!-- \/ Yoast SEO plugin. -->","yoast_head_json":{"title":"Critt M2A","description":"Essais batterie de la cellule au pack : caract\u00e9risation, performance, endurance & s\u00e9curit\u00e9 pour les secteurs auto, ferroviaire & a\u00e9ronautique.","robots":{"index":"index","follow":"follow","max-snippet":"max-snippet:-1","max-image-preview":"max-image-preview:large","max-video-preview":"max-video-preview:-1"},"canonical":"https:\/\/www.crittm2a.com\/fr\/savoir-faire\/essais-batterie\/","og_locale":"fr_FR","og_type":"article","og_title":"Essais batterie de la cellule au pack : performance & s\u00e9curit\u00e9-CRITT M2A","og_description":"Essais batterie de la cellule au pack : caract\u00e9risation, performance, endurance & s\u00e9curit\u00e9 pour les secteurs auto, ferroviaire & a\u00e9ronautique.","og_url":"https:\/\/www.crittm2a.com\/fr\/savoir-faire\/essais-batterie\/","og_site_name":"Critt M2A","article_modified_time":"2026-02-25T10:21:21+00:00","og_image":[{"width":2193,"height":1394,"url":"https:\/\/www.crittm2a.com\/wp-content\/uploads\/2024\/06\/main-auto-HP-etp4-coupe-batterie-bassedef.png","type":"image\/png"}],"twitter_card":"summary_large_image","twitter_site":"@critt_m2a","twitter_misc":{"Dur\u00e9e de lecture estim\u00e9e":"4 minutes"},"schema":{"@context":"https:\/\/schema.org","@graph":[{"@type":"WebPage","@id":"https:\/\/www.crittm2a.com\/fr\/savoir-faire\/essais-batterie\/","url":"https:\/\/www.crittm2a.com\/fr\/savoir-faire\/essais-batterie\/","name":"Essais batterie de la cellule au pack : performance & s\u00e9curit\u00e9-CRITT M2A","isPartOf":{"@id":"https:\/\/www.crittm2a.com\/fr\/#website"},"primaryImageOfPage":{"@id":"https:\/\/www.crittm2a.com\/fr\/savoir-faire\/essais-batterie\/#primaryimage"},"image":{"@id":"https:\/\/www.crittm2a.com\/fr\/savoir-faire\/essais-batterie\/#primaryimage"},"thumbnailUrl":"https:\/\/www.crittm2a.com\/wp-content\/uploads\/2024\/06\/main-auto-HP-etp4-coupe-batterie-bassedef.png","datePublished":"2020-03-06T13:47:30+00:00","dateModified":"2026-02-25T10:21:21+00:00","description":"Essais batterie de la cellule au pack : caract\u00e9risation, performance, endurance & s\u00e9curit\u00e9 pour les secteurs auto, ferroviaire & a\u00e9ronautique.","breadcrumb":{"@id":"https:\/\/www.crittm2a.com\/fr\/savoir-faire\/essais-batterie\/#breadcrumb"},"inLanguage":"fr-FR","potentialAction":[{"@type":"ReadAction","target":["https:\/\/www.crittm2a.com\/fr\/savoir-faire\/essais-batterie\/"]}]},{"@type":"ImageObject","inLanguage":"fr-FR","@id":"https:\/\/www.crittm2a.com\/fr\/savoir-faire\/essais-batterie\/#primaryimage","url":"https:\/\/www.crittm2a.com\/wp-content\/uploads\/2024\/06\/main-auto-HP-etp4-coupe-batterie-bassedef.png","contentUrl":"https:\/\/www.crittm2a.com\/wp-content\/uploads\/2024\/06\/main-auto-HP-etp4-coupe-batterie-bassedef.png","width":2193,"height":1394},{"@type":"BreadcrumbList","@id":"https:\/\/www.crittm2a.com\/fr\/savoir-faire\/essais-batterie\/#breadcrumb","itemListElement":[{"@type":"ListItem","position":1,"name":"Accueil","item":"https:\/\/www.crittm2a.com\/fr\/"},{"@type":"ListItem","position":2,"name":"Savoir-faire","item":"https:\/\/www.crittm2a.com\/fr\/savoir-faire\/"},{"@type":"ListItem","position":3,"name":"Batterie"}]},{"@type":"WebSite","@id":"https:\/\/www.crittm2a.com\/fr\/#website","url":"https:\/\/www.crittm2a.com\/fr\/","name":"Critt M2A","description":"","publisher":{"@id":"https:\/\/www.crittm2a.com\/fr\/#organization"},"potentialAction":[{"@type":"SearchAction","target":{"@type":"EntryPoint","urlTemplate":"https:\/\/www.crittm2a.com\/fr\/?s={search_term_string}"},"query-input":{"@type":"PropertyValueSpecification","valueRequired":true,"valueName":"search_term_string"}}],"inLanguage":"fr-FR"},{"@type":"Organization","@id":"https:\/\/www.crittm2a.com\/fr\/#organization","name":"CrittM2A","url":"https:\/\/www.crittm2a.com\/fr\/","logo":{"@type":"ImageObject","inLanguage":"fr-FR","@id":"https:\/\/www.crittm2a.com\/fr\/#\/schema\/logo\/image\/","url":"https:\/\/www.crittm2a.com\/wp-content\/uploads\/2025\/09\/logotype-critt_signature-COULEUR.jpg","contentUrl":"https:\/\/www.crittm2a.com\/wp-content\/uploads\/2025\/09\/logotype-critt_signature-COULEUR.jpg","width":1476,"height":536,"caption":"CrittM2A"},"image":{"@id":"https:\/\/www.crittm2a.com\/fr\/#\/schema\/logo\/image\/"},"sameAs":["https:\/\/x.com\/critt_m2a","https:\/\/www.linkedin.com\/company\/sas-critt-m2a\/?viewAsMember=true"]}]}},"jetpack_sharing_enabled":true,"_links":{"self":[{"href":"https:\/\/www.crittm2a.com\/fr\/wp-json\/wp\/v2\/pages\/174","targetHints":{"allow":["GET"]}}],"collection":[{"href":"https:\/\/www.crittm2a.com\/fr\/wp-json\/wp\/v2\/pages"}],"about":[{"href":"https:\/\/www.crittm2a.com\/fr\/wp-json\/wp\/v2\/types\/page"}],"author":[{"embeddable":true,"href":"https:\/\/www.crittm2a.com\/fr\/wp-json\/wp\/v2\/users\/2"}],"replies":[{"embeddable":true,"href":"https:\/\/www.crittm2a.com\/fr\/wp-json\/wp\/v2\/comments?post=174"}],"version-history":[{"count":250,"href":"https:\/\/www.crittm2a.com\/fr\/wp-json\/wp\/v2\/pages\/174\/revisions"}],"predecessor-version":[{"id":5387,"href":"https:\/\/www.crittm2a.com\/fr\/wp-json\/wp\/v2\/pages\/174\/revisions\/5387"}],"up":[{"embeddable":true,"href":"https:\/\/www.crittm2a.com\/fr\/wp-json\/wp\/v2\/pages\/15"}],"wp:featuredmedia":[{"embeddable":true,"href":"https:\/\/www.crittm2a.com\/fr\/wp-json\/wp\/v2\/media\/4453"}],"wp:attachment":[{"href":"https:\/\/www.crittm2a.com\/fr\/wp-json\/wp\/v2\/media?parent=174"}],"curies":[{"name":"wp","href":"https:\/\/api.w.org\/{rel}","templated":true}]}}