{"id":165,"date":"2020-03-06T14:37:57","date_gmt":"2020-03-06T13:37:57","guid":{"rendered":"https:\/\/www.crittm2a.com\/?page_id=165"},"modified":"2026-01-09T15:33:21","modified_gmt":"2026-01-09T14:33:21","slug":"savoir-faire-rd","status":"publish","type":"page","link":"https:\/\/www.crittm2a.com\/fr\/savoir-faire\/savoir-faire-rd\/","title":{"rendered":"R&#038;D"},"content":{"rendered":"<table style=\"border-collapse: collapse; width: 100%;\">\n<tbody>\n<tr>\n<td style=\"width: 61.1312%;\">Le <strong>CRITT M2A<\/strong> r\u00e9investi chaque ann\u00e9e 20% de son Chiffre d&rsquo;Affaires dans les activit\u00e9s <strong>R&amp;D<\/strong>.<\/p>\n<p>A la crois\u00e9e des probl\u00e9matiques techniques, \u00e9conomiques et environnementales, le <strong>CRITT M2A<\/strong> <strong>innove<\/strong> et concentre tous ses efforts pour faire de son centre un <strong>p\u00f4le d&rsquo;excellence<\/strong> reconnu mondialement. Les axes de recherche sont multiples et s&rsquo;articulent autour d&rsquo;une mobilit\u00e9 responsable et d\u00e9carbon\u00e9e.<\/p>\n<p>De nombreux <strong>partenariats<\/strong> ont \u00e9t\u00e9 cr\u00e9\u00e9s avec des industriels et centres acad\u00e9miques dans le cadre de projets de recherche. La <strong>collaboration<\/strong> et le <strong>partage<\/strong> avec d&rsquo;autres centres de Recherche permettent de favoriser les synergies et l&rsquo;efficacit\u00e9 des projets.<\/p>\n<p>Parmi les projets en cours et r\u00e9alis\u00e9s au CRITT M2A, on retrouve :<br \/>\n&#8211; <a href=\"https:\/\/www.crittm2a.com\/fr\/nogebat-rd\/\" target=\"_blank\" rel=\"noopener\">NOGEBAT R&amp;D\u00a0<\/a><br \/>\n&#8211; <a href=\"https:\/\/www.crittm2a.com\/fr\/nogebat\/\" target=\"_blank\" rel=\"noopener\">NOGEBAT PE<\/a><br \/>\n&#8211; <a href=\"https:\/\/www.crittm2a.com\/fr\/recybat-2\/\" target=\"_blank\" rel=\"noopener\">RECYBAT<\/a><br \/>\n&#8211; MYEL<br \/>\n&#8211; REDHAT<br \/>\n&#8211; PEGAS2E<br \/>\n&#8211; OECTE<br \/>\n&#8211; MOBENA<\/p>\n<p>Le <strong>CRITT M2A<\/strong> est en permanence \u00e0 l&rsquo;\u00e9coute des derni\u00e8res technologies et assure une\u00a0veille active afin d&rsquo;offrir \u00e0 ses clients des solutions adapt\u00e9es \u00e0 leurs futurs besoins.<\/p>\n<p>Chaque ann\u00e9e, le <strong>CRITT M2A<\/strong> restitue aupr\u00e8s de ses partenaires les temps forts de sa <strong>Recherche<\/strong> et de ses <strong>D\u00e9veloppements<\/strong> au travers d&rsquo;une manifestation, le <a href=\"https:\/\/www.crittm2a.com\/fr\/lentreprise\/sytec\/\">SYTEC<\/a><\/p>\n<p>&nbsp;<\/td>\n<\/tr>\n<tr>\n<td style=\"width: 61.1312%;\">\n<table style=\"border-collapse: collapse; width: 100%;\">\n<tbody>\n<tr>\n<td style=\"width: 15.4757%;\"><a href=\"https:\/\/www.utc.fr\/\" target=\"_blank\" rel=\"noopener\"><img loading=\"lazy\" decoding=\"async\" class=\"alignnone wp-image-2143\" src=\"https:\/\/www.crittm2a.com\/wp-content\/uploads\/2020\/10\/logo_utc-2-300x150.png\" alt=\"\" width=\"180\" height=\"90\" \/><\/a><\/td>\n<td style=\"width: 2.67132%;\"><\/td>\n<td style=\"width: 19.353%;\"><a href=\"https:\/\/nextmove.fr\/\" target=\"_blank\" rel=\"noopener\"><strong><img loading=\"lazy\" decoding=\"async\" class=\"alignnone wp-image-2867\" src=\"https:\/\/www.crittm2a.com\/wp-content\/uploads\/2021\/01\/5743a88d-1177-449e-9593-e8bddcf6e9cd-300x149.png\" alt=\"\" width=\"177\" height=\"88\" \/><\/strong><\/a><\/td>\n<td style=\"width: 4.20424%;\"><\/td>\n<td style=\"width: 20.7957%;\"><a href=\"https:\/\/i-trans.org\/\" target=\"_blank\" rel=\"noopener\"><img loading=\"lazy\" decoding=\"async\" class=\"wp-image-4427 aligncenter\" src=\"https:\/\/www.crittm2a.com\/wp-content\/uploads\/2024\/06\/logo-i-TRANS-HP-300x94.png\" alt=\"\" width=\"244\" height=\"77\" \/><\/a><\/td>\n<td style=\"width: 4.11407%;\"><\/td>\n<td style=\"width: 20.8859%;\"><img loading=\"lazy\" decoding=\"async\" class=\"wp-image-2551 aligncenter\" src=\"https:\/\/www.crittm2a.com\/wp-content\/uploads\/2020\/11\/AGREMENT-CIR-300x300.png\" alt=\"\" width=\"97\" height=\"97\" \/><\/td>\n<\/tr>\n<tr>\n<td style=\"width: 15.4757%;\"><a href=\"https:\/\/www.ec-nantes.fr\/\" target=\"_blank\" rel=\"noopener\"><img loading=\"lazy\" decoding=\"async\" class=\"wp-image-1572 aligncenter\" src=\"https:\/\/www.crittm2a.com\/wp-content\/uploads\/2020\/10\/CENTRALE-NANTES-300x150.png\" alt=\"\" width=\"142\" height=\"71\" \/><\/a><\/td>\n<td style=\"width: 2.67132%;\"><\/td>\n<td style=\"width: 19.353%;\"><strong><img loading=\"lazy\" decoding=\"async\" class=\"alignnone wp-image-2548\" src=\"https:\/\/www.crittm2a.com\/wp-content\/uploads\/2020\/11\/unnamed-300x101.png\" alt=\"\" width=\"233\" height=\"79\" \/><\/strong><\/td>\n<td style=\"width: 4.20424%;\"><\/td>\n<td style=\"width: 20.7957%;\"><a href=\"https:\/\/artsetmetiers.fr\/fr\" target=\"_blank\" rel=\"noopener\"><img loading=\"lazy\" decoding=\"async\" class=\"wp-image-1586 aligncenter\" src=\"https:\/\/www.crittm2a.com\/wp-content\/uploads\/2020\/10\/15588-300x70.png\" alt=\"\" width=\"197\" height=\"46\" \/><\/a><\/td>\n<td style=\"width: 4.11407%;\"><\/td>\n<td style=\"width: 20.8859%;\"><a href=\"https:\/\/www.enseignementsup-recherche.gouv.fr\/fr\" target=\"_blank\" rel=\"noopener\"><img loading=\"lazy\" decoding=\"async\" class=\" wp-image-2554 aligncenter\" src=\"https:\/\/www.crittm2a.com\/wp-content\/uploads\/2020\/11\/MINISTERE-DE-LA-RECHERCHE-2-300x248.png\" alt=\"\" width=\"120\" height=\"99\" \/><\/a><\/td>\n<\/tr>\n<tr>\n<td style=\"width: 15.4757%;\"><a href=\"https:\/\/www.pole-medee.com\/\" target=\"_blank\" rel=\"noopener\"><img loading=\"lazy\" decoding=\"async\" class=\"alignnone wp-image-4424\" src=\"https:\/\/www.crittm2a.com\/wp-content\/uploads\/2024\/06\/logo_pole_medee-english-300x161.jpg\" alt=\"\" width=\"194\" height=\"104\" \/><\/a><\/td>\n<td style=\"width: 2.67132%;\"><\/td>\n<td style=\"width: 19.353%;\"><a href=\"https:\/\/anr.fr\/\" target=\"_blank\" rel=\"noopener\"><strong><img loading=\"lazy\" decoding=\"async\" class=\"alignnone wp-image-4425\" src=\"https:\/\/www.crittm2a.com\/wp-content\/uploads\/2024\/06\/ANR-logo-2021-sigle-300x114.jpg\" alt=\"\" width=\"190\" height=\"72\" \/><\/strong><\/a><\/td>\n<td style=\"width: 4.20424%;\"><\/td>\n<td style=\"width: 20.7957%;\"><a href=\"https:\/\/lsee.com\/\" target=\"_blank\" rel=\"noopener\"><img loading=\"lazy\" decoding=\"async\" class=\"wp-image-4426 aligncenter\" src=\"https:\/\/www.crittm2a.com\/wp-content\/uploads\/2024\/06\/LSEE-300x116.png\" alt=\"\" width=\"219\" height=\"85\" \/><\/a><\/td>\n<td style=\"width: 4.11407%;\"><\/td>\n<td style=\"width: 20.8859%;\"><img loading=\"lazy\" decoding=\"async\" class=\"aligncenter wp-image-4901\" src=\"https:\/\/www.crittm2a.com\/wp-content\/uploads\/2025\/01\/UE.png\" alt=\"\" width=\"132\" height=\"134\" \/><\/td>\n<\/tr>\n<\/tbody>\n<\/table>\n<p>&nbsp;<\/td>\n<\/tr>\n<\/tbody>\n<\/table>\n","protected":false},"excerpt":{"rendered":"<p>Le CRITT M2A r\u00e9investi chaque ann\u00e9e 20% de son Chiffre d&rsquo;Affaires dans les activit\u00e9s R&amp;D. A la crois\u00e9e des probl\u00e9matiques [&hellip;]<\/p>\n","protected":false},"author":2,"featured_media":4423,"parent":15,"menu_order":5,"comment_status":"closed","ping_status":"closed","template":"","meta":{"_acf_changed":false,"footnotes":""},"class_list":["post-165","page","type-page","status-publish","has-post-thumbnail","hentry"],"acf":[],"yoast_head":"<!-- This site is optimized with the Yoast SEO plugin v27.1.1 - https:\/\/yoast.com\/product\/yoast-seo-wordpress\/ -->\n<title>Critt M2A<\/title>\n<meta name=\"description\" content=\"La Recherche et D\u00e9veloppement est au c\u0153ur de la strat\u00e9gie du CRITT M2A.\" \/>\n<meta name=\"robots\" content=\"index, follow, max-snippet:-1, max-image-preview:large, max-video-preview:-1\" \/>\n<link rel=\"canonical\" href=\"https:\/\/www.crittm2a.com\/fr\/savoir-faire\/savoir-faire-rd\/\" \/>\n<meta property=\"og:locale\" content=\"fr_FR\" \/>\n<meta property=\"og:type\" content=\"article\" \/>\n<meta property=\"og:title\" content=\"Critt M2A - R&amp;D\" \/>\n<meta property=\"og:description\" content=\"La Recherche et D\u00e9veloppement est au c\u0153ur de la strat\u00e9gie du CRITT M2A.\" \/>\n<meta property=\"og:url\" content=\"https:\/\/www.crittm2a.com\/fr\/savoir-faire\/savoir-faire-rd\/\" \/>\n<meta property=\"og:site_name\" content=\"Critt M2A\" \/>\n<meta property=\"article:modified_time\" content=\"2026-01-09T14:33:21+00:00\" \/>\n<meta property=\"og:image\" content=\"https:\/\/www.crittm2a.com\/wp-content\/uploads\/2024\/06\/AdobeStock_286447622-scaled.jpeg\" \/>\n\t<meta property=\"og:image:width\" content=\"2560\" \/>\n\t<meta property=\"og:image:height\" content=\"1440\" \/>\n\t<meta property=\"og:image:type\" content=\"image\/jpeg\" \/>\n<meta name=\"twitter:card\" content=\"summary_large_image\" \/>\n<meta name=\"twitter:site\" content=\"@critt_m2a\" \/>\n<meta name=\"twitter:label1\" content=\"Dur\u00e9e de lecture estim\u00e9e\" \/>\n\t<meta name=\"twitter:data1\" content=\"4 minutes\" \/>\n<script type=\"application\/ld+json\" class=\"yoast-schema-graph\">{\"@context\":\"https:\/\/schema.org\",\"@graph\":[{\"@type\":\"WebPage\",\"@id\":\"https:\/\/www.crittm2a.com\/fr\/savoir-faire\/savoir-faire-rd\/\",\"url\":\"https:\/\/www.crittm2a.com\/fr\/savoir-faire\/savoir-faire-rd\/\",\"name\":\"Critt M2A - R&D\",\"isPartOf\":{\"@id\":\"https:\/\/www.crittm2a.com\/fr\/#website\"},\"primaryImageOfPage\":{\"@id\":\"https:\/\/www.crittm2a.com\/fr\/savoir-faire\/savoir-faire-rd\/#primaryimage\"},\"image\":{\"@id\":\"https:\/\/www.crittm2a.com\/fr\/savoir-faire\/savoir-faire-rd\/#primaryimage\"},\"thumbnailUrl\":\"https:\/\/www.crittm2a.com\/wp-content\/uploads\/2024\/06\/AdobeStock_286447622-scaled.jpeg\",\"datePublished\":\"2020-03-06T13:37:57+00:00\",\"dateModified\":\"2026-01-09T14:33:21+00:00\",\"description\":\"La Recherche et D\u00e9veloppement est au c\u0153ur de la strat\u00e9gie du CRITT M2A.\",\"breadcrumb\":{\"@id\":\"https:\/\/www.crittm2a.com\/fr\/savoir-faire\/savoir-faire-rd\/#breadcrumb\"},\"inLanguage\":\"fr-FR\",\"potentialAction\":[{\"@type\":\"ReadAction\",\"target\":[\"https:\/\/www.crittm2a.com\/fr\/savoir-faire\/savoir-faire-rd\/\"]}]},{\"@type\":\"ImageObject\",\"inLanguage\":\"fr-FR\",\"@id\":\"https:\/\/www.crittm2a.com\/fr\/savoir-faire\/savoir-faire-rd\/#primaryimage\",\"url\":\"https:\/\/www.crittm2a.com\/wp-content\/uploads\/2024\/06\/AdobeStock_286447622-scaled.jpeg\",\"contentUrl\":\"https:\/\/www.crittm2a.com\/wp-content\/uploads\/2024\/06\/AdobeStock_286447622-scaled.jpeg\",\"width\":2560,\"height\":1440,\"caption\":\"Professional Engineer Works on a Computer with a 3D CAD Software and Tests the Electric Car Chassis Prototype with Wheels, Batteries and Engine Standing in a High Tech Development Laboratory.\"},{\"@type\":\"BreadcrumbList\",\"@id\":\"https:\/\/www.crittm2a.com\/fr\/savoir-faire\/savoir-faire-rd\/#breadcrumb\",\"itemListElement\":[{\"@type\":\"ListItem\",\"position\":1,\"name\":\"Accueil\",\"item\":\"https:\/\/www.crittm2a.com\/fr\/\"},{\"@type\":\"ListItem\",\"position\":2,\"name\":\"Savoir-faire\",\"item\":\"https:\/\/www.crittm2a.com\/fr\/savoir-faire\/\"},{\"@type\":\"ListItem\",\"position\":3,\"name\":\"R&#038;D\"}]},{\"@type\":\"WebSite\",\"@id\":\"https:\/\/www.crittm2a.com\/fr\/#website\",\"url\":\"https:\/\/www.crittm2a.com\/fr\/\",\"name\":\"Critt M2A\",\"description\":\"\",\"publisher\":{\"@id\":\"https:\/\/www.crittm2a.com\/fr\/#organization\"},\"potentialAction\":[{\"@type\":\"SearchAction\",\"target\":{\"@type\":\"EntryPoint\",\"urlTemplate\":\"https:\/\/www.crittm2a.com\/fr\/?s={search_term_string}\"},\"query-input\":{\"@type\":\"PropertyValueSpecification\",\"valueRequired\":true,\"valueName\":\"search_term_string\"}}],\"inLanguage\":\"fr-FR\"},{\"@type\":\"Organization\",\"@id\":\"https:\/\/www.crittm2a.com\/fr\/#organization\",\"name\":\"CrittM2A\",\"url\":\"https:\/\/www.crittm2a.com\/fr\/\",\"logo\":{\"@type\":\"ImageObject\",\"inLanguage\":\"fr-FR\",\"@id\":\"https:\/\/www.crittm2a.com\/fr\/#\/schema\/logo\/image\/\",\"url\":\"https:\/\/www.crittm2a.com\/wp-content\/uploads\/2025\/09\/logotype-critt_signature-COULEUR.jpg\",\"contentUrl\":\"https:\/\/www.crittm2a.com\/wp-content\/uploads\/2025\/09\/logotype-critt_signature-COULEUR.jpg\",\"width\":1476,\"height\":536,\"caption\":\"CrittM2A\"},\"image\":{\"@id\":\"https:\/\/www.crittm2a.com\/fr\/#\/schema\/logo\/image\/\"},\"sameAs\":[\"https:\/\/x.com\/critt_m2a\",\"https:\/\/www.linkedin.com\/company\/sas-critt-m2a\/?viewAsMember=true\"]}]}<\/script>\n<!-- \/ Yoast SEO plugin. -->","yoast_head_json":{"title":"Critt M2A","description":"La Recherche et D\u00e9veloppement est au c\u0153ur de la strat\u00e9gie du CRITT M2A.","robots":{"index":"index","follow":"follow","max-snippet":"max-snippet:-1","max-image-preview":"max-image-preview:large","max-video-preview":"max-video-preview:-1"},"canonical":"https:\/\/www.crittm2a.com\/fr\/savoir-faire\/savoir-faire-rd\/","og_locale":"fr_FR","og_type":"article","og_title":"Critt M2A - R&D","og_description":"La Recherche et D\u00e9veloppement est au c\u0153ur de la strat\u00e9gie du CRITT M2A.","og_url":"https:\/\/www.crittm2a.com\/fr\/savoir-faire\/savoir-faire-rd\/","og_site_name":"Critt M2A","article_modified_time":"2026-01-09T14:33:21+00:00","og_image":[{"width":2560,"height":1440,"url":"https:\/\/www.crittm2a.com\/wp-content\/uploads\/2024\/06\/AdobeStock_286447622-scaled.jpeg","type":"image\/jpeg"}],"twitter_card":"summary_large_image","twitter_site":"@critt_m2a","twitter_misc":{"Dur\u00e9e de lecture estim\u00e9e":"4 minutes"},"schema":{"@context":"https:\/\/schema.org","@graph":[{"@type":"WebPage","@id":"https:\/\/www.crittm2a.com\/fr\/savoir-faire\/savoir-faire-rd\/","url":"https:\/\/www.crittm2a.com\/fr\/savoir-faire\/savoir-faire-rd\/","name":"Critt M2A - R&D","isPartOf":{"@id":"https:\/\/www.crittm2a.com\/fr\/#website"},"primaryImageOfPage":{"@id":"https:\/\/www.crittm2a.com\/fr\/savoir-faire\/savoir-faire-rd\/#primaryimage"},"image":{"@id":"https:\/\/www.crittm2a.com\/fr\/savoir-faire\/savoir-faire-rd\/#primaryimage"},"thumbnailUrl":"https:\/\/www.crittm2a.com\/wp-content\/uploads\/2024\/06\/AdobeStock_286447622-scaled.jpeg","datePublished":"2020-03-06T13:37:57+00:00","dateModified":"2026-01-09T14:33:21+00:00","description":"La Recherche et D\u00e9veloppement est au c\u0153ur de la strat\u00e9gie du CRITT M2A.","breadcrumb":{"@id":"https:\/\/www.crittm2a.com\/fr\/savoir-faire\/savoir-faire-rd\/#breadcrumb"},"inLanguage":"fr-FR","potentialAction":[{"@type":"ReadAction","target":["https:\/\/www.crittm2a.com\/fr\/savoir-faire\/savoir-faire-rd\/"]}]},{"@type":"ImageObject","inLanguage":"fr-FR","@id":"https:\/\/www.crittm2a.com\/fr\/savoir-faire\/savoir-faire-rd\/#primaryimage","url":"https:\/\/www.crittm2a.com\/wp-content\/uploads\/2024\/06\/AdobeStock_286447622-scaled.jpeg","contentUrl":"https:\/\/www.crittm2a.com\/wp-content\/uploads\/2024\/06\/AdobeStock_286447622-scaled.jpeg","width":2560,"height":1440,"caption":"Professional Engineer Works on a Computer with a 3D CAD Software and Tests the Electric Car Chassis Prototype with Wheels, Batteries and Engine Standing in a High Tech Development Laboratory."},{"@type":"BreadcrumbList","@id":"https:\/\/www.crittm2a.com\/fr\/savoir-faire\/savoir-faire-rd\/#breadcrumb","itemListElement":[{"@type":"ListItem","position":1,"name":"Accueil","item":"https:\/\/www.crittm2a.com\/fr\/"},{"@type":"ListItem","position":2,"name":"Savoir-faire","item":"https:\/\/www.crittm2a.com\/fr\/savoir-faire\/"},{"@type":"ListItem","position":3,"name":"R&#038;D"}]},{"@type":"WebSite","@id":"https:\/\/www.crittm2a.com\/fr\/#website","url":"https:\/\/www.crittm2a.com\/fr\/","name":"Critt M2A","description":"","publisher":{"@id":"https:\/\/www.crittm2a.com\/fr\/#organization"},"potentialAction":[{"@type":"SearchAction","target":{"@type":"EntryPoint","urlTemplate":"https:\/\/www.crittm2a.com\/fr\/?s={search_term_string}"},"query-input":{"@type":"PropertyValueSpecification","valueRequired":true,"valueName":"search_term_string"}}],"inLanguage":"fr-FR"},{"@type":"Organization","@id":"https:\/\/www.crittm2a.com\/fr\/#organization","name":"CrittM2A","url":"https:\/\/www.crittm2a.com\/fr\/","logo":{"@type":"ImageObject","inLanguage":"fr-FR","@id":"https:\/\/www.crittm2a.com\/fr\/#\/schema\/logo\/image\/","url":"https:\/\/www.crittm2a.com\/wp-content\/uploads\/2025\/09\/logotype-critt_signature-COULEUR.jpg","contentUrl":"https:\/\/www.crittm2a.com\/wp-content\/uploads\/2025\/09\/logotype-critt_signature-COULEUR.jpg","width":1476,"height":536,"caption":"CrittM2A"},"image":{"@id":"https:\/\/www.crittm2a.com\/fr\/#\/schema\/logo\/image\/"},"sameAs":["https:\/\/x.com\/critt_m2a","https:\/\/www.linkedin.com\/company\/sas-critt-m2a\/?viewAsMember=true"]}]}},"jetpack_sharing_enabled":true,"_links":{"self":[{"href":"https:\/\/www.crittm2a.com\/fr\/wp-json\/wp\/v2\/pages\/165","targetHints":{"allow":["GET"]}}],"collection":[{"href":"https:\/\/www.crittm2a.com\/fr\/wp-json\/wp\/v2\/pages"}],"about":[{"href":"https:\/\/www.crittm2a.com\/fr\/wp-json\/wp\/v2\/types\/page"}],"author":[{"embeddable":true,"href":"https:\/\/www.crittm2a.com\/fr\/wp-json\/wp\/v2\/users\/2"}],"replies":[{"embeddable":true,"href":"https:\/\/www.crittm2a.com\/fr\/wp-json\/wp\/v2\/comments?post=165"}],"version-history":[{"count":56,"href":"https:\/\/www.crittm2a.com\/fr\/wp-json\/wp\/v2\/pages\/165\/revisions"}],"predecessor-version":[{"id":5110,"href":"https:\/\/www.crittm2a.com\/fr\/wp-json\/wp\/v2\/pages\/165\/revisions\/5110"}],"up":[{"embeddable":true,"href":"https:\/\/www.crittm2a.com\/fr\/wp-json\/wp\/v2\/pages\/15"}],"wp:featuredmedia":[{"embeddable":true,"href":"https:\/\/www.crittm2a.com\/fr\/wp-json\/wp\/v2\/media\/4423"}],"wp:attachment":[{"href":"https:\/\/www.crittm2a.com\/fr\/wp-json\/wp\/v2\/media?parent=165"}],"curies":[{"name":"wp","href":"https:\/\/api.w.org\/{rel}","templated":true}]}}