{"id":13,"date":"2020-01-30T13:35:13","date_gmt":"2020-01-30T12:35:13","guid":{"rendered":"https:\/\/www.crittm2a.com\/?page_id=13"},"modified":"2026-02-27T14:41:48","modified_gmt":"2026-02-27T13:41:48","slug":"qui-sommes-nous","status":"publish","type":"page","link":"https:\/\/www.crittm2a.com\/fr\/lentreprise\/qui-sommes-nous\/","title":{"rendered":"Qui sommes-nous ?"},"content":{"rendered":"<p>Depuis 25 ans, le <strong>CRITT M2A<\/strong> est un <strong>centre d&rsquo;essais<\/strong> et de <strong>R&amp;D<\/strong> implant\u00e9 au c\u0153ur de la vall\u00e9e de l\u2019Electrique dans les Hauts-de-France.<\/p>\n<p>Il offre son expertise aux acteurs de la mobilit\u00e9 gr\u00e2ce \u00e0 des installations d&rsquo;essais de pointe. Au c\u0153ur de l&rsquo;optimisation de la gestion \u00e9nerg\u00e9tique, les comp\u00e9tences du CRITT M2A s&rsquo;articulent autour des activit\u00e9s suivantes :<\/p>\n<p>\u2022 Essais sur les <a href=\"https:\/\/www.crittm2a.com\/fr\/savoir-faire\/essais-batterie\/\"><strong>Batteries<\/strong> <\/a>(cellules, modules, packs)<br \/>\n\u2022 Essais <a href=\"https:\/\/www.crittm2a.com\/fr\/savoir-faire\/essais-batterie\/\"><strong>Abusifs<\/strong> et d&rsquo;<strong>Homologation<\/strong><\/a><br \/>\n\u2022 Essais <a href=\"https:\/\/www.crittm2a.com\/fr\/savoir-faire\/essais-e-powertrain\/\"><strong>Powertrain<\/strong><\/a><br \/>\n\u2022 Essais <strong><a href=\"https:\/\/www.crittm2a.com\/fr\/savoir-faire\/essais-e-powertrain\/\">turbocompresseurs<\/a><br \/>\n<\/strong>\u2022 Essais <a href=\"https:\/\/www.crittm2a.com\/fr\/savoir-faire\/essais-convertisseurs-de-puissance\/\"><strong>Onduleurs<\/strong><\/a><\/p>\n<p>Le CRITT M2A est un acteur majeur de la <strong>mobilit\u00e9 \u00e9lectrique<\/strong> capable de mener des tests de validation, de d\u00e9veloppement et de certification, de la cellule au pack batterie.<\/p>\n<p>Il propose aussi son expertise dans les essais sur le turbocompresseur et ses composants, sur l\u2019onduleur et sur la cha\u00eene de traction compl\u00e8te.<\/p>\n<p>Gr\u00e2ce \u00e0 ses comp\u00e9tences acquises au fil des ann\u00e9es et \u00e0 ses moyens d\u2019essais de pointe, le CRITT M2A propose des solutions adapt\u00e9es aux <strong>march\u00e9s automobiles, ferroviaires<\/strong>, <strong>a\u00e9ronautiques<\/strong>, <strong>spatiaux<\/strong> et plus g\u00e9n\u00e9ralement, \u00e0 tous les secteurs n\u00e9cessitant des batteries sp\u00e9cifiques.<\/p>\n<p>Fort de son activit\u00e9 <strong>R&amp;D,<\/strong> le CRITT M2A a d\u00e9velopp\u00e9 de solides partenariats acad\u00e9miques et industriels pour la r\u00e9alisation de <strong>projets de recherche<\/strong> innovants.<\/p>\n<p>Dans cette dynamique, le CRITT M2A d\u00e9ploie, entre autres, le projet <a href=\"https:\/\/www.crittm2a.com\/fr\/nogebat\/\">NOGEBAT \u2013 Plateforme d\u2019exp\u00e9rimentation<\/a>, visant le d\u00e9veloppement de nouveaux moyens d\u2019essais pour les futures g\u00e9n\u00e9rations de batteries.<br \/>\nCette infrastructure, accessible de mani\u00e8re transparente et non discriminatoire, permet aux industriels de tester et d\u2019optimiser leurs produits tout en contribuant aux axes majeurs de R&amp;D du secteur. Vous avez un projet ? Nos \u00e9quipes restent \u00e0 votre disposition pour toute demande de chiffrage.<\/p>\n<p>Le projet est soutenu par l\u2019Union europ\u00e9enne et la <a href=\"https:\/\/www.hautsdefrance.fr\/\" target=\"_blank\" rel=\"noopener\">R\u00e9gion Hauts-de-France<\/a> dans le cadre du Fonds de Transition Juste.<\/p>\n<p><img loading=\"lazy\" decoding=\"async\" class=\"wp-image-4762 alignleft\" src=\"https:\/\/www.crittm2a.com\/wp-content\/uploads\/2024\/10\/2-Logo-UE-FEDER-couleur-300x288.jpg\" alt=\"\" width=\"138\" height=\"132\" \/><\/p>\n<p>&nbsp;<\/p>\n<p><img loading=\"lazy\" decoding=\"async\" class=\"aligncenter size-medium wp-image-4763\" src=\"https:\/\/www.crittm2a.com\/wp-content\/uploads\/2024\/10\/Logo-Region-HDF-partenaire-300x67.webp\" alt=\"\" width=\"300\" height=\"67\" \/><\/p>\n<p>&nbsp;<\/p>\n<p>&nbsp;<\/p>\n<p><img loading=\"lazy\" decoding=\"async\" class=\"alignnone wp-image-95\" src=\"https:\/\/www.crittm2a.com\/wp-content\/uploads\/2020\/02\/BATIMENT_CRITT.jpg\" alt=\"\" width=\"1187\" height=\"253\" \/><\/p>\n<p>&nbsp;<\/p>\n","protected":false},"excerpt":{"rendered":"<p>Depuis 25 ans, le CRITT M2A est un centre d&rsquo;essais et de R&amp;D implant\u00e9 au c\u0153ur de la vall\u00e9e de [&hellip;]<\/p>\n","protected":false},"author":1,"featured_media":4235,"parent":11,"menu_order":0,"comment_status":"closed","ping_status":"closed","template":"","meta":{"_acf_changed":false,"footnotes":""},"class_list":["post-13","page","type-page","status-publish","has-post-thumbnail","hentry"],"acf":[],"yoast_head":"<!-- This site is optimized with the Yoast SEO plugin v27.1.1 - https:\/\/yoast.com\/product\/yoast-seo-wordpress\/ -->\n<title>Critt M2A<\/title>\n<meta name=\"description\" content=\"Le CRITT M2A, centre de recherche ind\u00e9pendant est reconnu comme un leader dans les essais et la R&amp;D dans le domaine de l\u2019\u00e9lectromobilit\u00e9.\" \/>\n<meta name=\"robots\" content=\"index, follow, max-snippet:-1, max-image-preview:large, max-video-preview:-1\" \/>\n<link rel=\"canonical\" href=\"https:\/\/www.crittm2a.com\/fr\/lentreprise\/qui-sommes-nous\/\" \/>\n<meta property=\"og:locale\" content=\"fr_FR\" \/>\n<meta property=\"og:type\" content=\"article\" \/>\n<meta property=\"og:title\" content=\"Qui sommes-nous ? Critt M2A CRITT M2A \u2013 Centre d\u2019essais et R&amp;D en \u00e9lectromobilit\u00e9\" \/>\n<meta property=\"og:description\" content=\"Le CRITT M2A, centre de recherche ind\u00e9pendant est reconnu comme un leader dans les essais et la R&amp;D dans le domaine de l\u2019\u00e9lectromobilit\u00e9.\" \/>\n<meta property=\"og:url\" content=\"https:\/\/www.crittm2a.com\/fr\/lentreprise\/qui-sommes-nous\/\" \/>\n<meta property=\"og:site_name\" content=\"Critt M2A\" \/>\n<meta property=\"article:modified_time\" content=\"2026-02-27T13:41:48+00:00\" \/>\n<meta property=\"og:image\" content=\"https:\/\/www.crittm2a.com\/wp-content\/uploads\/2024\/06\/PHOTO-AERIENNE-CRITT2019-scaled.jpg\" \/>\n\t<meta property=\"og:image:width\" content=\"2560\" \/>\n\t<meta property=\"og:image:height\" content=\"1438\" \/>\n\t<meta property=\"og:image:type\" content=\"image\/jpeg\" \/>\n<meta name=\"twitter:card\" content=\"summary_large_image\" \/>\n<meta name=\"twitter:site\" content=\"@critt_m2a\" \/>\n<meta name=\"twitter:label1\" content=\"Dur\u00e9e de lecture estim\u00e9e\" \/>\n\t<meta name=\"twitter:data1\" content=\"3 minutes\" \/>\n<script type=\"application\/ld+json\" class=\"yoast-schema-graph\">{\"@context\":\"https:\/\/schema.org\",\"@graph\":[{\"@type\":\"WebPage\",\"@id\":\"https:\/\/www.crittm2a.com\/fr\/lentreprise\/qui-sommes-nous\/\",\"url\":\"https:\/\/www.crittm2a.com\/fr\/lentreprise\/qui-sommes-nous\/\",\"name\":\"Qui sommes-nous ? Critt M2A CRITT M2A \u2013 Centre d\u2019essais et R&D en \u00e9lectromobilit\u00e9\",\"isPartOf\":{\"@id\":\"https:\/\/www.crittm2a.com\/fr\/#website\"},\"primaryImageOfPage\":{\"@id\":\"https:\/\/www.crittm2a.com\/fr\/lentreprise\/qui-sommes-nous\/#primaryimage\"},\"image\":{\"@id\":\"https:\/\/www.crittm2a.com\/fr\/lentreprise\/qui-sommes-nous\/#primaryimage\"},\"thumbnailUrl\":\"https:\/\/www.crittm2a.com\/wp-content\/uploads\/2024\/06\/PHOTO-AERIENNE-CRITT2019-scaled.jpg\",\"datePublished\":\"2020-01-30T12:35:13+00:00\",\"dateModified\":\"2026-02-27T13:41:48+00:00\",\"description\":\"Le CRITT M2A, centre de recherche ind\u00e9pendant est reconnu comme un leader dans les essais et la R&D dans le domaine de l\u2019\u00e9lectromobilit\u00e9.\",\"breadcrumb\":{\"@id\":\"https:\/\/www.crittm2a.com\/fr\/lentreprise\/qui-sommes-nous\/#breadcrumb\"},\"inLanguage\":\"fr-FR\",\"potentialAction\":[{\"@type\":\"ReadAction\",\"target\":[\"https:\/\/www.crittm2a.com\/fr\/lentreprise\/qui-sommes-nous\/\"]}]},{\"@type\":\"ImageObject\",\"inLanguage\":\"fr-FR\",\"@id\":\"https:\/\/www.crittm2a.com\/fr\/lentreprise\/qui-sommes-nous\/#primaryimage\",\"url\":\"https:\/\/www.crittm2a.com\/wp-content\/uploads\/2024\/06\/PHOTO-AERIENNE-CRITT2019-scaled.jpg\",\"contentUrl\":\"https:\/\/www.crittm2a.com\/wp-content\/uploads\/2024\/06\/PHOTO-AERIENNE-CRITT2019-scaled.jpg\",\"width\":2560,\"height\":1438},{\"@type\":\"BreadcrumbList\",\"@id\":\"https:\/\/www.crittm2a.com\/fr\/lentreprise\/qui-sommes-nous\/#breadcrumb\",\"itemListElement\":[{\"@type\":\"ListItem\",\"position\":1,\"name\":\"Accueil\",\"item\":\"https:\/\/www.crittm2a.com\/fr\/\"},{\"@type\":\"ListItem\",\"position\":2,\"name\":\"L&rsquo;entreprise\",\"item\":\"https:\/\/www.crittm2a.com\/fr\/lentreprise\/\"},{\"@type\":\"ListItem\",\"position\":3,\"name\":\"Qui sommes-nous ?\"}]},{\"@type\":\"WebSite\",\"@id\":\"https:\/\/www.crittm2a.com\/fr\/#website\",\"url\":\"https:\/\/www.crittm2a.com\/fr\/\",\"name\":\"Critt M2A\",\"description\":\"\",\"publisher\":{\"@id\":\"https:\/\/www.crittm2a.com\/fr\/#organization\"},\"potentialAction\":[{\"@type\":\"SearchAction\",\"target\":{\"@type\":\"EntryPoint\",\"urlTemplate\":\"https:\/\/www.crittm2a.com\/fr\/?s={search_term_string}\"},\"query-input\":{\"@type\":\"PropertyValueSpecification\",\"valueRequired\":true,\"valueName\":\"search_term_string\"}}],\"inLanguage\":\"fr-FR\"},{\"@type\":\"Organization\",\"@id\":\"https:\/\/www.crittm2a.com\/fr\/#organization\",\"name\":\"CrittM2A\",\"url\":\"https:\/\/www.crittm2a.com\/fr\/\",\"logo\":{\"@type\":\"ImageObject\",\"inLanguage\":\"fr-FR\",\"@id\":\"https:\/\/www.crittm2a.com\/fr\/#\/schema\/logo\/image\/\",\"url\":\"https:\/\/www.crittm2a.com\/wp-content\/uploads\/2025\/09\/logotype-critt_signature-COULEUR.jpg\",\"contentUrl\":\"https:\/\/www.crittm2a.com\/wp-content\/uploads\/2025\/09\/logotype-critt_signature-COULEUR.jpg\",\"width\":1476,\"height\":536,\"caption\":\"CrittM2A\"},\"image\":{\"@id\":\"https:\/\/www.crittm2a.com\/fr\/#\/schema\/logo\/image\/\"},\"sameAs\":[\"https:\/\/x.com\/critt_m2a\",\"https:\/\/www.linkedin.com\/company\/sas-critt-m2a\/?viewAsMember=true\"]}]}<\/script>\n<!-- \/ Yoast SEO plugin. -->","yoast_head_json":{"title":"Critt M2A","description":"Le CRITT M2A, centre de recherche ind\u00e9pendant est reconnu comme un leader dans les essais et la R&D dans le domaine de l\u2019\u00e9lectromobilit\u00e9.","robots":{"index":"index","follow":"follow","max-snippet":"max-snippet:-1","max-image-preview":"max-image-preview:large","max-video-preview":"max-video-preview:-1"},"canonical":"https:\/\/www.crittm2a.com\/fr\/lentreprise\/qui-sommes-nous\/","og_locale":"fr_FR","og_type":"article","og_title":"Qui sommes-nous ? Critt M2A CRITT M2A \u2013 Centre d\u2019essais et R&D en \u00e9lectromobilit\u00e9","og_description":"Le CRITT M2A, centre de recherche ind\u00e9pendant est reconnu comme un leader dans les essais et la R&D dans le domaine de l\u2019\u00e9lectromobilit\u00e9.","og_url":"https:\/\/www.crittm2a.com\/fr\/lentreprise\/qui-sommes-nous\/","og_site_name":"Critt M2A","article_modified_time":"2026-02-27T13:41:48+00:00","og_image":[{"width":2560,"height":1438,"url":"https:\/\/www.crittm2a.com\/wp-content\/uploads\/2024\/06\/PHOTO-AERIENNE-CRITT2019-scaled.jpg","type":"image\/jpeg"}],"twitter_card":"summary_large_image","twitter_site":"@critt_m2a","twitter_misc":{"Dur\u00e9e de lecture estim\u00e9e":"3 minutes"},"schema":{"@context":"https:\/\/schema.org","@graph":[{"@type":"WebPage","@id":"https:\/\/www.crittm2a.com\/fr\/lentreprise\/qui-sommes-nous\/","url":"https:\/\/www.crittm2a.com\/fr\/lentreprise\/qui-sommes-nous\/","name":"Qui sommes-nous ? Critt M2A CRITT M2A \u2013 Centre d\u2019essais et R&D en \u00e9lectromobilit\u00e9","isPartOf":{"@id":"https:\/\/www.crittm2a.com\/fr\/#website"},"primaryImageOfPage":{"@id":"https:\/\/www.crittm2a.com\/fr\/lentreprise\/qui-sommes-nous\/#primaryimage"},"image":{"@id":"https:\/\/www.crittm2a.com\/fr\/lentreprise\/qui-sommes-nous\/#primaryimage"},"thumbnailUrl":"https:\/\/www.crittm2a.com\/wp-content\/uploads\/2024\/06\/PHOTO-AERIENNE-CRITT2019-scaled.jpg","datePublished":"2020-01-30T12:35:13+00:00","dateModified":"2026-02-27T13:41:48+00:00","description":"Le CRITT M2A, centre de recherche ind\u00e9pendant est reconnu comme un leader dans les essais et la R&D dans le domaine de l\u2019\u00e9lectromobilit\u00e9.","breadcrumb":{"@id":"https:\/\/www.crittm2a.com\/fr\/lentreprise\/qui-sommes-nous\/#breadcrumb"},"inLanguage":"fr-FR","potentialAction":[{"@type":"ReadAction","target":["https:\/\/www.crittm2a.com\/fr\/lentreprise\/qui-sommes-nous\/"]}]},{"@type":"ImageObject","inLanguage":"fr-FR","@id":"https:\/\/www.crittm2a.com\/fr\/lentreprise\/qui-sommes-nous\/#primaryimage","url":"https:\/\/www.crittm2a.com\/wp-content\/uploads\/2024\/06\/PHOTO-AERIENNE-CRITT2019-scaled.jpg","contentUrl":"https:\/\/www.crittm2a.com\/wp-content\/uploads\/2024\/06\/PHOTO-AERIENNE-CRITT2019-scaled.jpg","width":2560,"height":1438},{"@type":"BreadcrumbList","@id":"https:\/\/www.crittm2a.com\/fr\/lentreprise\/qui-sommes-nous\/#breadcrumb","itemListElement":[{"@type":"ListItem","position":1,"name":"Accueil","item":"https:\/\/www.crittm2a.com\/fr\/"},{"@type":"ListItem","position":2,"name":"L&rsquo;entreprise","item":"https:\/\/www.crittm2a.com\/fr\/lentreprise\/"},{"@type":"ListItem","position":3,"name":"Qui sommes-nous ?"}]},{"@type":"WebSite","@id":"https:\/\/www.crittm2a.com\/fr\/#website","url":"https:\/\/www.crittm2a.com\/fr\/","name":"Critt M2A","description":"","publisher":{"@id":"https:\/\/www.crittm2a.com\/fr\/#organization"},"potentialAction":[{"@type":"SearchAction","target":{"@type":"EntryPoint","urlTemplate":"https:\/\/www.crittm2a.com\/fr\/?s={search_term_string}"},"query-input":{"@type":"PropertyValueSpecification","valueRequired":true,"valueName":"search_term_string"}}],"inLanguage":"fr-FR"},{"@type":"Organization","@id":"https:\/\/www.crittm2a.com\/fr\/#organization","name":"CrittM2A","url":"https:\/\/www.crittm2a.com\/fr\/","logo":{"@type":"ImageObject","inLanguage":"fr-FR","@id":"https:\/\/www.crittm2a.com\/fr\/#\/schema\/logo\/image\/","url":"https:\/\/www.crittm2a.com\/wp-content\/uploads\/2025\/09\/logotype-critt_signature-COULEUR.jpg","contentUrl":"https:\/\/www.crittm2a.com\/wp-content\/uploads\/2025\/09\/logotype-critt_signature-COULEUR.jpg","width":1476,"height":536,"caption":"CrittM2A"},"image":{"@id":"https:\/\/www.crittm2a.com\/fr\/#\/schema\/logo\/image\/"},"sameAs":["https:\/\/x.com\/critt_m2a","https:\/\/www.linkedin.com\/company\/sas-critt-m2a\/?viewAsMember=true"]}]}},"jetpack_sharing_enabled":true,"_links":{"self":[{"href":"https:\/\/www.crittm2a.com\/fr\/wp-json\/wp\/v2\/pages\/13","targetHints":{"allow":["GET"]}}],"collection":[{"href":"https:\/\/www.crittm2a.com\/fr\/wp-json\/wp\/v2\/pages"}],"about":[{"href":"https:\/\/www.crittm2a.com\/fr\/wp-json\/wp\/v2\/types\/page"}],"author":[{"embeddable":true,"href":"https:\/\/www.crittm2a.com\/fr\/wp-json\/wp\/v2\/users\/1"}],"replies":[{"embeddable":true,"href":"https:\/\/www.crittm2a.com\/fr\/wp-json\/wp\/v2\/comments?post=13"}],"version-history":[{"count":93,"href":"https:\/\/www.crittm2a.com\/fr\/wp-json\/wp\/v2\/pages\/13\/revisions"}],"predecessor-version":[{"id":5464,"href":"https:\/\/www.crittm2a.com\/fr\/wp-json\/wp\/v2\/pages\/13\/revisions\/5464"}],"up":[{"embeddable":true,"href":"https:\/\/www.crittm2a.com\/fr\/wp-json\/wp\/v2\/pages\/11"}],"wp:featuredmedia":[{"embeddable":true,"href":"https:\/\/www.crittm2a.com\/fr\/wp-json\/wp\/v2\/media\/4235"}],"wp:attachment":[{"href":"https:\/\/www.crittm2a.com\/fr\/wp-json\/wp\/v2\/media?parent=13"}],"curies":[{"name":"wp","href":"https:\/\/api.w.org\/{rel}","templated":true}]}}