{"id":114,"date":"2020-02-28T16:03:29","date_gmt":"2020-02-28T15:03:29","guid":{"rendered":"https:\/\/www.crittm2a.com\/?page_id=114"},"modified":"2024-06-14T14:55:33","modified_gmt":"2024-06-14T12:55:33","slug":"mecenat-louvre-lens","status":"publish","type":"page","link":"https:\/\/www.crittm2a.com\/fr\/lentreprise\/mecenat-louvre-lens\/","title":{"rendered":"M\u00e9c\u00e9nat Louvre-Lens"},"content":{"rendered":"<p>Au c\u0153ur du bassin minier, le mus\u00e9e du<strong> <a href=\"https:\/\/www.louvrelens.fr\/\" target=\"_blank\" rel=\"noopener\">Louvre-Lens<\/a><\/strong> a \u00e9t\u00e9 inaugur\u00e9 le 4 d\u00e9cembre 2012.<\/p>\n<p>Le <strong>CRITT M2A<\/strong> en est l&rsquo;un de ces m\u00e9c\u00e8nes.<\/p>\n<p>J\u00e9r\u00f4me Bodelle, PDG du <strong>CRITT M2A<\/strong> a souhait\u00e9 engager son entreprise aupr\u00e8s du <strong>Louvre-Lens<\/strong> en devenant acteur de cet \u00e9v\u00e8nement majeur que constitue l&rsquo;implantation dans notre r\u00e9gion d&rsquo;un haut lieu culturel de notori\u00e9t\u00e9 mondiale.<\/p>\n<p>Ce m\u00e9c\u00e9nat est l&rsquo;occasion pour le <strong>CRITT M2A<\/strong> de participer au d\u00e9veloppement de son territoire tout en b\u00e9n\u00e9ficiant d&rsquo;une forte visibilit\u00e9 aupr\u00e8s d&rsquo;une client\u00e8le nationale et internationale. Cela permet \u00e9galement au <strong>CRITT M2A<\/strong> d&rsquo;offrir un acc\u00e8s privil\u00e9gi\u00e9 au site culturel du Louvre Lens \u00e0 ses collaborateurs et partenaires.<\/p>\n","protected":false},"excerpt":{"rendered":"<p>Au c\u0153ur du bassin minier, le mus\u00e9e du Louvre-Lens a \u00e9t\u00e9 inaugur\u00e9 le 4 d\u00e9cembre 2012. Le CRITT M2A en [&hellip;]<\/p>\n","protected":false},"author":2,"featured_media":0,"parent":11,"menu_order":0,"comment_status":"closed","ping_status":"closed","template":"","meta":{"_acf_changed":false,"footnotes":""},"class_list":["post-114","page","type-page","status-publish","hentry"],"acf":[],"yoast_head":"<!-- This site is optimized with the Yoast SEO plugin v27.1.1 - https:\/\/yoast.com\/product\/yoast-seo-wordpress\/ -->\n<title>Critt M2A<\/title>\n<meta name=\"robots\" content=\"index, follow, max-snippet:-1, max-image-preview:large, max-video-preview:-1\" \/>\n<link rel=\"canonical\" href=\"https:\/\/www.crittm2a.com\/fr\/lentreprise\/mecenat-louvre-lens\/\" \/>\n<meta property=\"og:locale\" content=\"fr_FR\" \/>\n<meta property=\"og:type\" content=\"article\" \/>\n<meta property=\"og:title\" content=\"M\u00e9c\u00e9nat Louvre-Lens Critt M2A\" \/>\n<meta property=\"og:description\" content=\"Au c\u0153ur du bassin minier, le mus\u00e9e du Louvre-Lens a \u00e9t\u00e9 inaugur\u00e9 le 4 d\u00e9cembre 2012. Le CRITT M2A en [&hellip;]\" \/>\n<meta property=\"og:url\" content=\"https:\/\/www.crittm2a.com\/fr\/lentreprise\/mecenat-louvre-lens\/\" \/>\n<meta property=\"og:site_name\" content=\"Critt M2A\" \/>\n<meta property=\"article:modified_time\" content=\"2024-06-14T12:55:33+00:00\" \/>\n<meta name=\"twitter:card\" content=\"summary_large_image\" \/>\n<meta name=\"twitter:site\" content=\"@critt_m2a\" \/>\n<meta name=\"twitter:label1\" content=\"Dur\u00e9e de lecture estim\u00e9e\" \/>\n\t<meta name=\"twitter:data1\" content=\"1 minute\" \/>\n<script type=\"application\/ld+json\" class=\"yoast-schema-graph\">{\"@context\":\"https:\/\/schema.org\",\"@graph\":[{\"@type\":\"WebPage\",\"@id\":\"https:\/\/www.crittm2a.com\/fr\/lentreprise\/mecenat-louvre-lens\/\",\"url\":\"https:\/\/www.crittm2a.com\/fr\/lentreprise\/mecenat-louvre-lens\/\",\"name\":\"M\u00e9c\u00e9nat Louvre-Lens Critt M2A\",\"isPartOf\":{\"@id\":\"https:\/\/www.crittm2a.com\/fr\/#website\"},\"datePublished\":\"2020-02-28T15:03:29+00:00\",\"dateModified\":\"2024-06-14T12:55:33+00:00\",\"breadcrumb\":{\"@id\":\"https:\/\/www.crittm2a.com\/fr\/lentreprise\/mecenat-louvre-lens\/#breadcrumb\"},\"inLanguage\":\"fr-FR\",\"potentialAction\":[{\"@type\":\"ReadAction\",\"target\":[\"https:\/\/www.crittm2a.com\/fr\/lentreprise\/mecenat-louvre-lens\/\"]}]},{\"@type\":\"BreadcrumbList\",\"@id\":\"https:\/\/www.crittm2a.com\/fr\/lentreprise\/mecenat-louvre-lens\/#breadcrumb\",\"itemListElement\":[{\"@type\":\"ListItem\",\"position\":1,\"name\":\"Accueil\",\"item\":\"https:\/\/www.crittm2a.com\/fr\/\"},{\"@type\":\"ListItem\",\"position\":2,\"name\":\"L&rsquo;entreprise\",\"item\":\"https:\/\/www.crittm2a.com\/fr\/lentreprise\/\"},{\"@type\":\"ListItem\",\"position\":3,\"name\":\"M\u00e9c\u00e9nat Louvre-Lens\"}]},{\"@type\":\"WebSite\",\"@id\":\"https:\/\/www.crittm2a.com\/fr\/#website\",\"url\":\"https:\/\/www.crittm2a.com\/fr\/\",\"name\":\"Critt M2A\",\"description\":\"\",\"publisher\":{\"@id\":\"https:\/\/www.crittm2a.com\/fr\/#organization\"},\"potentialAction\":[{\"@type\":\"SearchAction\",\"target\":{\"@type\":\"EntryPoint\",\"urlTemplate\":\"https:\/\/www.crittm2a.com\/fr\/?s={search_term_string}\"},\"query-input\":{\"@type\":\"PropertyValueSpecification\",\"valueRequired\":true,\"valueName\":\"search_term_string\"}}],\"inLanguage\":\"fr-FR\"},{\"@type\":\"Organization\",\"@id\":\"https:\/\/www.crittm2a.com\/fr\/#organization\",\"name\":\"CrittM2A\",\"url\":\"https:\/\/www.crittm2a.com\/fr\/\",\"logo\":{\"@type\":\"ImageObject\",\"inLanguage\":\"fr-FR\",\"@id\":\"https:\/\/www.crittm2a.com\/fr\/#\/schema\/logo\/image\/\",\"url\":\"https:\/\/www.crittm2a.com\/wp-content\/uploads\/2025\/09\/logotype-critt_signature-COULEUR.jpg\",\"contentUrl\":\"https:\/\/www.crittm2a.com\/wp-content\/uploads\/2025\/09\/logotype-critt_signature-COULEUR.jpg\",\"width\":1476,\"height\":536,\"caption\":\"CrittM2A\"},\"image\":{\"@id\":\"https:\/\/www.crittm2a.com\/fr\/#\/schema\/logo\/image\/\"},\"sameAs\":[\"https:\/\/x.com\/critt_m2a\",\"https:\/\/www.linkedin.com\/company\/sas-critt-m2a\/?viewAsMember=true\"]}]}<\/script>\n<!-- \/ Yoast SEO plugin. -->","yoast_head_json":{"title":"Critt M2A","robots":{"index":"index","follow":"follow","max-snippet":"max-snippet:-1","max-image-preview":"max-image-preview:large","max-video-preview":"max-video-preview:-1"},"canonical":"https:\/\/www.crittm2a.com\/fr\/lentreprise\/mecenat-louvre-lens\/","og_locale":"fr_FR","og_type":"article","og_title":"M\u00e9c\u00e9nat Louvre-Lens Critt M2A","og_description":"Au c\u0153ur du bassin minier, le mus\u00e9e du Louvre-Lens a \u00e9t\u00e9 inaugur\u00e9 le 4 d\u00e9cembre 2012. Le CRITT M2A en [&hellip;]","og_url":"https:\/\/www.crittm2a.com\/fr\/lentreprise\/mecenat-louvre-lens\/","og_site_name":"Critt M2A","article_modified_time":"2024-06-14T12:55:33+00:00","twitter_card":"summary_large_image","twitter_site":"@critt_m2a","twitter_misc":{"Dur\u00e9e de lecture estim\u00e9e":"1 minute"},"schema":{"@context":"https:\/\/schema.org","@graph":[{"@type":"WebPage","@id":"https:\/\/www.crittm2a.com\/fr\/lentreprise\/mecenat-louvre-lens\/","url":"https:\/\/www.crittm2a.com\/fr\/lentreprise\/mecenat-louvre-lens\/","name":"M\u00e9c\u00e9nat Louvre-Lens Critt M2A","isPartOf":{"@id":"https:\/\/www.crittm2a.com\/fr\/#website"},"datePublished":"2020-02-28T15:03:29+00:00","dateModified":"2024-06-14T12:55:33+00:00","breadcrumb":{"@id":"https:\/\/www.crittm2a.com\/fr\/lentreprise\/mecenat-louvre-lens\/#breadcrumb"},"inLanguage":"fr-FR","potentialAction":[{"@type":"ReadAction","target":["https:\/\/www.crittm2a.com\/fr\/lentreprise\/mecenat-louvre-lens\/"]}]},{"@type":"BreadcrumbList","@id":"https:\/\/www.crittm2a.com\/fr\/lentreprise\/mecenat-louvre-lens\/#breadcrumb","itemListElement":[{"@type":"ListItem","position":1,"name":"Accueil","item":"https:\/\/www.crittm2a.com\/fr\/"},{"@type":"ListItem","position":2,"name":"L&rsquo;entreprise","item":"https:\/\/www.crittm2a.com\/fr\/lentreprise\/"},{"@type":"ListItem","position":3,"name":"M\u00e9c\u00e9nat Louvre-Lens"}]},{"@type":"WebSite","@id":"https:\/\/www.crittm2a.com\/fr\/#website","url":"https:\/\/www.crittm2a.com\/fr\/","name":"Critt M2A","description":"","publisher":{"@id":"https:\/\/www.crittm2a.com\/fr\/#organization"},"potentialAction":[{"@type":"SearchAction","target":{"@type":"EntryPoint","urlTemplate":"https:\/\/www.crittm2a.com\/fr\/?s={search_term_string}"},"query-input":{"@type":"PropertyValueSpecification","valueRequired":true,"valueName":"search_term_string"}}],"inLanguage":"fr-FR"},{"@type":"Organization","@id":"https:\/\/www.crittm2a.com\/fr\/#organization","name":"CrittM2A","url":"https:\/\/www.crittm2a.com\/fr\/","logo":{"@type":"ImageObject","inLanguage":"fr-FR","@id":"https:\/\/www.crittm2a.com\/fr\/#\/schema\/logo\/image\/","url":"https:\/\/www.crittm2a.com\/wp-content\/uploads\/2025\/09\/logotype-critt_signature-COULEUR.jpg","contentUrl":"https:\/\/www.crittm2a.com\/wp-content\/uploads\/2025\/09\/logotype-critt_signature-COULEUR.jpg","width":1476,"height":536,"caption":"CrittM2A"},"image":{"@id":"https:\/\/www.crittm2a.com\/fr\/#\/schema\/logo\/image\/"},"sameAs":["https:\/\/x.com\/critt_m2a","https:\/\/www.linkedin.com\/company\/sas-critt-m2a\/?viewAsMember=true"]}]}},"jetpack_sharing_enabled":true,"_links":{"self":[{"href":"https:\/\/www.crittm2a.com\/fr\/wp-json\/wp\/v2\/pages\/114","targetHints":{"allow":["GET"]}}],"collection":[{"href":"https:\/\/www.crittm2a.com\/fr\/wp-json\/wp\/v2\/pages"}],"about":[{"href":"https:\/\/www.crittm2a.com\/fr\/wp-json\/wp\/v2\/types\/page"}],"author":[{"embeddable":true,"href":"https:\/\/www.crittm2a.com\/fr\/wp-json\/wp\/v2\/users\/2"}],"replies":[{"embeddable":true,"href":"https:\/\/www.crittm2a.com\/fr\/wp-json\/wp\/v2\/comments?post=114"}],"version-history":[{"count":29,"href":"https:\/\/www.crittm2a.com\/fr\/wp-json\/wp\/v2\/pages\/114\/revisions"}],"predecessor-version":[{"id":4206,"href":"https:\/\/www.crittm2a.com\/fr\/wp-json\/wp\/v2\/pages\/114\/revisions\/4206"}],"up":[{"embeddable":true,"href":"https:\/\/www.crittm2a.com\/fr\/wp-json\/wp\/v2\/pages\/11"}],"wp:attachment":[{"href":"https:\/\/www.crittm2a.com\/fr\/wp-json\/wp\/v2\/media?parent=114"}],"curies":[{"name":"wp","href":"https:\/\/api.w.org\/{rel}","templated":true}]}}